{"id":993,"date":"2025-01-03T12:04:48","date_gmt":"2025-01-03T12:04:48","guid":{"rendered":"https:\/\/mhinteriores.pt\/loja\/?page_id=993"},"modified":"2025-01-03T12:15:06","modified_gmt":"2025-01-03T12:15:06","slug":"politica-de-cookies","status":"publish","type":"page","link":"https:\/\/mhinteriores.pt\/loja\/politica-de-cookies\/","title":{"rendered":"Pol\u00edtica de Cookies"},"content":{"rendered":"\t\t<div data-elementor-type=\"wp-page\" data-elementor-id=\"993\" class=\"elementor elementor-993\">\n\t\t\t\t<div class=\"elementor-element elementor-element-bc974a8 e-flex e-con-boxed e-con e-parent\" data-id=\"bc974a8\" data-element_type=\"container\" data-e-type=\"container\">\n\t\t\t\t\t<div class=\"e-con-inner\">\n\t\t\t\t<div class=\"elementor-element elementor-element-a0a72d3 elementor-widget elementor-widget-heading\" data-id=\"a0a72d3\" data-element_type=\"widget\" data-e-type=\"widget\" data-widget_type=\"heading.default\">\n\t\t\t\t<div class=\"elementor-widget-container\">\n\t\t\t\t\t<h4 class=\"elementor-heading-title elementor-size-default\">COOKIES<\/h4>\t\t\t\t<\/div>\n\t\t\t\t<\/div>\n\t\t\t\t<div class=\"elementor-element elementor-element-2762f7e elementor-widget elementor-widget-text-editor\" data-id=\"2762f7e\" data-element_type=\"widget\" data-e-type=\"widget\" data-widget_type=\"text-editor.default\">\n\t\t\t\t<div class=\"elementor-widget-container\">\n\t\t\t\t\t\t\t\t\t<p><span style=\"font-weight: 400;\">Cookies s\u00e3o arquivos que podem ser descarregados para o seu computador atrav\u00e9s de P\u00e1ginas Web.<\/span><\/p>\t\t\t\t\t\t\t\t<\/div>\n\t\t\t\t<\/div>\n\t\t\t\t<div class=\"elementor-element elementor-element-25610a7 elementor-widget elementor-widget-text-editor\" data-id=\"25610a7\" data-element_type=\"widget\" data-e-type=\"widget\" data-widget_type=\"text-editor.default\">\n\t\t\t\t<div class=\"elementor-widget-container\">\n\t\t\t\t\t\t\t\t\t<p><span style=\"font-weight: 400;\">S\u00e3o ferramentas que s\u00e3o essenciais para a presta\u00e7\u00e3o de muitos servi\u00e7os no papel da sociedade da informa\u00e7\u00e3o. Entre outras coisas, permitir que um site possa armazenar e recuperar informa\u00e7\u00f5es sobre os h\u00e1bitos de navega\u00e7\u00e3o de um utilizador ou computador. Dependendo da informa\u00e7\u00e3o obtida, usa-se para reconhecer e melhorar o servi\u00e7o prestado.\u00a0<\/span><\/p>\t\t\t\t\t\t\t\t<\/div>\n\t\t\t\t<\/div>\n\t\t\t\t\t<\/div>\n\t\t\t\t<\/div>\n\t\t<div class=\"elementor-element elementor-element-804ba5b e-flex e-con-boxed e-con e-parent\" data-id=\"804ba5b\" data-element_type=\"container\" data-e-type=\"container\">\n\t\t\t\t\t<div class=\"e-con-inner\">\n\t\t\t\t<div class=\"elementor-element elementor-element-5de9a97 elementor-widget elementor-widget-spacer\" data-id=\"5de9a97\" data-element_type=\"widget\" data-e-type=\"widget\" data-widget_type=\"spacer.default\">\n\t\t\t\t<div class=\"elementor-widget-container\">\n\t\t\t\t\t\t\t<div class=\"elementor-spacer\">\n\t\t\t<div class=\"elementor-spacer-inner\"><\/div>\n\t\t<\/div>\n\t\t\t\t\t\t<\/div>\n\t\t\t\t<\/div>\n\t\t\t\t\t<\/div>\n\t\t\t\t<\/div>\n\t\t<div class=\"elementor-element elementor-element-057da91 e-flex e-con-boxed e-con e-parent\" data-id=\"057da91\" data-element_type=\"container\" data-e-type=\"container\">\n\t\t\t\t\t<div class=\"e-con-inner\">\n\t\t\t\t<div class=\"elementor-element elementor-element-a5e5951 elementor-widget elementor-widget-heading\" data-id=\"a5e5951\" data-element_type=\"widget\" data-e-type=\"widget\" data-widget_type=\"heading.default\">\n\t\t\t\t<div class=\"elementor-widget-container\">\n\t\t\t\t\t<h4 class=\"elementor-heading-title elementor-size-default\">TIPOS DE COOKIES<\/h4>\t\t\t\t<\/div>\n\t\t\t\t<\/div>\n\t\t\t\t<div class=\"elementor-element elementor-element-59992ff elementor-widget elementor-widget-text-editor\" data-id=\"59992ff\" data-element_type=\"widget\" data-e-type=\"widget\" data-widget_type=\"text-editor.default\">\n\t\t\t\t<div class=\"elementor-widget-container\">\n\t\t\t\t\t\t\t\t\t<p><span style=\"font-weight: 400;\">Dependendo de quem \u00e9 a entidade que gere o dom\u00ednio do qual os cookies s\u00e3o enviados, existem dois tipos: as cookies pr\u00f3prias e as cookies de terceiros.<\/span><\/p>\t\t\t\t\t\t\t\t<\/div>\n\t\t\t\t<\/div>\n\t\t\t\t<div class=\"elementor-element elementor-element-061c9df elementor-widget elementor-widget-text-editor\" data-id=\"061c9df\" data-element_type=\"widget\" data-e-type=\"widget\" data-widget_type=\"text-editor.default\">\n\t\t\t\t<div class=\"elementor-widget-container\">\n\t\t\t\t\t\t\t\t\t<p><span style=\"font-weight: 400;\">Existe ainda tamb\u00e9m uma segunda classifica\u00e7\u00e3o de acordo com o per\u00edodo de tempo que eles permanecem armazenados no navegador do cliente. Pode ser de cookies de sess\u00e3o ou cookies persistentes.<\/span><\/p>\t\t\t\t\t\t\t\t<\/div>\n\t\t\t\t<\/div>\n\t\t\t\t<div class=\"elementor-element elementor-element-9d3b6f7 elementor-widget elementor-widget-text-editor\" data-id=\"9d3b6f7\" data-element_type=\"widget\" data-e-type=\"widget\" data-widget_type=\"text-editor.default\">\n\t\t\t\t<div class=\"elementor-widget-container\">\n\t\t\t\t\t\t\t\t\t<p><span style=\"font-weight: 400;\">Finalmente, h\u00e1 uma outra classifica\u00e7\u00e3o de cinco tipos de cookies de acordo com a finalidade para a qual os dados s\u00e3o processados: cookies t\u00e9cnicas de personaliza\u00e7\u00e3o, an\u00e1lise cookies, cookies para publicidade comportamental.<\/span><\/p>\t\t\t\t\t\t\t\t<\/div>\n\t\t\t\t<\/div>\n\t\t\t\t\t<\/div>\n\t\t\t\t<\/div>\n\t\t<div class=\"elementor-element elementor-element-70069f0 e-flex e-con-boxed e-con e-parent\" data-id=\"70069f0\" data-element_type=\"container\" data-e-type=\"container\">\n\t\t\t\t\t<div class=\"e-con-inner\">\n\t\t\t\t<div class=\"elementor-element elementor-element-0bf28a2 elementor-widget elementor-widget-spacer\" data-id=\"0bf28a2\" data-element_type=\"widget\" data-e-type=\"widget\" data-widget_type=\"spacer.default\">\n\t\t\t\t<div class=\"elementor-widget-container\">\n\t\t\t\t\t\t\t<div class=\"elementor-spacer\">\n\t\t\t<div class=\"elementor-spacer-inner\"><\/div>\n\t\t<\/div>\n\t\t\t\t\t\t<\/div>\n\t\t\t\t<\/div>\n\t\t\t\t\t<\/div>\n\t\t\t\t<\/div>\n\t\t<div class=\"elementor-element elementor-element-2c5d6d2 e-flex e-con-boxed e-con e-parent\" data-id=\"2c5d6d2\" data-element_type=\"container\" data-e-type=\"container\">\n\t\t\t\t\t<div class=\"e-con-inner\">\n\t\t\t\t<div class=\"elementor-element elementor-element-ce84cd4 elementor-widget elementor-widget-heading\" data-id=\"ce84cd4\" data-element_type=\"widget\" data-e-type=\"widget\" data-widget_type=\"heading.default\">\n\t\t\t\t<div class=\"elementor-widget-container\">\n\t\t\t\t\t<h4 class=\"elementor-heading-title elementor-size-default\">COOKIES UTILIZADAS NA WEB\n<\/h4>\t\t\t\t<\/div>\n\t\t\t\t<\/div>\n\t\t\t\t<div class=\"elementor-element elementor-element-debe7c7 elementor-widget elementor-widget-text-editor\" data-id=\"debe7c7\" data-element_type=\"widget\" data-e-type=\"widget\" data-widget_type=\"text-editor.default\">\n\t\t\t\t<div class=\"elementor-widget-container\">\n\t\t\t\t\t\t\t\t\t<p><span style=\"font-weight: 400;\">O site usa o Google Analytics, um servi\u00e7o de an\u00e1lise da Web desenvolvido pela Google, que permite a medi\u00e7\u00e3o e an\u00e1lise de navega\u00e7\u00e3o em sites. De acordo com a tipologia acima este possui os seus pr\u00f3prios cookies. Poder\u00e1 encontrar mais informa\u00e7\u00f5es e desabilitar o uso destes cookies em www.google.com \/ intl \/ en \/ analytics \/ privacyoverview.html. Esses cookies podem identificar-se como: Cookies: utma __, __ UTMB, __ utmc, __ utmz<\/span><\/p>\t\t\t\t\t\t\t\t<\/div>\n\t\t\t\t<\/div>\n\t\t\t\t<div class=\"elementor-element elementor-element-99a0371 elementor-widget elementor-widget-text-editor\" data-id=\"99a0371\" data-element_type=\"widget\" data-e-type=\"widget\" data-widget_type=\"text-editor.default\">\n\t\t\t\t<div class=\"elementor-widget-container\">\n\t\t\t\t\t\t\t\t\t<p><span style=\"font-weight: 400;\">Atrav\u00e9s de an\u00e1lise da web n\u00e3o h\u00e1 informa\u00e7\u00f5es sobre os seus dados pessoais. Est\u00e1 garantida a prote\u00e7\u00e3o da privacidade das pessoas que navegam na web. A informa\u00e7\u00e3o obtida \u00e9 relativa ao n\u00famero de utilizadores que acedem ao website, o n\u00famero de p\u00e1ginas vistas, e frequ\u00eancia de repeti\u00e7\u00e3o das visitas, a dura\u00e7\u00e3o, o browser utilizado, o operador que presta o servi\u00e7o, a l\u00edngua, usando o terminal ou a cidade para a qual se atribui o endere\u00e7o IP. Esta informa\u00e7\u00e3o permite que um servi\u00e7o seja melhor e mais apropriado. As informa\u00e7\u00f5es armazenam-se automaticamente nos servidores da Google (ao qual n\u00e3o temos acesso).<\/span><\/p>\t\t\t\t\t\t\t\t<\/div>\n\t\t\t\t<\/div>\n\t\t\t\t<div class=\"elementor-element elementor-element-a097fdc elementor-widget elementor-widget-text-editor\" data-id=\"a097fdc\" data-element_type=\"widget\" data-e-type=\"widget\" data-widget_type=\"text-editor.default\">\n\t\t\t\t<div class=\"elementor-widget-container\">\n\t\t\t\t\t\t\t\t\t<p><span style=\"font-weight: 400;\">Outras cookies chamam-se 32 caracteres aleat\u00f3rios t\u00e9cnicos necess\u00e1rios para a navega\u00e7\u00e3o adequada pelas sec\u00e7\u00f5es deste Portal. \u00c9 absolutamente necess\u00e1rio e inerente \u00e0 plataforma e entre uma de suas muitas fun\u00e7\u00f5es, permite escrever ao utilizador para adicionar itens ao carrinho.<\/span><\/p>\t\t\t\t\t\t\t\t<\/div>\n\t\t\t\t<\/div>\n\t\t\t\t\t<\/div>\n\t\t\t\t<\/div>\n\t\t<div class=\"elementor-element elementor-element-32623f8 e-flex e-con-boxed e-con e-parent\" data-id=\"32623f8\" data-element_type=\"container\" data-e-type=\"container\">\n\t\t\t\t\t<div class=\"e-con-inner\">\n\t\t\t\t<div class=\"elementor-element elementor-element-7cdf9f1 elementor-widget elementor-widget-spacer\" data-id=\"7cdf9f1\" data-element_type=\"widget\" data-e-type=\"widget\" data-widget_type=\"spacer.default\">\n\t\t\t\t<div class=\"elementor-widget-container\">\n\t\t\t\t\t\t\t<div class=\"elementor-spacer\">\n\t\t\t<div class=\"elementor-spacer-inner\"><\/div>\n\t\t<\/div>\n\t\t\t\t\t\t<\/div>\n\t\t\t\t<\/div>\n\t\t\t\t\t<\/div>\n\t\t\t\t<\/div>\n\t\t<div class=\"elementor-element elementor-element-d547878 e-flex e-con-boxed e-con e-parent\" data-id=\"d547878\" data-element_type=\"container\" data-e-type=\"container\">\n\t\t\t\t\t<div class=\"e-con-inner\">\n\t\t\t\t<div class=\"elementor-element elementor-element-2248469 elementor-widget elementor-widget-heading\" data-id=\"2248469\" data-element_type=\"widget\" data-e-type=\"widget\" data-widget_type=\"heading.default\">\n\t\t\t\t<div class=\"elementor-widget-container\">\n\t\t\t\t\t<h4 class=\"elementor-heading-title elementor-size-default\">ACEITA\u00c7\u00c3O DE COOKIES\n<\/h4>\t\t\t\t<\/div>\n\t\t\t\t<\/div>\n\t\t\t\t<div class=\"elementor-element elementor-element-2fd005b elementor-widget elementor-widget-text-editor\" data-id=\"2fd005b\" data-element_type=\"widget\" data-e-type=\"widget\" data-widget_type=\"text-editor.default\">\n\t\t\t\t<div class=\"elementor-widget-container\">\n\t\t\t\t\t\t\t\t\t<p><span style=\"font-weight: 400;\">O website, a fim de cumprir com a legisla\u00e7\u00e3o, mostra as informa\u00e7\u00f5es relativas \u00e0 Pol\u00edtica de Cookies presente na parte inferior de qualquer sec\u00e7\u00e3o da P\u00e1gina Web.<\/span><\/p>\t\t\t\t\t\t\t\t<\/div>\n\t\t\t\t<\/div>\n\t\t\t\t<div class=\"elementor-element elementor-element-4992728 elementor-widget elementor-widget-text-editor\" data-id=\"4992728\" data-element_type=\"widget\" data-e-type=\"widget\" data-widget_type=\"text-editor.default\">\n\t\t\t\t<div class=\"elementor-widget-container\">\n\t\t\t\t\t\t\t\t\t<p><span style=\"font-weight: 400;\">Ap\u00f3s isto \u00e9 poss\u00edvel levar a cabo a seguinte a\u00e7\u00e3o:<\/span><\/p>\t\t\t\t\t\t\t\t<\/div>\n\t\t\t\t<\/div>\n\t\t\t\t<div class=\"elementor-element elementor-element-371280a elementor-widget elementor-widget-text-editor\" data-id=\"371280a\" data-element_type=\"widget\" data-e-type=\"widget\" data-widget_type=\"text-editor.default\">\n\t\t\t\t<div class=\"elementor-widget-container\">\n\t\t\t\t\t\t\t\t\t<p><span style=\"font-weight: 400;\">Ao prosseguir, est\u00e1 a declarar aceitar todos os cookies do site Loja climatiza. N\u00e3o voltar\u00e1 a ver este aviso ao aceder a qualquer P\u00e1gina Web durante a presente sess\u00e3o.<\/span><\/p>\t\t\t\t\t\t\t\t<\/div>\n\t\t\t\t<\/div>\n\t\t\t\t\t<\/div>\n\t\t\t\t<\/div>\n\t\t<div class=\"elementor-element elementor-element-14324f8 e-flex e-con-boxed e-con e-parent\" data-id=\"14324f8\" data-element_type=\"container\" data-e-type=\"container\">\n\t\t\t\t\t<div class=\"e-con-inner\">\n\t\t\t\t<div class=\"elementor-element elementor-element-657f040 elementor-widget elementor-widget-spacer\" data-id=\"657f040\" data-element_type=\"widget\" data-e-type=\"widget\" data-widget_type=\"spacer.default\">\n\t\t\t\t<div class=\"elementor-widget-container\">\n\t\t\t\t\t\t\t<div class=\"elementor-spacer\">\n\t\t\t<div class=\"elementor-spacer-inner\"><\/div>\n\t\t<\/div>\n\t\t\t\t\t\t<\/div>\n\t\t\t\t<\/div>\n\t\t\t\t\t<\/div>\n\t\t\t\t<\/div>\n\t\t<div class=\"elementor-element elementor-element-e49dc9d e-flex e-con-boxed e-con e-parent\" data-id=\"e49dc9d\" data-element_type=\"container\" data-e-type=\"container\">\n\t\t\t\t\t<div class=\"e-con-inner\">\n\t\t\t\t<div class=\"elementor-element elementor-element-885112c elementor-widget elementor-widget-heading\" data-id=\"885112c\" data-element_type=\"widget\" data-e-type=\"widget\" data-widget_type=\"heading.default\">\n\t\t\t\t<div class=\"elementor-widget-container\">\n\t\t\t\t\t<h4 class=\"elementor-heading-title elementor-size-default\">MODIFICAR AS CONFIGURA\u00c7\u00d5ES DE COOKIES\n<\/h4>\t\t\t\t<\/div>\n\t\t\t\t<\/div>\n\t\t\t\t<div class=\"elementor-element elementor-element-6532a61 elementor-widget elementor-widget-text-editor\" data-id=\"6532a61\" data-element_type=\"widget\" data-e-type=\"widget\" data-widget_type=\"text-editor.default\">\n\t\t\t\t<div class=\"elementor-widget-container\">\n\t\t\t\t\t\t\t\t\t<p><span style=\"font-weight: 400;\">O <a href=\"https:\/\/mhinteriores.pt\/loja\/\">utilizador<\/a> poder\u00e1 permitir, bloquear ou eliminar as cookies instaladas no seu computador em qualquer momento, atrav\u00e9s da configura\u00e7\u00e3o dos par\u00e2metros de privacidade do browser que tenha instalado no seu dispositivo. Estes procedimentos est\u00e3o sujeitos a atualiza\u00e7\u00f5es ou modifica\u00e7\u00f5es por parte dos respons\u00e1veis pelo design dos browsers, pelo que n\u00e3o podemos garantir que se ajustem completamente \u00e0 \u00faltima vers\u00e3o dispon\u00edvel em cada momento.<\/span><\/p>\t\t\t\t\t\t\t\t<\/div>\n\t\t\t\t<\/div>\n\t\t\t\t<div class=\"elementor-element elementor-element-885874c elementor-widget elementor-widget-text-editor\" data-id=\"885874c\" data-element_type=\"widget\" data-e-type=\"widget\" data-widget_type=\"text-editor.default\">\n\t\t\t\t<div class=\"elementor-widget-container\">\n\t\t\t\t\t\t\t\t\t<p><span style=\"font-weight: 400;\">A seguir disponibilizamos ao utilizador links onde pode encontrar informa\u00e7\u00e3o sobre como configurar as suas prefer\u00eancias de cookies nos principais browsers: Internet Explorer, bem como, Internet Explorer 9, Firefox, Chrome, Safari, Opera, Android, Windows phone, Blackberry.<\/span><\/p>\t\t\t\t\t\t\t\t<\/div>\n\t\t\t\t<\/div>\n\t\t\t\t<div class=\"elementor-element elementor-element-a79a449 elementor-widget elementor-widget-text-editor\" data-id=\"a79a449\" data-element_type=\"widget\" data-e-type=\"widget\" data-widget_type=\"text-editor.default\">\n\t\t\t\t<div class=\"elementor-widget-container\">\n\t\t\t\t\t\t\t\t\t<p><span style=\"font-weight: 400;\">Nesse sentido, no caso de o utilizador decidir desativar todas as cookies, a qualidade e rapidez do servi\u00e7o poder\u00e1 diminuir e, at\u00e9 mesmo, perder o acesso a alguns dos servi\u00e7os ou sec\u00e7\u00f5es disponibilizadas no <a href=\"http:\/\/mhinteriores.pt\">Site<\/a>.<\/span><\/p>\t\t\t\t\t\t\t\t<\/div>\n\t\t\t\t<\/div>\n\t\t\t\t<div class=\"elementor-element elementor-element-4a2bb10 elementor-widget elementor-widget-text-editor\" data-id=\"4a2bb10\" data-element_type=\"widget\" data-e-type=\"widget\" data-widget_type=\"text-editor.default\">\n\t\t\t\t<div class=\"elementor-widget-container\">\n\t\t\t\t\t\t\t\t\t<p><span style=\"font-weight: 400;\">Pode encontrar mais informa\u00e7\u00e3o sobre cookies em: www.allaboutcookies.org ouwww.youronlinechoices.eu<\/span><\/p>\t\t\t\t\t\t\t\t<\/div>\n\t\t\t\t<\/div>\n\t\t\t\t\t<\/div>\n\t\t\t\t<\/div>\n\t\t\t\t<\/div>\n\t\t","protected":false},"excerpt":{"rendered":"<p>COOKIES Cookies s\u00e3o arquivos que podem ser descarregados para o seu computador atrav\u00e9s de P\u00e1ginas Web. S\u00e3o ferramentas que s\u00e3o essenciais para a presta\u00e7\u00e3o de muitos servi\u00e7os no papel da<\/p>\n","protected":false},"author":1,"featured_media":0,"parent":0,"menu_order":0,"comment_status":"closed","ping_status":"closed","template":"","meta":{"footnotes":""},"class_list":["post-993","page","type-page","status-publish","hentry"],"yoast_head":"<!-- This site is optimized with the Yoast SEO Premium plugin v24.0 (Yoast SEO v27.4) - https:\/\/yoast.com\/product\/yoast-seo-premium-wordpress\/ -->\n<title>Pol\u00edtica de Cookies - Loja Decora&ccedil;&atilde;o de Interiores<\/title>\n<meta name=\"description\" content=\"Compra na Mhinteriores.pt: decora\u00e7\u00e3o, ilumina\u00e7\u00e3o, t\u00eaxteis, entre outros aos melhores pre\u00e7os. Pol\u00edtica de cookies.\" \/>\n<meta name=\"robots\" content=\"index, follow, max-snippet:-1, max-image-preview:large, max-video-preview:-1\" \/>\n<link rel=\"canonical\" href=\"https:\/\/mhinteriores.pt\/loja\/politica-de-cookies\/\" \/>\n<meta property=\"og:locale\" content=\"pt_PT\" \/>\n<meta property=\"og:type\" content=\"article\" \/>\n<meta property=\"og:title\" content=\"Pol\u00edtica de Cookies\" \/>\n<meta property=\"og:description\" content=\"Compra na Mhinteriores.pt: decora\u00e7\u00e3o, ilumina\u00e7\u00e3o, t\u00eaxteis, entre outros aos melhores pre\u00e7os. Pol\u00edtica de cookies.\" \/>\n<meta property=\"og:url\" content=\"https:\/\/mhinteriores.pt\/loja\/politica-de-cookies\/\" \/>\n<meta property=\"og:site_name\" content=\"Loja Decora&ccedil;&atilde;o de Interiores\" \/>\n<meta property=\"article:modified_time\" content=\"2025-01-03T12:15:06+00:00\" \/>\n<meta name=\"twitter:card\" content=\"summary_large_image\" \/>\n<meta name=\"twitter:label1\" content=\"Tempo estimado de leitura\" \/>\n\t<meta name=\"twitter:data1\" content=\"4 minutos\" \/>\n<script type=\"application\/ld+json\" class=\"yoast-schema-graph\">{\"@context\":\"https:\\\/\\\/schema.org\",\"@graph\":[{\"@type\":\"WebPage\",\"@id\":\"https:\\\/\\\/mhinteriores.pt\\\/loja\\\/politica-de-cookies\\\/\",\"url\":\"https:\\\/\\\/mhinteriores.pt\\\/loja\\\/politica-de-cookies\\\/\",\"name\":\"Pol\u00edtica de Cookies - Loja Decora&ccedil;&atilde;o de Interiores\",\"isPartOf\":{\"@id\":\"https:\\\/\\\/mhinteriores.pt\\\/loja\\\/#website\"},\"datePublished\":\"2025-01-03T12:04:48+00:00\",\"dateModified\":\"2025-01-03T12:15:06+00:00\",\"description\":\"Compra na Mhinteriores.pt: decora\u00e7\u00e3o, ilumina\u00e7\u00e3o, t\u00eaxteis, entre outros aos melhores pre\u00e7os. Pol\u00edtica de cookies.\",\"breadcrumb\":{\"@id\":\"https:\\\/\\\/mhinteriores.pt\\\/loja\\\/politica-de-cookies\\\/#breadcrumb\"},\"inLanguage\":\"pt-PT\",\"potentialAction\":[{\"@type\":\"ReadAction\",\"target\":[\"https:\\\/\\\/mhinteriores.pt\\\/loja\\\/politica-de-cookies\\\/\"]}]},{\"@type\":\"BreadcrumbList\",\"@id\":\"https:\\\/\\\/mhinteriores.pt\\\/loja\\\/politica-de-cookies\\\/#breadcrumb\",\"itemListElement\":[{\"@type\":\"ListItem\",\"position\":1,\"name\":\"In\u00edcio\",\"item\":\"https:\\\/\\\/mhinteriores.pt\\\/loja\\\/\"},{\"@type\":\"ListItem\",\"position\":2,\"name\":\"Pol\u00edtica de Cookies\"}]},{\"@type\":\"WebSite\",\"@id\":\"https:\\\/\\\/mhinteriores.pt\\\/loja\\\/#website\",\"url\":\"https:\\\/\\\/mhinteriores.pt\\\/loja\\\/\",\"name\":\"Loja de Decora\u00e7\u00e3o - MH Interiores\",\"description\":\"MH Interiores\",\"publisher\":{\"@id\":\"https:\\\/\\\/mhinteriores.pt\\\/loja\\\/#organization\"},\"potentialAction\":[{\"@type\":\"SearchAction\",\"target\":{\"@type\":\"EntryPoint\",\"urlTemplate\":\"https:\\\/\\\/mhinteriores.pt\\\/loja\\\/?s={search_term_string}\"},\"query-input\":{\"@type\":\"PropertyValueSpecification\",\"valueRequired\":true,\"valueName\":\"search_term_string\"}}],\"inLanguage\":\"pt-PT\"},{\"@type\":\"Organization\",\"@id\":\"https:\\\/\\\/mhinteriores.pt\\\/loja\\\/#organization\",\"name\":\"Loja de Decora\u00e7\u00e3o - MH Interiores\",\"url\":\"https:\\\/\\\/mhinteriores.pt\\\/loja\\\/\",\"logo\":{\"@type\":\"ImageObject\",\"inLanguage\":\"pt-PT\",\"@id\":\"https:\\\/\\\/mhinteriores.pt\\\/loja\\\/#\\\/schema\\\/logo\\\/image\\\/\",\"url\":\"https:\\\/\\\/mhinteriores.pt\\\/loja\\\/wp-content\\\/uploads\\\/2024\\\/12\\\/cropped-MH-Interiores.png\",\"contentUrl\":\"https:\\\/\\\/mhinteriores.pt\\\/loja\\\/wp-content\\\/uploads\\\/2024\\\/12\\\/cropped-MH-Interiores.png\",\"width\":512,\"height\":512,\"caption\":\"Loja de Decora\u00e7\u00e3o - MH Interiores\"},\"image\":{\"@id\":\"https:\\\/\\\/mhinteriores.pt\\\/loja\\\/#\\\/schema\\\/logo\\\/image\\\/\"}}]}<\/script>\n<!-- \/ Yoast SEO Premium plugin. -->","yoast_head_json":{"title":"Pol\u00edtica de Cookies - Loja Decora&ccedil;&atilde;o de Interiores","description":"Compra na Mhinteriores.pt: decora\u00e7\u00e3o, ilumina\u00e7\u00e3o, t\u00eaxteis, entre outros aos melhores pre\u00e7os. Pol\u00edtica de cookies.","robots":{"index":"index","follow":"follow","max-snippet":"max-snippet:-1","max-image-preview":"max-image-preview:large","max-video-preview":"max-video-preview:-1"},"canonical":"https:\/\/mhinteriores.pt\/loja\/politica-de-cookies\/","og_locale":"pt_PT","og_type":"article","og_title":"Pol\u00edtica de Cookies","og_description":"Compra na Mhinteriores.pt: decora\u00e7\u00e3o, ilumina\u00e7\u00e3o, t\u00eaxteis, entre outros aos melhores pre\u00e7os. Pol\u00edtica de cookies.","og_url":"https:\/\/mhinteriores.pt\/loja\/politica-de-cookies\/","og_site_name":"Loja Decora&ccedil;&atilde;o de Interiores","article_modified_time":"2025-01-03T12:15:06+00:00","twitter_card":"summary_large_image","twitter_misc":{"Tempo estimado de leitura":"4 minutos"},"schema":{"@context":"https:\/\/schema.org","@graph":[{"@type":"WebPage","@id":"https:\/\/mhinteriores.pt\/loja\/politica-de-cookies\/","url":"https:\/\/mhinteriores.pt\/loja\/politica-de-cookies\/","name":"Pol\u00edtica de Cookies - Loja Decora&ccedil;&atilde;o de Interiores","isPartOf":{"@id":"https:\/\/mhinteriores.pt\/loja\/#website"},"datePublished":"2025-01-03T12:04:48+00:00","dateModified":"2025-01-03T12:15:06+00:00","description":"Compra na Mhinteriores.pt: decora\u00e7\u00e3o, ilumina\u00e7\u00e3o, t\u00eaxteis, entre outros aos melhores pre\u00e7os. Pol\u00edtica de cookies.","breadcrumb":{"@id":"https:\/\/mhinteriores.pt\/loja\/politica-de-cookies\/#breadcrumb"},"inLanguage":"pt-PT","potentialAction":[{"@type":"ReadAction","target":["https:\/\/mhinteriores.pt\/loja\/politica-de-cookies\/"]}]},{"@type":"BreadcrumbList","@id":"https:\/\/mhinteriores.pt\/loja\/politica-de-cookies\/#breadcrumb","itemListElement":[{"@type":"ListItem","position":1,"name":"In\u00edcio","item":"https:\/\/mhinteriores.pt\/loja\/"},{"@type":"ListItem","position":2,"name":"Pol\u00edtica de Cookies"}]},{"@type":"WebSite","@id":"https:\/\/mhinteriores.pt\/loja\/#website","url":"https:\/\/mhinteriores.pt\/loja\/","name":"Loja de Decora\u00e7\u00e3o - MH Interiores","description":"MH Interiores","publisher":{"@id":"https:\/\/mhinteriores.pt\/loja\/#organization"},"potentialAction":[{"@type":"SearchAction","target":{"@type":"EntryPoint","urlTemplate":"https:\/\/mhinteriores.pt\/loja\/?s={search_term_string}"},"query-input":{"@type":"PropertyValueSpecification","valueRequired":true,"valueName":"search_term_string"}}],"inLanguage":"pt-PT"},{"@type":"Organization","@id":"https:\/\/mhinteriores.pt\/loja\/#organization","name":"Loja de Decora\u00e7\u00e3o - MH Interiores","url":"https:\/\/mhinteriores.pt\/loja\/","logo":{"@type":"ImageObject","inLanguage":"pt-PT","@id":"https:\/\/mhinteriores.pt\/loja\/#\/schema\/logo\/image\/","url":"https:\/\/mhinteriores.pt\/loja\/wp-content\/uploads\/2024\/12\/cropped-MH-Interiores.png","contentUrl":"https:\/\/mhinteriores.pt\/loja\/wp-content\/uploads\/2024\/12\/cropped-MH-Interiores.png","width":512,"height":512,"caption":"Loja de Decora\u00e7\u00e3o - MH Interiores"},"image":{"@id":"https:\/\/mhinteriores.pt\/loja\/#\/schema\/logo\/image\/"}}]}},"_links":{"self":[{"href":"https:\/\/mhinteriores.pt\/loja\/wp-json\/wp\/v2\/pages\/993","targetHints":{"allow":["GET"]}}],"collection":[{"href":"https:\/\/mhinteriores.pt\/loja\/wp-json\/wp\/v2\/pages"}],"about":[{"href":"https:\/\/mhinteriores.pt\/loja\/wp-json\/wp\/v2\/types\/page"}],"author":[{"embeddable":true,"href":"https:\/\/mhinteriores.pt\/loja\/wp-json\/wp\/v2\/users\/1"}],"replies":[{"embeddable":true,"href":"https:\/\/mhinteriores.pt\/loja\/wp-json\/wp\/v2\/comments?post=993"}],"version-history":[{"count":4,"href":"https:\/\/mhinteriores.pt\/loja\/wp-json\/wp\/v2\/pages\/993\/revisions"}],"predecessor-version":[{"id":997,"href":"https:\/\/mhinteriores.pt\/loja\/wp-json\/wp\/v2\/pages\/993\/revisions\/997"}],"wp:attachment":[{"href":"https:\/\/mhinteriores.pt\/loja\/wp-json\/wp\/v2\/media?parent=993"}],"curies":[{"name":"wp","href":"https:\/\/api.w.org\/{rel}","templated":true}]}}