{"id":2091,"date":"2025-04-09T16:21:26","date_gmt":"2025-04-09T16:21:26","guid":{"rendered":"https:\/\/mhinteriores.pt\/loja\/?post_type=product&#038;p=2091"},"modified":"2025-04-14T09:58:05","modified_gmt":"2025-04-14T09:58:05","slug":"guarda-sol-ocean-master-classic-retangulo-mh-interiores","status":"publish","type":"product","link":"https:\/\/mhinteriores.pt\/loja\/produto\/guarda-sol-ocean-master-classic-retangulo-mh-interiores\/","title":{"rendered":"Guarda-Sol Ocean Master Classic Ret\u00e2ngulo &#8211; MH Interiores"},"content":{"rendered":"<p>O Guarda-Sol Ocean Master da Tuuci \u00e9 uma pe\u00e7a de destaque, projetada para atender a todas as necessidades de sombra em ambientes externos de grande porte. Design e engenharia se unem para produzir um perfil elegante com constru\u00e7\u00e3o robusta, criado para suportar ventos fortes de at\u00e9 72 km\/h e rajadas de at\u00e9 120 km\/h. A resist\u00eancia, a durabilidade e o design pr\u00e1tico permitem uma vida \u00fatil prolongada, reduzindo o impacto ambiental do produto.<\/p>\n<h4><span class=\"title\">For\u00e7a Profunda e Beleza Reservada<\/span><\/h4>\n<div class=\"description\">\n<p>O Guarda-Sol Ocean Master apresenta o mais recente design de cubo de vis\u00e3o da Tuuci, constru\u00eddo em a\u00e7o inoxid\u00e1vel de grau mar\u00edtimo, que maximiza a durabilidade, mantendo um design elegante e funcional. O mastro de 5,25&#8243; possui uma extrus\u00e3o de alum\u00ednio de quatro canais que amplifica sua resist\u00eancia, criando a capacidade de suportar as condi\u00e7\u00f5es ambientais mais adversas..<\/p>\n<h4>Suporte onde voc\u00ea precisa<\/h4>\n<p>As nervuras do Guarda-Sol Ocean Master apresentam o maior di\u00e2metro de nervuras da Tuuci at\u00e9 o momento, com generosos 5 cm de di\u00e2metro e refor\u00e7o canelado integrado para sustentar a enorme cobertura e proteg\u00ea-la do vento. Cada detalhe foi pensado para criar um dispositivo de prote\u00e7\u00e3o solar mais duradouro e dur\u00e1vel.<\/p>\n<h4><strong>Mastro telesc\u00f3pico e elevador de manivela EasyDrive<\/strong><\/h4>\n<p>O <a href=\"https:\/\/mhinteriores.pt\/loja\/product-category\/exterior\/guarda-sol\/\">Guarda-Sol<\/a> Ocean Master opera com uma caixa de engrenagens robusta e um mecanismo de parafuso avan\u00e7ado para uma abertura e fechamento suaves e f\u00e1ceis com a manivela externa. O mastro telesc\u00f3pico permite que o guarda-sol seja aberto com eleg\u00e2ncia ao ser levantado, reduzindo a interfer\u00eancia com os m\u00f3veis.<\/p>\n<\/div>\n","protected":false},"excerpt":{"rendered":"<p>O Guarda-Sol Ocean Master da Tuuci \u00e9 uma pe\u00e7a de destaque, projetada para atender a todas as necessidades de sombra em ambientes externos de grande porte. Design e engenharia se<\/p>\n","protected":false},"featured_media":2101,"comment_status":"open","ping_status":"closed","template":"","meta":[],"product_cat":[171],"product_tag":[],"class_list":{"0":"post-2091","1":"product","2":"type-product","3":"status-publish","4":"has-post-thumbnail","6":"product_brand-tuuci","7":"product_cat-guarda-sol","9":"first","10":"instock","11":"shipping-taxable","12":"product-type-variable"},"yoast_head":"<!-- This site is optimized with the Yoast SEO Premium plugin v24.0 (Yoast SEO v27.4) - https:\/\/yoast.com\/product\/yoast-seo-premium-wordpress\/ -->\n<title>Guarda-Sol Ocean Master Classic Ret\u00e2ngulo - MH Interiores - Loja Decora&ccedil;&atilde;o de Interiores<\/title>\n<meta name=\"description\" content=\"O guarda-sol da Tuuci chama a aten\u00e7\u00e3o com a sua silhueta sofisticada e um sistema de arma\u00e7\u00e3o intrincado que cria o seu pr\u00f3prio ponto focal sob a cobertura.\" \/>\n<meta name=\"robots\" content=\"index, follow, max-snippet:-1, max-image-preview:large, max-video-preview:-1\" \/>\n<link rel=\"canonical\" href=\"https:\/\/mhinteriores.pt\/loja\/produto\/guarda-sol-ocean-master-classic-retangulo-mh-interiores\/\" \/>\n<meta property=\"og:locale\" content=\"pt_PT\" \/>\n<meta property=\"og:type\" content=\"article\" \/>\n<meta property=\"og:title\" content=\"Guarda-Sol Ocean Master Classic Ret\u00e2ngulo - MH Interiores\" \/>\n<meta property=\"og:description\" content=\"O guarda-sol da Tuuci chama a aten\u00e7\u00e3o com a sua silhueta sofisticada e um sistema de arma\u00e7\u00e3o intrincado que cria o seu pr\u00f3prio ponto focal sob a cobertura.\" \/>\n<meta property=\"og:url\" content=\"https:\/\/mhinteriores.pt\/loja\/produto\/guarda-sol-ocean-master-classic-retangulo-mh-interiores\/\" \/>\n<meta property=\"og:site_name\" content=\"Loja Decora&ccedil;&atilde;o de Interiores\" \/>\n<meta property=\"article:modified_time\" content=\"2025-04-14T09:58:05+00:00\" \/>\n<meta property=\"og:image\" content=\"https:\/\/mhinteriores.pt\/loja\/wp-content\/uploads\/2025\/04\/retangulo.webp\" \/>\n\t<meta property=\"og:image:width\" content=\"500\" \/>\n\t<meta property=\"og:image:height\" content=\"500\" \/>\n\t<meta property=\"og:image:type\" content=\"image\/webp\" \/>\n<meta name=\"twitter:card\" content=\"summary_large_image\" \/>\n<meta name=\"twitter:label1\" content=\"Tempo estimado de leitura\" \/>\n\t<meta name=\"twitter:data1\" content=\"2 minutos\" \/>\n<script type=\"application\/ld+json\" class=\"yoast-schema-graph\">{\"@context\":\"https:\\\/\\\/schema.org\",\"@graph\":[{\"@type\":\"WebPage\",\"@id\":\"https:\\\/\\\/mhinteriores.pt\\\/loja\\\/produto\\\/guarda-sol-ocean-master-classic-retangulo-mh-interiores\\\/\",\"url\":\"https:\\\/\\\/mhinteriores.pt\\\/loja\\\/produto\\\/guarda-sol-ocean-master-classic-retangulo-mh-interiores\\\/\",\"name\":\"Guarda-Sol Ocean Master Classic Ret\u00e2ngulo - MH Interiores - Loja Decora&ccedil;&atilde;o de Interiores\",\"isPartOf\":{\"@id\":\"https:\\\/\\\/mhinteriores.pt\\\/loja\\\/#website\"},\"primaryImageOfPage\":{\"@id\":\"https:\\\/\\\/mhinteriores.pt\\\/loja\\\/produto\\\/guarda-sol-ocean-master-classic-retangulo-mh-interiores\\\/#primaryimage\"},\"image\":{\"@id\":\"https:\\\/\\\/mhinteriores.pt\\\/loja\\\/produto\\\/guarda-sol-ocean-master-classic-retangulo-mh-interiores\\\/#primaryimage\"},\"thumbnailUrl\":\"https:\\\/\\\/mhinteriores.pt\\\/loja\\\/wp-content\\\/uploads\\\/2025\\\/04\\\/retangulo.webp\",\"datePublished\":\"2025-04-09T16:21:26+00:00\",\"dateModified\":\"2025-04-14T09:58:05+00:00\",\"description\":\"O guarda-sol da Tuuci chama a aten\u00e7\u00e3o com a sua silhueta sofisticada e um sistema de arma\u00e7\u00e3o intrincado que cria o seu pr\u00f3prio ponto focal sob a cobertura.\",\"breadcrumb\":{\"@id\":\"https:\\\/\\\/mhinteriores.pt\\\/loja\\\/produto\\\/guarda-sol-ocean-master-classic-retangulo-mh-interiores\\\/#breadcrumb\"},\"inLanguage\":\"pt-PT\",\"potentialAction\":[{\"@type\":\"ReadAction\",\"target\":[\"https:\\\/\\\/mhinteriores.pt\\\/loja\\\/produto\\\/guarda-sol-ocean-master-classic-retangulo-mh-interiores\\\/\"]}]},{\"@type\":\"ImageObject\",\"inLanguage\":\"pt-PT\",\"@id\":\"https:\\\/\\\/mhinteriores.pt\\\/loja\\\/produto\\\/guarda-sol-ocean-master-classic-retangulo-mh-interiores\\\/#primaryimage\",\"url\":\"https:\\\/\\\/mhinteriores.pt\\\/loja\\\/wp-content\\\/uploads\\\/2025\\\/04\\\/retangulo.webp\",\"contentUrl\":\"https:\\\/\\\/mhinteriores.pt\\\/loja\\\/wp-content\\\/uploads\\\/2025\\\/04\\\/retangulo.webp\",\"width\":500,\"height\":500,\"caption\":\"ret\u00e2ngulo\"},{\"@type\":\"BreadcrumbList\",\"@id\":\"https:\\\/\\\/mhinteriores.pt\\\/loja\\\/produto\\\/guarda-sol-ocean-master-classic-retangulo-mh-interiores\\\/#breadcrumb\",\"itemListElement\":[{\"@type\":\"ListItem\",\"position\":1,\"name\":\"In\u00edcio\",\"item\":\"https:\\\/\\\/mhinteriores.pt\\\/loja\\\/\"},{\"@type\":\"ListItem\",\"position\":2,\"name\":\"Loja\",\"item\":\"https:\\\/\\\/mhinteriores.pt\\\/loja\\\/loja\\\/\"},{\"@type\":\"ListItem\",\"position\":3,\"name\":\"Guarda-Sol Ocean Master Classic Ret\u00e2ngulo &#8211; MH Interiores\"}]},{\"@type\":\"WebSite\",\"@id\":\"https:\\\/\\\/mhinteriores.pt\\\/loja\\\/#website\",\"url\":\"https:\\\/\\\/mhinteriores.pt\\\/loja\\\/\",\"name\":\"Loja de Decora\u00e7\u00e3o - MH Interiores\",\"description\":\"MH Interiores\",\"publisher\":{\"@id\":\"https:\\\/\\\/mhinteriores.pt\\\/loja\\\/#organization\"},\"potentialAction\":[{\"@type\":\"SearchAction\",\"target\":{\"@type\":\"EntryPoint\",\"urlTemplate\":\"https:\\\/\\\/mhinteriores.pt\\\/loja\\\/?s={search_term_string}\"},\"query-input\":{\"@type\":\"PropertyValueSpecification\",\"valueRequired\":true,\"valueName\":\"search_term_string\"}}],\"inLanguage\":\"pt-PT\"},{\"@type\":\"Organization\",\"@id\":\"https:\\\/\\\/mhinteriores.pt\\\/loja\\\/#organization\",\"name\":\"Loja de Decora\u00e7\u00e3o - MH Interiores\",\"url\":\"https:\\\/\\\/mhinteriores.pt\\\/loja\\\/\",\"logo\":{\"@type\":\"ImageObject\",\"inLanguage\":\"pt-PT\",\"@id\":\"https:\\\/\\\/mhinteriores.pt\\\/loja\\\/#\\\/schema\\\/logo\\\/image\\\/\",\"url\":\"https:\\\/\\\/mhinteriores.pt\\\/loja\\\/wp-content\\\/uploads\\\/2024\\\/12\\\/cropped-MH-Interiores.png\",\"contentUrl\":\"https:\\\/\\\/mhinteriores.pt\\\/loja\\\/wp-content\\\/uploads\\\/2024\\\/12\\\/cropped-MH-Interiores.png\",\"width\":512,\"height\":512,\"caption\":\"Loja de Decora\u00e7\u00e3o - MH Interiores\"},\"image\":{\"@id\":\"https:\\\/\\\/mhinteriores.pt\\\/loja\\\/#\\\/schema\\\/logo\\\/image\\\/\"}}]}<\/script>\n<!-- \/ Yoast SEO Premium plugin. -->","yoast_head_json":{"title":"Guarda-Sol Ocean Master Classic Ret\u00e2ngulo - MH Interiores - Loja Decora&ccedil;&atilde;o de Interiores","description":"O guarda-sol da Tuuci chama a aten\u00e7\u00e3o com a sua silhueta sofisticada e um sistema de arma\u00e7\u00e3o intrincado que cria o seu pr\u00f3prio ponto focal sob a cobertura.","robots":{"index":"index","follow":"follow","max-snippet":"max-snippet:-1","max-image-preview":"max-image-preview:large","max-video-preview":"max-video-preview:-1"},"canonical":"https:\/\/mhinteriores.pt\/loja\/produto\/guarda-sol-ocean-master-classic-retangulo-mh-interiores\/","og_locale":"pt_PT","og_type":"article","og_title":"Guarda-Sol Ocean Master Classic Ret\u00e2ngulo - MH Interiores","og_description":"O guarda-sol da Tuuci chama a aten\u00e7\u00e3o com a sua silhueta sofisticada e um sistema de arma\u00e7\u00e3o intrincado que cria o seu pr\u00f3prio ponto focal sob a cobertura.","og_url":"https:\/\/mhinteriores.pt\/loja\/produto\/guarda-sol-ocean-master-classic-retangulo-mh-interiores\/","og_site_name":"Loja Decora&ccedil;&atilde;o de Interiores","article_modified_time":"2025-04-14T09:58:05+00:00","og_image":[{"width":500,"height":500,"url":"https:\/\/mhinteriores.pt\/loja\/wp-content\/uploads\/2025\/04\/retangulo.webp","type":"image\/webp"}],"twitter_card":"summary_large_image","twitter_misc":{"Tempo estimado de leitura":"2 minutos"},"schema":{"@context":"https:\/\/schema.org","@graph":[{"@type":"WebPage","@id":"https:\/\/mhinteriores.pt\/loja\/produto\/guarda-sol-ocean-master-classic-retangulo-mh-interiores\/","url":"https:\/\/mhinteriores.pt\/loja\/produto\/guarda-sol-ocean-master-classic-retangulo-mh-interiores\/","name":"Guarda-Sol Ocean Master Classic Ret\u00e2ngulo - MH Interiores - Loja Decora&ccedil;&atilde;o de Interiores","isPartOf":{"@id":"https:\/\/mhinteriores.pt\/loja\/#website"},"primaryImageOfPage":{"@id":"https:\/\/mhinteriores.pt\/loja\/produto\/guarda-sol-ocean-master-classic-retangulo-mh-interiores\/#primaryimage"},"image":{"@id":"https:\/\/mhinteriores.pt\/loja\/produto\/guarda-sol-ocean-master-classic-retangulo-mh-interiores\/#primaryimage"},"thumbnailUrl":"https:\/\/mhinteriores.pt\/loja\/wp-content\/uploads\/2025\/04\/retangulo.webp","datePublished":"2025-04-09T16:21:26+00:00","dateModified":"2025-04-14T09:58:05+00:00","description":"O guarda-sol da Tuuci chama a aten\u00e7\u00e3o com a sua silhueta sofisticada e um sistema de arma\u00e7\u00e3o intrincado que cria o seu pr\u00f3prio ponto focal sob a cobertura.","breadcrumb":{"@id":"https:\/\/mhinteriores.pt\/loja\/produto\/guarda-sol-ocean-master-classic-retangulo-mh-interiores\/#breadcrumb"},"inLanguage":"pt-PT","potentialAction":[{"@type":"ReadAction","target":["https:\/\/mhinteriores.pt\/loja\/produto\/guarda-sol-ocean-master-classic-retangulo-mh-interiores\/"]}]},{"@type":"ImageObject","inLanguage":"pt-PT","@id":"https:\/\/mhinteriores.pt\/loja\/produto\/guarda-sol-ocean-master-classic-retangulo-mh-interiores\/#primaryimage","url":"https:\/\/mhinteriores.pt\/loja\/wp-content\/uploads\/2025\/04\/retangulo.webp","contentUrl":"https:\/\/mhinteriores.pt\/loja\/wp-content\/uploads\/2025\/04\/retangulo.webp","width":500,"height":500,"caption":"ret\u00e2ngulo"},{"@type":"BreadcrumbList","@id":"https:\/\/mhinteriores.pt\/loja\/produto\/guarda-sol-ocean-master-classic-retangulo-mh-interiores\/#breadcrumb","itemListElement":[{"@type":"ListItem","position":1,"name":"In\u00edcio","item":"https:\/\/mhinteriores.pt\/loja\/"},{"@type":"ListItem","position":2,"name":"Loja","item":"https:\/\/mhinteriores.pt\/loja\/loja\/"},{"@type":"ListItem","position":3,"name":"Guarda-Sol Ocean Master Classic Ret\u00e2ngulo &#8211; MH Interiores"}]},{"@type":"WebSite","@id":"https:\/\/mhinteriores.pt\/loja\/#website","url":"https:\/\/mhinteriores.pt\/loja\/","name":"Loja de Decora\u00e7\u00e3o - MH Interiores","description":"MH Interiores","publisher":{"@id":"https:\/\/mhinteriores.pt\/loja\/#organization"},"potentialAction":[{"@type":"SearchAction","target":{"@type":"EntryPoint","urlTemplate":"https:\/\/mhinteriores.pt\/loja\/?s={search_term_string}"},"query-input":{"@type":"PropertyValueSpecification","valueRequired":true,"valueName":"search_term_string"}}],"inLanguage":"pt-PT"},{"@type":"Organization","@id":"https:\/\/mhinteriores.pt\/loja\/#organization","name":"Loja de Decora\u00e7\u00e3o - MH Interiores","url":"https:\/\/mhinteriores.pt\/loja\/","logo":{"@type":"ImageObject","inLanguage":"pt-PT","@id":"https:\/\/mhinteriores.pt\/loja\/#\/schema\/logo\/image\/","url":"https:\/\/mhinteriores.pt\/loja\/wp-content\/uploads\/2024\/12\/cropped-MH-Interiores.png","contentUrl":"https:\/\/mhinteriores.pt\/loja\/wp-content\/uploads\/2024\/12\/cropped-MH-Interiores.png","width":512,"height":512,"caption":"Loja de Decora\u00e7\u00e3o - MH Interiores"},"image":{"@id":"https:\/\/mhinteriores.pt\/loja\/#\/schema\/logo\/image\/"}}]}},"_links":{"self":[{"href":"https:\/\/mhinteriores.pt\/loja\/wp-json\/wp\/v2\/product\/2091","targetHints":{"allow":["GET"]}}],"collection":[{"href":"https:\/\/mhinteriores.pt\/loja\/wp-json\/wp\/v2\/product"}],"about":[{"href":"https:\/\/mhinteriores.pt\/loja\/wp-json\/wp\/v2\/types\/product"}],"replies":[{"embeddable":true,"href":"https:\/\/mhinteriores.pt\/loja\/wp-json\/wp\/v2\/comments?post=2091"}],"version-history":[{"count":2,"href":"https:\/\/mhinteriores.pt\/loja\/wp-json\/wp\/v2\/product\/2091\/revisions"}],"predecessor-version":[{"id":2215,"href":"https:\/\/mhinteriores.pt\/loja\/wp-json\/wp\/v2\/product\/2091\/revisions\/2215"}],"wp:featuredmedia":[{"embeddable":true,"href":"https:\/\/mhinteriores.pt\/loja\/wp-json\/wp\/v2\/media\/2101"}],"wp:attachment":[{"href":"https:\/\/mhinteriores.pt\/loja\/wp-json\/wp\/v2\/media?parent=2091"}],"wp:term":[{"taxonomy":"product_cat","embeddable":true,"href":"https:\/\/mhinteriores.pt\/loja\/wp-json\/wp\/v2\/product_cat?post=2091"},{"taxonomy":"product_tag","embeddable":true,"href":"https:\/\/mhinteriores.pt\/loja\/wp-json\/wp\/v2\/product_tag?post=2091"}],"curies":[{"name":"wp","href":"https:\/\/api.w.org\/{rel}","templated":true}]}}