{"id":2755,"date":"2025-04-14T14:07:43","date_gmt":"2025-04-14T14:07:43","guid":{"rendered":"https:\/\/mhinteriores.pt\/loja\/?post_type=product&#038;p=2755"},"modified":"2025-04-14T14:12:25","modified_gmt":"2025-04-14T14:12:25","slug":"cortina-de-chuveiro-eloise-200x160cm-linho-mh-interiores","status":"publish","type":"product","link":"https:\/\/mhinteriores.pt\/loja\/produto\/cortina-de-chuveiro-eloise-200x160cm-linho-mh-interiores\/","title":{"rendered":"Cortina de Chuveiro Eloise 200X160cm Linho &#8211; MH Interiores"},"content":{"rendered":"<h4 style=\"text-align: left;\">Cortina de Chuveiro Eloise 200X160cm Linho &#8211; <a href=\"https:\/\/mhinteriores.pt\/loja\/\">MH Interiores<\/a><\/h4>\n<p><span>Linda cortina de chuveiro com um lindo bordado floral na cor linho. <\/span><span>Esta cortina de chuveiro Eloise mede 200 x 160 cm e \u00e9 perfeita para reter a \u00e1gua dentro do box, ao mesmo tempo em que confere estilo ao banheiro. Embora n\u00e3o sejam \u00e0 prova d&#8217;\u00e1gua, estas cortinas de chuveiro fluidas ret\u00eam manchas no box.<\/span><\/p>\n<p><span>S\u00e3o muito f\u00e1ceis de manter e certamente criam um visual deslumbrante em qualquer banheiro.<\/span><\/p>\n<p>Medidas: 200X160cm<\/p>\n","protected":false},"excerpt":{"rendered":"<p>Prazo de entrega: at\u00e9 15 dias \u00fateis<\/p>\n","protected":false},"featured_media":2756,"comment_status":"open","ping_status":"closed","template":"","meta":[],"product_cat":[220],"product_tag":[],"class_list":{"0":"post-2755","1":"product","2":"type-product","3":"status-publish","4":"has-post-thumbnail","6":"product_brand-lene-bjerre","7":"product_cat-cortinas-e-tapetes","9":"first","10":"instock","11":"shipping-taxable","12":"product-type-simple"},"yoast_head":"<!-- This site is optimized with the Yoast SEO Premium plugin v24.0 (Yoast SEO v27.4) - https:\/\/yoast.com\/product\/yoast-seo-premium-wordpress\/ -->\n<title>Cortina de Chuveiro Eloise 200X160cm Linho - MH Interiores - Loja Decora&ccedil;&atilde;o de Interiores<\/title>\n<meta name=\"description\" content=\"A Cortina de Chuveiro Eloise 200x160 cm em linho traz eleg\u00e2ncia e sofistica\u00e7\u00e3o ao seu banheiro, combinando praticidade e estilo.\" \/>\n<meta name=\"robots\" content=\"index, follow, max-snippet:-1, max-image-preview:large, max-video-preview:-1\" \/>\n<link rel=\"canonical\" href=\"https:\/\/mhinteriores.pt\/loja\/produto\/cortina-de-chuveiro-eloise-200x160cm-linho-mh-interiores\/\" \/>\n<meta property=\"og:locale\" content=\"pt_PT\" \/>\n<meta property=\"og:type\" content=\"article\" \/>\n<meta property=\"og:title\" content=\"Cortina de Chuveiro Eloise 200X160cm Linho - MH Interiores\" \/>\n<meta property=\"og:description\" content=\"A Cortina de Chuveiro Eloise 200x160 cm em linho traz eleg\u00e2ncia e sofistica\u00e7\u00e3o ao seu banheiro, combinando praticidade e estilo.\" \/>\n<meta property=\"og:url\" content=\"https:\/\/mhinteriores.pt\/loja\/produto\/cortina-de-chuveiro-eloise-200x160cm-linho-mh-interiores\/\" \/>\n<meta property=\"og:site_name\" content=\"Loja Decora&ccedil;&atilde;o de Interiores\" \/>\n<meta property=\"article:modified_time\" content=\"2025-04-14T14:12:25+00:00\" \/>\n<meta property=\"og:image\" content=\"https:\/\/mhinteriores.pt\/loja\/wp-content\/uploads\/2025\/04\/cortinas-e-taepetes.webp\" \/>\n\t<meta property=\"og:image:width\" content=\"840\" \/>\n\t<meta property=\"og:image:height\" content=\"840\" \/>\n\t<meta property=\"og:image:type\" content=\"image\/webp\" \/>\n<meta name=\"twitter:card\" content=\"summary_large_image\" \/>\n<meta name=\"twitter:label1\" content=\"Tempo estimado de leitura\" \/>\n\t<meta name=\"twitter:data1\" content=\"1 minuto\" \/>\n<script type=\"application\/ld+json\" class=\"yoast-schema-graph\">{\"@context\":\"https:\\\/\\\/schema.org\",\"@graph\":[{\"@type\":\"WebPage\",\"@id\":\"https:\\\/\\\/mhinteriores.pt\\\/loja\\\/produto\\\/cortina-de-chuveiro-eloise-200x160cm-linho-mh-interiores\\\/\",\"url\":\"https:\\\/\\\/mhinteriores.pt\\\/loja\\\/produto\\\/cortina-de-chuveiro-eloise-200x160cm-linho-mh-interiores\\\/\",\"name\":\"Cortina de Chuveiro Eloise 200X160cm Linho - MH Interiores - Loja Decora&ccedil;&atilde;o de Interiores\",\"isPartOf\":{\"@id\":\"https:\\\/\\\/mhinteriores.pt\\\/loja\\\/#website\"},\"primaryImageOfPage\":{\"@id\":\"https:\\\/\\\/mhinteriores.pt\\\/loja\\\/produto\\\/cortina-de-chuveiro-eloise-200x160cm-linho-mh-interiores\\\/#primaryimage\"},\"image\":{\"@id\":\"https:\\\/\\\/mhinteriores.pt\\\/loja\\\/produto\\\/cortina-de-chuveiro-eloise-200x160cm-linho-mh-interiores\\\/#primaryimage\"},\"thumbnailUrl\":\"https:\\\/\\\/mhinteriores.pt\\\/loja\\\/wp-content\\\/uploads\\\/2025\\\/04\\\/cortinas-e-taepetes.webp\",\"datePublished\":\"2025-04-14T14:07:43+00:00\",\"dateModified\":\"2025-04-14T14:12:25+00:00\",\"description\":\"A Cortina de Chuveiro Eloise 200x160 cm em linho traz eleg\u00e2ncia e sofistica\u00e7\u00e3o ao seu banheiro, combinando praticidade e estilo.\",\"breadcrumb\":{\"@id\":\"https:\\\/\\\/mhinteriores.pt\\\/loja\\\/produto\\\/cortina-de-chuveiro-eloise-200x160cm-linho-mh-interiores\\\/#breadcrumb\"},\"inLanguage\":\"pt-PT\",\"potentialAction\":[{\"@type\":\"ReadAction\",\"target\":[\"https:\\\/\\\/mhinteriores.pt\\\/loja\\\/produto\\\/cortina-de-chuveiro-eloise-200x160cm-linho-mh-interiores\\\/\"]}]},{\"@type\":\"ImageObject\",\"inLanguage\":\"pt-PT\",\"@id\":\"https:\\\/\\\/mhinteriores.pt\\\/loja\\\/produto\\\/cortina-de-chuveiro-eloise-200x160cm-linho-mh-interiores\\\/#primaryimage\",\"url\":\"https:\\\/\\\/mhinteriores.pt\\\/loja\\\/wp-content\\\/uploads\\\/2025\\\/04\\\/cortinas-e-taepetes.webp\",\"contentUrl\":\"https:\\\/\\\/mhinteriores.pt\\\/loja\\\/wp-content\\\/uploads\\\/2025\\\/04\\\/cortinas-e-taepetes.webp\",\"width\":840,\"height\":840,\"caption\":\"cortinas e taepetes\"},{\"@type\":\"BreadcrumbList\",\"@id\":\"https:\\\/\\\/mhinteriores.pt\\\/loja\\\/produto\\\/cortina-de-chuveiro-eloise-200x160cm-linho-mh-interiores\\\/#breadcrumb\",\"itemListElement\":[{\"@type\":\"ListItem\",\"position\":1,\"name\":\"In\u00edcio\",\"item\":\"https:\\\/\\\/mhinteriores.pt\\\/loja\\\/\"},{\"@type\":\"ListItem\",\"position\":2,\"name\":\"Loja\",\"item\":\"https:\\\/\\\/mhinteriores.pt\\\/loja\\\/loja\\\/\"},{\"@type\":\"ListItem\",\"position\":3,\"name\":\"Cortina de Chuveiro Eloise 200X160cm Linho &#8211; MH Interiores\"}]},{\"@type\":\"WebSite\",\"@id\":\"https:\\\/\\\/mhinteriores.pt\\\/loja\\\/#website\",\"url\":\"https:\\\/\\\/mhinteriores.pt\\\/loja\\\/\",\"name\":\"Loja de Decora\u00e7\u00e3o - MH Interiores\",\"description\":\"MH Interiores\",\"publisher\":{\"@id\":\"https:\\\/\\\/mhinteriores.pt\\\/loja\\\/#organization\"},\"potentialAction\":[{\"@type\":\"SearchAction\",\"target\":{\"@type\":\"EntryPoint\",\"urlTemplate\":\"https:\\\/\\\/mhinteriores.pt\\\/loja\\\/?s={search_term_string}\"},\"query-input\":{\"@type\":\"PropertyValueSpecification\",\"valueRequired\":true,\"valueName\":\"search_term_string\"}}],\"inLanguage\":\"pt-PT\"},{\"@type\":\"Organization\",\"@id\":\"https:\\\/\\\/mhinteriores.pt\\\/loja\\\/#organization\",\"name\":\"Loja de Decora\u00e7\u00e3o - MH Interiores\",\"url\":\"https:\\\/\\\/mhinteriores.pt\\\/loja\\\/\",\"logo\":{\"@type\":\"ImageObject\",\"inLanguage\":\"pt-PT\",\"@id\":\"https:\\\/\\\/mhinteriores.pt\\\/loja\\\/#\\\/schema\\\/logo\\\/image\\\/\",\"url\":\"https:\\\/\\\/mhinteriores.pt\\\/loja\\\/wp-content\\\/uploads\\\/2024\\\/12\\\/cropped-MH-Interiores.png\",\"contentUrl\":\"https:\\\/\\\/mhinteriores.pt\\\/loja\\\/wp-content\\\/uploads\\\/2024\\\/12\\\/cropped-MH-Interiores.png\",\"width\":512,\"height\":512,\"caption\":\"Loja de Decora\u00e7\u00e3o - MH Interiores\"},\"image\":{\"@id\":\"https:\\\/\\\/mhinteriores.pt\\\/loja\\\/#\\\/schema\\\/logo\\\/image\\\/\"}}]}<\/script>\n<!-- \/ Yoast SEO Premium plugin. -->","yoast_head_json":{"title":"Cortina de Chuveiro Eloise 200X160cm Linho - MH Interiores - Loja Decora&ccedil;&atilde;o de Interiores","description":"A Cortina de Chuveiro Eloise 200x160 cm em linho traz eleg\u00e2ncia e sofistica\u00e7\u00e3o ao seu banheiro, combinando praticidade e estilo.","robots":{"index":"index","follow":"follow","max-snippet":"max-snippet:-1","max-image-preview":"max-image-preview:large","max-video-preview":"max-video-preview:-1"},"canonical":"https:\/\/mhinteriores.pt\/loja\/produto\/cortina-de-chuveiro-eloise-200x160cm-linho-mh-interiores\/","og_locale":"pt_PT","og_type":"article","og_title":"Cortina de Chuveiro Eloise 200X160cm Linho - MH Interiores","og_description":"A Cortina de Chuveiro Eloise 200x160 cm em linho traz eleg\u00e2ncia e sofistica\u00e7\u00e3o ao seu banheiro, combinando praticidade e estilo.","og_url":"https:\/\/mhinteriores.pt\/loja\/produto\/cortina-de-chuveiro-eloise-200x160cm-linho-mh-interiores\/","og_site_name":"Loja Decora&ccedil;&atilde;o de Interiores","article_modified_time":"2025-04-14T14:12:25+00:00","og_image":[{"width":840,"height":840,"url":"https:\/\/mhinteriores.pt\/loja\/wp-content\/uploads\/2025\/04\/cortinas-e-taepetes.webp","type":"image\/webp"}],"twitter_card":"summary_large_image","twitter_misc":{"Tempo estimado de leitura":"1 minuto"},"schema":{"@context":"https:\/\/schema.org","@graph":[{"@type":"WebPage","@id":"https:\/\/mhinteriores.pt\/loja\/produto\/cortina-de-chuveiro-eloise-200x160cm-linho-mh-interiores\/","url":"https:\/\/mhinteriores.pt\/loja\/produto\/cortina-de-chuveiro-eloise-200x160cm-linho-mh-interiores\/","name":"Cortina de Chuveiro Eloise 200X160cm Linho - MH Interiores - Loja Decora&ccedil;&atilde;o de Interiores","isPartOf":{"@id":"https:\/\/mhinteriores.pt\/loja\/#website"},"primaryImageOfPage":{"@id":"https:\/\/mhinteriores.pt\/loja\/produto\/cortina-de-chuveiro-eloise-200x160cm-linho-mh-interiores\/#primaryimage"},"image":{"@id":"https:\/\/mhinteriores.pt\/loja\/produto\/cortina-de-chuveiro-eloise-200x160cm-linho-mh-interiores\/#primaryimage"},"thumbnailUrl":"https:\/\/mhinteriores.pt\/loja\/wp-content\/uploads\/2025\/04\/cortinas-e-taepetes.webp","datePublished":"2025-04-14T14:07:43+00:00","dateModified":"2025-04-14T14:12:25+00:00","description":"A Cortina de Chuveiro Eloise 200x160 cm em linho traz eleg\u00e2ncia e sofistica\u00e7\u00e3o ao seu banheiro, combinando praticidade e estilo.","breadcrumb":{"@id":"https:\/\/mhinteriores.pt\/loja\/produto\/cortina-de-chuveiro-eloise-200x160cm-linho-mh-interiores\/#breadcrumb"},"inLanguage":"pt-PT","potentialAction":[{"@type":"ReadAction","target":["https:\/\/mhinteriores.pt\/loja\/produto\/cortina-de-chuveiro-eloise-200x160cm-linho-mh-interiores\/"]}]},{"@type":"ImageObject","inLanguage":"pt-PT","@id":"https:\/\/mhinteriores.pt\/loja\/produto\/cortina-de-chuveiro-eloise-200x160cm-linho-mh-interiores\/#primaryimage","url":"https:\/\/mhinteriores.pt\/loja\/wp-content\/uploads\/2025\/04\/cortinas-e-taepetes.webp","contentUrl":"https:\/\/mhinteriores.pt\/loja\/wp-content\/uploads\/2025\/04\/cortinas-e-taepetes.webp","width":840,"height":840,"caption":"cortinas e taepetes"},{"@type":"BreadcrumbList","@id":"https:\/\/mhinteriores.pt\/loja\/produto\/cortina-de-chuveiro-eloise-200x160cm-linho-mh-interiores\/#breadcrumb","itemListElement":[{"@type":"ListItem","position":1,"name":"In\u00edcio","item":"https:\/\/mhinteriores.pt\/loja\/"},{"@type":"ListItem","position":2,"name":"Loja","item":"https:\/\/mhinteriores.pt\/loja\/loja\/"},{"@type":"ListItem","position":3,"name":"Cortina de Chuveiro Eloise 200X160cm Linho &#8211; MH Interiores"}]},{"@type":"WebSite","@id":"https:\/\/mhinteriores.pt\/loja\/#website","url":"https:\/\/mhinteriores.pt\/loja\/","name":"Loja de Decora\u00e7\u00e3o - MH Interiores","description":"MH Interiores","publisher":{"@id":"https:\/\/mhinteriores.pt\/loja\/#organization"},"potentialAction":[{"@type":"SearchAction","target":{"@type":"EntryPoint","urlTemplate":"https:\/\/mhinteriores.pt\/loja\/?s={search_term_string}"},"query-input":{"@type":"PropertyValueSpecification","valueRequired":true,"valueName":"search_term_string"}}],"inLanguage":"pt-PT"},{"@type":"Organization","@id":"https:\/\/mhinteriores.pt\/loja\/#organization","name":"Loja de Decora\u00e7\u00e3o - MH Interiores","url":"https:\/\/mhinteriores.pt\/loja\/","logo":{"@type":"ImageObject","inLanguage":"pt-PT","@id":"https:\/\/mhinteriores.pt\/loja\/#\/schema\/logo\/image\/","url":"https:\/\/mhinteriores.pt\/loja\/wp-content\/uploads\/2024\/12\/cropped-MH-Interiores.png","contentUrl":"https:\/\/mhinteriores.pt\/loja\/wp-content\/uploads\/2024\/12\/cropped-MH-Interiores.png","width":512,"height":512,"caption":"Loja de Decora\u00e7\u00e3o - MH Interiores"},"image":{"@id":"https:\/\/mhinteriores.pt\/loja\/#\/schema\/logo\/image\/"}}]}},"_links":{"self":[{"href":"https:\/\/mhinteriores.pt\/loja\/wp-json\/wp\/v2\/product\/2755","targetHints":{"allow":["GET"]}}],"collection":[{"href":"https:\/\/mhinteriores.pt\/loja\/wp-json\/wp\/v2\/product"}],"about":[{"href":"https:\/\/mhinteriores.pt\/loja\/wp-json\/wp\/v2\/types\/product"}],"replies":[{"embeddable":true,"href":"https:\/\/mhinteriores.pt\/loja\/wp-json\/wp\/v2\/comments?post=2755"}],"version-history":[{"count":1,"href":"https:\/\/mhinteriores.pt\/loja\/wp-json\/wp\/v2\/product\/2755\/revisions"}],"predecessor-version":[{"id":2758,"href":"https:\/\/mhinteriores.pt\/loja\/wp-json\/wp\/v2\/product\/2755\/revisions\/2758"}],"wp:featuredmedia":[{"embeddable":true,"href":"https:\/\/mhinteriores.pt\/loja\/wp-json\/wp\/v2\/media\/2756"}],"wp:attachment":[{"href":"https:\/\/mhinteriores.pt\/loja\/wp-json\/wp\/v2\/media?parent=2755"}],"wp:term":[{"taxonomy":"product_cat","embeddable":true,"href":"https:\/\/mhinteriores.pt\/loja\/wp-json\/wp\/v2\/product_cat?post=2755"},{"taxonomy":"product_tag","embeddable":true,"href":"https:\/\/mhinteriores.pt\/loja\/wp-json\/wp\/v2\/product_tag?post=2755"}],"curies":[{"name":"wp","href":"https:\/\/api.w.org\/{rel}","templated":true}]}}