{"id":2851,"date":"2025-04-14T16:51:28","date_gmt":"2025-04-14T16:51:28","guid":{"rendered":"https:\/\/mhinteriores.pt\/loja\/?post_type=product&#038;p=2851"},"modified":"2025-05-08T17:52:14","modified_gmt":"2025-05-08T17:52:14","slug":"copo-cocktail-victorinne-33cl-mh-interiores","status":"publish","type":"product","link":"https:\/\/mhinteriores.pt\/loja\/produto\/copo-cocktail-victorinne-33cl-mh-interiores\/","title":{"rendered":"Copo Cocktail Victorinne 33 cl &#8211; MH Interiores"},"content":{"rendered":"<h4 style=\"text-align: left;\">Copo Cocktail Victorinne 33cl &#8211; MH Interiores<\/h4>\n<p>Este copo mede A19 x \u00d811 cm e pode conter 33 cl. Todos os nossos copos de Cocktail Victorinne s\u00e3o feitos com um tom fum\u00ea na parte inferior. A cor fum\u00ea n\u00e3o \u00e9 pintada, mas sim s\u00f3lida, o que significa que a cor n\u00e3o se desgasta com o uso repetido. Observe que quanto menor for o copo desta s\u00e9rie, mais escura ser\u00e1 a cor fum\u00ea. Os copos s\u00e3o soprados na boca e, devido a esse processo artesanal, cada copo ter\u00e1 sua pr\u00f3pria apar\u00eancia \u00fanica e distinta. Portanto, voc\u00ea n\u00e3o encontrar\u00e1 dois copos semelhantes \u2013 acreditamos que esse processo dar\u00e1 a cada copo um visual org\u00e2nico e atemporal especial que decorar\u00e1 sua mesa de jantar com estilo por muitos anos.<\/p>\n<p>OBSERVA\u00c7\u00c3O: Os copos podem ser lavados na m\u00e1quina de lavar lou\u00e7a a uma temperatura m\u00e1xima de 40 graus, mas recomendamos lav\u00e1-los \u00e0 m\u00e3o. Use uma toalha limpa para secar os copos enquanto ainda h\u00famidos da m\u00e1quina de lavar lou\u00e7a; isso lhe dar\u00e1 o melhor resultado. O vidro \u00e9 mais fr\u00e1gil logo ap\u00f3s a lavagem, portanto, tome cuidado para n\u00e3o segur\u00e1-lo com muita for\u00e7a.<\/p>\n<p>&nbsp;<\/p>\n<p>&nbsp;<\/p>\n","protected":false},"excerpt":{"rendered":"<p>Prazo de entrega: at\u00e9 15 dias \u00fateis<\/p>\n","protected":false},"featured_media":2852,"comment_status":"open","ping_status":"closed","template":"","meta":[],"product_cat":[223],"product_tag":[],"class_list":{"0":"post-2851","1":"product","2":"type-product","3":"status-publish","4":"has-post-thumbnail","6":"product_brand-lene-bjerre","7":"product_cat-copos","9":"first","10":"instock","11":"shipping-taxable","12":"product-type-simple"},"yoast_head":"<!-- This site is optimized with the Yoast SEO Premium plugin v24.0 (Yoast SEO v27.4) - https:\/\/yoast.com\/product\/yoast-seo-premium-wordpress\/ -->\n<title>Copo Cocktail Victorinne 33 cl - MH Interiores - Loja Decora&ccedil;&atilde;o de Interiores<\/title>\n<meta name=\"description\" content=\"O Copo Cocktail Victorinne 33cl da MH Interiores \u00e9 ideal para servir os seus cocktails favoritos com charme e sofistica\u00e7\u00e3o e combinando design elegante.\" \/>\n<meta name=\"robots\" content=\"index, follow, max-snippet:-1, max-image-preview:large, max-video-preview:-1\" \/>\n<link rel=\"canonical\" href=\"https:\/\/mhinteriores.pt\/loja\/produto\/copo-cocktail-victorinne-33cl-mh-interiores\/\" \/>\n<meta property=\"og:locale\" content=\"pt_PT\" \/>\n<meta property=\"og:type\" content=\"article\" \/>\n<meta property=\"og:title\" content=\"Copo Cocktail Victorinne 33 cl - MH Interiores\" \/>\n<meta property=\"og:description\" content=\"O Copo Cocktail Victorinne 33cl da MH Interiores \u00e9 ideal para servir os seus cocktails favoritos com charme e sofistica\u00e7\u00e3o e combinando design elegante.\" \/>\n<meta property=\"og:url\" content=\"https:\/\/mhinteriores.pt\/loja\/produto\/copo-cocktail-victorinne-33cl-mh-interiores\/\" \/>\n<meta property=\"og:site_name\" content=\"Loja Decora&ccedil;&atilde;o de Interiores\" \/>\n<meta property=\"article:modified_time\" content=\"2025-05-08T17:52:14+00:00\" \/>\n<meta property=\"og:image\" content=\"https:\/\/mhinteriores.pt\/loja\/wp-content\/uploads\/2025\/04\/Copo-Coktail.webp\" \/>\n\t<meta property=\"og:image:width\" content=\"840\" \/>\n\t<meta property=\"og:image:height\" content=\"840\" \/>\n\t<meta property=\"og:image:type\" content=\"image\/webp\" \/>\n<meta name=\"twitter:card\" content=\"summary_large_image\" \/>\n<meta name=\"twitter:label1\" content=\"Tempo estimado de leitura\" \/>\n\t<meta name=\"twitter:data1\" content=\"2 minutos\" \/>\n<script type=\"application\/ld+json\" class=\"yoast-schema-graph\">{\"@context\":\"https:\\\/\\\/schema.org\",\"@graph\":[{\"@type\":\"WebPage\",\"@id\":\"https:\\\/\\\/mhinteriores.pt\\\/loja\\\/produto\\\/copo-cocktail-victorinne-33cl-mh-interiores\\\/\",\"url\":\"https:\\\/\\\/mhinteriores.pt\\\/loja\\\/produto\\\/copo-cocktail-victorinne-33cl-mh-interiores\\\/\",\"name\":\"Copo Cocktail Victorinne 33 cl - MH Interiores - Loja Decora&ccedil;&atilde;o de Interiores\",\"isPartOf\":{\"@id\":\"https:\\\/\\\/mhinteriores.pt\\\/loja\\\/#website\"},\"primaryImageOfPage\":{\"@id\":\"https:\\\/\\\/mhinteriores.pt\\\/loja\\\/produto\\\/copo-cocktail-victorinne-33cl-mh-interiores\\\/#primaryimage\"},\"image\":{\"@id\":\"https:\\\/\\\/mhinteriores.pt\\\/loja\\\/produto\\\/copo-cocktail-victorinne-33cl-mh-interiores\\\/#primaryimage\"},\"thumbnailUrl\":\"https:\\\/\\\/mhinteriores.pt\\\/loja\\\/wp-content\\\/uploads\\\/2025\\\/04\\\/Copo-Coktail.webp\",\"datePublished\":\"2025-04-14T16:51:28+00:00\",\"dateModified\":\"2025-05-08T17:52:14+00:00\",\"description\":\"O Copo Cocktail Victorinne 33cl da MH Interiores \u00e9 ideal para servir os seus cocktails favoritos com charme e sofistica\u00e7\u00e3o e combinando design elegante.\",\"breadcrumb\":{\"@id\":\"https:\\\/\\\/mhinteriores.pt\\\/loja\\\/produto\\\/copo-cocktail-victorinne-33cl-mh-interiores\\\/#breadcrumb\"},\"inLanguage\":\"pt-PT\",\"potentialAction\":[{\"@type\":\"ReadAction\",\"target\":[\"https:\\\/\\\/mhinteriores.pt\\\/loja\\\/produto\\\/copo-cocktail-victorinne-33cl-mh-interiores\\\/\"]}]},{\"@type\":\"ImageObject\",\"inLanguage\":\"pt-PT\",\"@id\":\"https:\\\/\\\/mhinteriores.pt\\\/loja\\\/produto\\\/copo-cocktail-victorinne-33cl-mh-interiores\\\/#primaryimage\",\"url\":\"https:\\\/\\\/mhinteriores.pt\\\/loja\\\/wp-content\\\/uploads\\\/2025\\\/04\\\/Copo-Coktail.webp\",\"contentUrl\":\"https:\\\/\\\/mhinteriores.pt\\\/loja\\\/wp-content\\\/uploads\\\/2025\\\/04\\\/Copo-Coktail.webp\",\"width\":840,\"height\":840,\"caption\":\"Copo Cocktail Victorinne 33cl- MH Interiores\"},{\"@type\":\"BreadcrumbList\",\"@id\":\"https:\\\/\\\/mhinteriores.pt\\\/loja\\\/produto\\\/copo-cocktail-victorinne-33cl-mh-interiores\\\/#breadcrumb\",\"itemListElement\":[{\"@type\":\"ListItem\",\"position\":1,\"name\":\"In\u00edcio\",\"item\":\"https:\\\/\\\/mhinteriores.pt\\\/loja\\\/\"},{\"@type\":\"ListItem\",\"position\":2,\"name\":\"Loja\",\"item\":\"https:\\\/\\\/mhinteriores.pt\\\/loja\\\/loja\\\/\"},{\"@type\":\"ListItem\",\"position\":3,\"name\":\"Copo Cocktail Victorinne 33 cl &#8211; MH Interiores\"}]},{\"@type\":\"WebSite\",\"@id\":\"https:\\\/\\\/mhinteriores.pt\\\/loja\\\/#website\",\"url\":\"https:\\\/\\\/mhinteriores.pt\\\/loja\\\/\",\"name\":\"Loja de Decora\u00e7\u00e3o - MH Interiores\",\"description\":\"MH Interiores\",\"publisher\":{\"@id\":\"https:\\\/\\\/mhinteriores.pt\\\/loja\\\/#organization\"},\"potentialAction\":[{\"@type\":\"SearchAction\",\"target\":{\"@type\":\"EntryPoint\",\"urlTemplate\":\"https:\\\/\\\/mhinteriores.pt\\\/loja\\\/?s={search_term_string}\"},\"query-input\":{\"@type\":\"PropertyValueSpecification\",\"valueRequired\":true,\"valueName\":\"search_term_string\"}}],\"inLanguage\":\"pt-PT\"},{\"@type\":\"Organization\",\"@id\":\"https:\\\/\\\/mhinteriores.pt\\\/loja\\\/#organization\",\"name\":\"Loja de Decora\u00e7\u00e3o - MH Interiores\",\"url\":\"https:\\\/\\\/mhinteriores.pt\\\/loja\\\/\",\"logo\":{\"@type\":\"ImageObject\",\"inLanguage\":\"pt-PT\",\"@id\":\"https:\\\/\\\/mhinteriores.pt\\\/loja\\\/#\\\/schema\\\/logo\\\/image\\\/\",\"url\":\"https:\\\/\\\/mhinteriores.pt\\\/loja\\\/wp-content\\\/uploads\\\/2024\\\/12\\\/cropped-MH-Interiores.png\",\"contentUrl\":\"https:\\\/\\\/mhinteriores.pt\\\/loja\\\/wp-content\\\/uploads\\\/2024\\\/12\\\/cropped-MH-Interiores.png\",\"width\":512,\"height\":512,\"caption\":\"Loja de Decora\u00e7\u00e3o - MH Interiores\"},\"image\":{\"@id\":\"https:\\\/\\\/mhinteriores.pt\\\/loja\\\/#\\\/schema\\\/logo\\\/image\\\/\"}}]}<\/script>\n<!-- \/ Yoast SEO Premium plugin. -->","yoast_head_json":{"title":"Copo Cocktail Victorinne 33 cl - MH Interiores - Loja Decora&ccedil;&atilde;o de Interiores","description":"O Copo Cocktail Victorinne 33cl da MH Interiores \u00e9 ideal para servir os seus cocktails favoritos com charme e sofistica\u00e7\u00e3o e combinando design elegante.","robots":{"index":"index","follow":"follow","max-snippet":"max-snippet:-1","max-image-preview":"max-image-preview:large","max-video-preview":"max-video-preview:-1"},"canonical":"https:\/\/mhinteriores.pt\/loja\/produto\/copo-cocktail-victorinne-33cl-mh-interiores\/","og_locale":"pt_PT","og_type":"article","og_title":"Copo Cocktail Victorinne 33 cl - MH Interiores","og_description":"O Copo Cocktail Victorinne 33cl da MH Interiores \u00e9 ideal para servir os seus cocktails favoritos com charme e sofistica\u00e7\u00e3o e combinando design elegante.","og_url":"https:\/\/mhinteriores.pt\/loja\/produto\/copo-cocktail-victorinne-33cl-mh-interiores\/","og_site_name":"Loja Decora&ccedil;&atilde;o de Interiores","article_modified_time":"2025-05-08T17:52:14+00:00","og_image":[{"width":840,"height":840,"url":"https:\/\/mhinteriores.pt\/loja\/wp-content\/uploads\/2025\/04\/Copo-Coktail.webp","type":"image\/webp"}],"twitter_card":"summary_large_image","twitter_misc":{"Tempo estimado de leitura":"2 minutos"},"schema":{"@context":"https:\/\/schema.org","@graph":[{"@type":"WebPage","@id":"https:\/\/mhinteriores.pt\/loja\/produto\/copo-cocktail-victorinne-33cl-mh-interiores\/","url":"https:\/\/mhinteriores.pt\/loja\/produto\/copo-cocktail-victorinne-33cl-mh-interiores\/","name":"Copo Cocktail Victorinne 33 cl - MH Interiores - Loja Decora&ccedil;&atilde;o de Interiores","isPartOf":{"@id":"https:\/\/mhinteriores.pt\/loja\/#website"},"primaryImageOfPage":{"@id":"https:\/\/mhinteriores.pt\/loja\/produto\/copo-cocktail-victorinne-33cl-mh-interiores\/#primaryimage"},"image":{"@id":"https:\/\/mhinteriores.pt\/loja\/produto\/copo-cocktail-victorinne-33cl-mh-interiores\/#primaryimage"},"thumbnailUrl":"https:\/\/mhinteriores.pt\/loja\/wp-content\/uploads\/2025\/04\/Copo-Coktail.webp","datePublished":"2025-04-14T16:51:28+00:00","dateModified":"2025-05-08T17:52:14+00:00","description":"O Copo Cocktail Victorinne 33cl da MH Interiores \u00e9 ideal para servir os seus cocktails favoritos com charme e sofistica\u00e7\u00e3o e combinando design elegante.","breadcrumb":{"@id":"https:\/\/mhinteriores.pt\/loja\/produto\/copo-cocktail-victorinne-33cl-mh-interiores\/#breadcrumb"},"inLanguage":"pt-PT","potentialAction":[{"@type":"ReadAction","target":["https:\/\/mhinteriores.pt\/loja\/produto\/copo-cocktail-victorinne-33cl-mh-interiores\/"]}]},{"@type":"ImageObject","inLanguage":"pt-PT","@id":"https:\/\/mhinteriores.pt\/loja\/produto\/copo-cocktail-victorinne-33cl-mh-interiores\/#primaryimage","url":"https:\/\/mhinteriores.pt\/loja\/wp-content\/uploads\/2025\/04\/Copo-Coktail.webp","contentUrl":"https:\/\/mhinteriores.pt\/loja\/wp-content\/uploads\/2025\/04\/Copo-Coktail.webp","width":840,"height":840,"caption":"Copo Cocktail Victorinne 33cl- MH Interiores"},{"@type":"BreadcrumbList","@id":"https:\/\/mhinteriores.pt\/loja\/produto\/copo-cocktail-victorinne-33cl-mh-interiores\/#breadcrumb","itemListElement":[{"@type":"ListItem","position":1,"name":"In\u00edcio","item":"https:\/\/mhinteriores.pt\/loja\/"},{"@type":"ListItem","position":2,"name":"Loja","item":"https:\/\/mhinteriores.pt\/loja\/loja\/"},{"@type":"ListItem","position":3,"name":"Copo Cocktail Victorinne 33 cl &#8211; MH Interiores"}]},{"@type":"WebSite","@id":"https:\/\/mhinteriores.pt\/loja\/#website","url":"https:\/\/mhinteriores.pt\/loja\/","name":"Loja de Decora\u00e7\u00e3o - MH Interiores","description":"MH Interiores","publisher":{"@id":"https:\/\/mhinteriores.pt\/loja\/#organization"},"potentialAction":[{"@type":"SearchAction","target":{"@type":"EntryPoint","urlTemplate":"https:\/\/mhinteriores.pt\/loja\/?s={search_term_string}"},"query-input":{"@type":"PropertyValueSpecification","valueRequired":true,"valueName":"search_term_string"}}],"inLanguage":"pt-PT"},{"@type":"Organization","@id":"https:\/\/mhinteriores.pt\/loja\/#organization","name":"Loja de Decora\u00e7\u00e3o - MH Interiores","url":"https:\/\/mhinteriores.pt\/loja\/","logo":{"@type":"ImageObject","inLanguage":"pt-PT","@id":"https:\/\/mhinteriores.pt\/loja\/#\/schema\/logo\/image\/","url":"https:\/\/mhinteriores.pt\/loja\/wp-content\/uploads\/2024\/12\/cropped-MH-Interiores.png","contentUrl":"https:\/\/mhinteriores.pt\/loja\/wp-content\/uploads\/2024\/12\/cropped-MH-Interiores.png","width":512,"height":512,"caption":"Loja de Decora\u00e7\u00e3o - MH Interiores"},"image":{"@id":"https:\/\/mhinteriores.pt\/loja\/#\/schema\/logo\/image\/"}}]}},"_links":{"self":[{"href":"https:\/\/mhinteriores.pt\/loja\/wp-json\/wp\/v2\/product\/2851","targetHints":{"allow":["GET"]}}],"collection":[{"href":"https:\/\/mhinteriores.pt\/loja\/wp-json\/wp\/v2\/product"}],"about":[{"href":"https:\/\/mhinteriores.pt\/loja\/wp-json\/wp\/v2\/types\/product"}],"replies":[{"embeddable":true,"href":"https:\/\/mhinteriores.pt\/loja\/wp-json\/wp\/v2\/comments?post=2851"}],"version-history":[{"count":3,"href":"https:\/\/mhinteriores.pt\/loja\/wp-json\/wp\/v2\/product\/2851\/revisions"}],"predecessor-version":[{"id":3729,"href":"https:\/\/mhinteriores.pt\/loja\/wp-json\/wp\/v2\/product\/2851\/revisions\/3729"}],"wp:featuredmedia":[{"embeddable":true,"href":"https:\/\/mhinteriores.pt\/loja\/wp-json\/wp\/v2\/media\/2852"}],"wp:attachment":[{"href":"https:\/\/mhinteriores.pt\/loja\/wp-json\/wp\/v2\/media?parent=2851"}],"wp:term":[{"taxonomy":"product_cat","embeddable":true,"href":"https:\/\/mhinteriores.pt\/loja\/wp-json\/wp\/v2\/product_cat?post=2851"},{"taxonomy":"product_tag","embeddable":true,"href":"https:\/\/mhinteriores.pt\/loja\/wp-json\/wp\/v2\/product_tag?post=2851"}],"curies":[{"name":"wp","href":"https:\/\/api.w.org\/{rel}","templated":true}]}}