{"id":2969,"date":"2025-04-15T10:06:00","date_gmt":"2025-04-15T10:06:00","guid":{"rendered":"https:\/\/mhinteriores.pt\/loja\/?post_type=product&#038;p=2969"},"modified":"2025-04-15T10:19:57","modified_gmt":"2025-04-15T10:19:57","slug":"mini-estante-norah-45x40cm-natureza-mh-interiores","status":"publish","type":"product","link":"https:\/\/mhinteriores.pt\/loja\/produto\/mini-estante-norah-45x40cm-natureza-mh-interiores\/","title":{"rendered":"Mini Estante Norah 45x40cm Natureza &#8211; MH Interiores"},"content":{"rendered":"<h4 style=\"text-align: left;\">Mini Estante Norah 45x40cm Natureza &#8211; <a href=\"https:\/\/mhinteriores.pt\/loja\/\">MH Interiores<\/a><\/h4>\n<p><span>Mini estante de alta qualidade, tecida \u00e0 m\u00e3o em rattan, da s\u00e9rie Norah. A s\u00e9rie Norah \u00e9 caracterizada pelo uso de materiais naturais como bambu e rattan. Essas plantas crescem rapidamente, s\u00e3o f\u00e1ceis de replantar e fornecem materiais resistentes para decora\u00e7\u00e3o de casa. Os materiais s\u00e3o meticulosamente tecidos e moldados com precis\u00e3o e paix\u00e3o. Um produto da s\u00e9rie Norah pode levar de 1 dia a uma semana inteira para ser conclu\u00eddo. <\/span><span>Vemos isso como um selo de qualidade que garante que voc\u00ea ficar\u00e1 satisfeito com o produto por muitos anos!<\/span><\/p>\n<p>&nbsp;<\/p>\n<p>&nbsp;<\/p>\n","protected":false},"excerpt":{"rendered":"<p>Prazo de entrega: at\u00e9 15 dias \u00fateis<\/p>\n","protected":false},"featured_media":2972,"comment_status":"open","ping_status":"closed","template":"","meta":[],"product_cat":[105,119,192],"product_tag":[],"class_list":{"0":"post-2969","1":"product","2":"type-product","3":"status-publish","4":"has-post-thumbnail","6":"product_brand-lene-bjerre","7":"product_cat-estante","8":"product_cat-estantes","9":"product_cat-estruturas-sombreadoras","11":"first","12":"instock","13":"shipping-taxable","14":"product-type-simple"},"yoast_head":"<!-- This site is optimized with the Yoast SEO Premium plugin v24.0 (Yoast SEO v27.4) - https:\/\/yoast.com\/product\/yoast-seo-premium-wordpress\/ -->\n<title>Mini Estante Norah 45x40cm Natureza - MH Interiores - Loja Decora&ccedil;&atilde;o de Interiores<\/title>\n<meta name=\"description\" content=\"A Mini Estante Norah 45x40cm Natureza da MH Interiores oferece um charme r\u00fastico e funcionalidade para organizar e decorar seus espa\u00e7os.\" \/>\n<meta name=\"robots\" content=\"index, follow, max-snippet:-1, max-image-preview:large, max-video-preview:-1\" \/>\n<link rel=\"canonical\" href=\"https:\/\/mhinteriores.pt\/loja\/produto\/mini-estante-norah-45x40cm-natureza-mh-interiores\/\" \/>\n<meta property=\"og:locale\" content=\"pt_PT\" \/>\n<meta property=\"og:type\" content=\"article\" \/>\n<meta property=\"og:title\" content=\"Mini Estante Norah 45x40cm Natureza - MH Interiores\" \/>\n<meta property=\"og:description\" content=\"A Mini Estante Norah 45x40cm Natureza da MH Interiores oferece um charme r\u00fastico e funcionalidade para organizar e decorar seus espa\u00e7os.\" \/>\n<meta property=\"og:url\" content=\"https:\/\/mhinteriores.pt\/loja\/produto\/mini-estante-norah-45x40cm-natureza-mh-interiores\/\" \/>\n<meta property=\"og:site_name\" content=\"Loja Decora&ccedil;&atilde;o de Interiores\" \/>\n<meta property=\"article:modified_time\" content=\"2025-04-15T10:19:57+00:00\" \/>\n<meta property=\"og:image\" content=\"https:\/\/mhinteriores.pt\/loja\/wp-content\/uploads\/2025\/04\/Mini-Estante-Norah-45x40cm-Natureza-MH-Interiores.webp\" \/>\n\t<meta property=\"og:image:width\" content=\"840\" \/>\n\t<meta property=\"og:image:height\" content=\"840\" \/>\n\t<meta property=\"og:image:type\" content=\"image\/webp\" \/>\n<meta name=\"twitter:card\" content=\"summary_large_image\" \/>\n<meta name=\"twitter:label1\" content=\"Tempo estimado de leitura\" \/>\n\t<meta name=\"twitter:data1\" content=\"1 minuto\" \/>\n<script type=\"application\/ld+json\" class=\"yoast-schema-graph\">{\"@context\":\"https:\\\/\\\/schema.org\",\"@graph\":[{\"@type\":\"WebPage\",\"@id\":\"https:\\\/\\\/mhinteriores.pt\\\/loja\\\/produto\\\/mini-estante-norah-45x40cm-natureza-mh-interiores\\\/\",\"url\":\"https:\\\/\\\/mhinteriores.pt\\\/loja\\\/produto\\\/mini-estante-norah-45x40cm-natureza-mh-interiores\\\/\",\"name\":\"Mini Estante Norah 45x40cm Natureza - MH Interiores - Loja Decora&ccedil;&atilde;o de Interiores\",\"isPartOf\":{\"@id\":\"https:\\\/\\\/mhinteriores.pt\\\/loja\\\/#website\"},\"primaryImageOfPage\":{\"@id\":\"https:\\\/\\\/mhinteriores.pt\\\/loja\\\/produto\\\/mini-estante-norah-45x40cm-natureza-mh-interiores\\\/#primaryimage\"},\"image\":{\"@id\":\"https:\\\/\\\/mhinteriores.pt\\\/loja\\\/produto\\\/mini-estante-norah-45x40cm-natureza-mh-interiores\\\/#primaryimage\"},\"thumbnailUrl\":\"https:\\\/\\\/mhinteriores.pt\\\/loja\\\/wp-content\\\/uploads\\\/2025\\\/04\\\/Mini-Estante-Norah-45x40cm-Natureza-MH-Interiores.webp\",\"datePublished\":\"2025-04-15T10:06:00+00:00\",\"dateModified\":\"2025-04-15T10:19:57+00:00\",\"description\":\"A Mini Estante Norah 45x40cm Natureza da MH Interiores oferece um charme r\u00fastico e funcionalidade para organizar e decorar seus espa\u00e7os.\",\"breadcrumb\":{\"@id\":\"https:\\\/\\\/mhinteriores.pt\\\/loja\\\/produto\\\/mini-estante-norah-45x40cm-natureza-mh-interiores\\\/#breadcrumb\"},\"inLanguage\":\"pt-PT\",\"potentialAction\":[{\"@type\":\"ReadAction\",\"target\":[\"https:\\\/\\\/mhinteriores.pt\\\/loja\\\/produto\\\/mini-estante-norah-45x40cm-natureza-mh-interiores\\\/\"]}]},{\"@type\":\"ImageObject\",\"inLanguage\":\"pt-PT\",\"@id\":\"https:\\\/\\\/mhinteriores.pt\\\/loja\\\/produto\\\/mini-estante-norah-45x40cm-natureza-mh-interiores\\\/#primaryimage\",\"url\":\"https:\\\/\\\/mhinteriores.pt\\\/loja\\\/wp-content\\\/uploads\\\/2025\\\/04\\\/Mini-Estante-Norah-45x40cm-Natureza-MH-Interiores.webp\",\"contentUrl\":\"https:\\\/\\\/mhinteriores.pt\\\/loja\\\/wp-content\\\/uploads\\\/2025\\\/04\\\/Mini-Estante-Norah-45x40cm-Natureza-MH-Interiores.webp\",\"width\":840,\"height\":840,\"caption\":\"Mini Estante Norah 45x40cm Natureza - MH Interiores\"},{\"@type\":\"BreadcrumbList\",\"@id\":\"https:\\\/\\\/mhinteriores.pt\\\/loja\\\/produto\\\/mini-estante-norah-45x40cm-natureza-mh-interiores\\\/#breadcrumb\",\"itemListElement\":[{\"@type\":\"ListItem\",\"position\":1,\"name\":\"In\u00edcio\",\"item\":\"https:\\\/\\\/mhinteriores.pt\\\/loja\\\/\"},{\"@type\":\"ListItem\",\"position\":2,\"name\":\"Loja\",\"item\":\"https:\\\/\\\/mhinteriores.pt\\\/loja\\\/loja\\\/\"},{\"@type\":\"ListItem\",\"position\":3,\"name\":\"Mini Estante Norah 45x40cm Natureza &#8211; MH Interiores\"}]},{\"@type\":\"WebSite\",\"@id\":\"https:\\\/\\\/mhinteriores.pt\\\/loja\\\/#website\",\"url\":\"https:\\\/\\\/mhinteriores.pt\\\/loja\\\/\",\"name\":\"Loja de Decora\u00e7\u00e3o - MH Interiores\",\"description\":\"MH Interiores\",\"publisher\":{\"@id\":\"https:\\\/\\\/mhinteriores.pt\\\/loja\\\/#organization\"},\"potentialAction\":[{\"@type\":\"SearchAction\",\"target\":{\"@type\":\"EntryPoint\",\"urlTemplate\":\"https:\\\/\\\/mhinteriores.pt\\\/loja\\\/?s={search_term_string}\"},\"query-input\":{\"@type\":\"PropertyValueSpecification\",\"valueRequired\":true,\"valueName\":\"search_term_string\"}}],\"inLanguage\":\"pt-PT\"},{\"@type\":\"Organization\",\"@id\":\"https:\\\/\\\/mhinteriores.pt\\\/loja\\\/#organization\",\"name\":\"Loja de Decora\u00e7\u00e3o - MH Interiores\",\"url\":\"https:\\\/\\\/mhinteriores.pt\\\/loja\\\/\",\"logo\":{\"@type\":\"ImageObject\",\"inLanguage\":\"pt-PT\",\"@id\":\"https:\\\/\\\/mhinteriores.pt\\\/loja\\\/#\\\/schema\\\/logo\\\/image\\\/\",\"url\":\"https:\\\/\\\/mhinteriores.pt\\\/loja\\\/wp-content\\\/uploads\\\/2024\\\/12\\\/cropped-MH-Interiores.png\",\"contentUrl\":\"https:\\\/\\\/mhinteriores.pt\\\/loja\\\/wp-content\\\/uploads\\\/2024\\\/12\\\/cropped-MH-Interiores.png\",\"width\":512,\"height\":512,\"caption\":\"Loja de Decora\u00e7\u00e3o - MH Interiores\"},\"image\":{\"@id\":\"https:\\\/\\\/mhinteriores.pt\\\/loja\\\/#\\\/schema\\\/logo\\\/image\\\/\"}}]}<\/script>\n<!-- \/ Yoast SEO Premium plugin. -->","yoast_head_json":{"title":"Mini Estante Norah 45x40cm Natureza - MH Interiores - Loja Decora&ccedil;&atilde;o de Interiores","description":"A Mini Estante Norah 45x40cm Natureza da MH Interiores oferece um charme r\u00fastico e funcionalidade para organizar e decorar seus espa\u00e7os.","robots":{"index":"index","follow":"follow","max-snippet":"max-snippet:-1","max-image-preview":"max-image-preview:large","max-video-preview":"max-video-preview:-1"},"canonical":"https:\/\/mhinteriores.pt\/loja\/produto\/mini-estante-norah-45x40cm-natureza-mh-interiores\/","og_locale":"pt_PT","og_type":"article","og_title":"Mini Estante Norah 45x40cm Natureza - MH Interiores","og_description":"A Mini Estante Norah 45x40cm Natureza da MH Interiores oferece um charme r\u00fastico e funcionalidade para organizar e decorar seus espa\u00e7os.","og_url":"https:\/\/mhinteriores.pt\/loja\/produto\/mini-estante-norah-45x40cm-natureza-mh-interiores\/","og_site_name":"Loja Decora&ccedil;&atilde;o de Interiores","article_modified_time":"2025-04-15T10:19:57+00:00","og_image":[{"width":840,"height":840,"url":"https:\/\/mhinteriores.pt\/loja\/wp-content\/uploads\/2025\/04\/Mini-Estante-Norah-45x40cm-Natureza-MH-Interiores.webp","type":"image\/webp"}],"twitter_card":"summary_large_image","twitter_misc":{"Tempo estimado de leitura":"1 minuto"},"schema":{"@context":"https:\/\/schema.org","@graph":[{"@type":"WebPage","@id":"https:\/\/mhinteriores.pt\/loja\/produto\/mini-estante-norah-45x40cm-natureza-mh-interiores\/","url":"https:\/\/mhinteriores.pt\/loja\/produto\/mini-estante-norah-45x40cm-natureza-mh-interiores\/","name":"Mini Estante Norah 45x40cm Natureza - MH Interiores - Loja Decora&ccedil;&atilde;o de Interiores","isPartOf":{"@id":"https:\/\/mhinteriores.pt\/loja\/#website"},"primaryImageOfPage":{"@id":"https:\/\/mhinteriores.pt\/loja\/produto\/mini-estante-norah-45x40cm-natureza-mh-interiores\/#primaryimage"},"image":{"@id":"https:\/\/mhinteriores.pt\/loja\/produto\/mini-estante-norah-45x40cm-natureza-mh-interiores\/#primaryimage"},"thumbnailUrl":"https:\/\/mhinteriores.pt\/loja\/wp-content\/uploads\/2025\/04\/Mini-Estante-Norah-45x40cm-Natureza-MH-Interiores.webp","datePublished":"2025-04-15T10:06:00+00:00","dateModified":"2025-04-15T10:19:57+00:00","description":"A Mini Estante Norah 45x40cm Natureza da MH Interiores oferece um charme r\u00fastico e funcionalidade para organizar e decorar seus espa\u00e7os.","breadcrumb":{"@id":"https:\/\/mhinteriores.pt\/loja\/produto\/mini-estante-norah-45x40cm-natureza-mh-interiores\/#breadcrumb"},"inLanguage":"pt-PT","potentialAction":[{"@type":"ReadAction","target":["https:\/\/mhinteriores.pt\/loja\/produto\/mini-estante-norah-45x40cm-natureza-mh-interiores\/"]}]},{"@type":"ImageObject","inLanguage":"pt-PT","@id":"https:\/\/mhinteriores.pt\/loja\/produto\/mini-estante-norah-45x40cm-natureza-mh-interiores\/#primaryimage","url":"https:\/\/mhinteriores.pt\/loja\/wp-content\/uploads\/2025\/04\/Mini-Estante-Norah-45x40cm-Natureza-MH-Interiores.webp","contentUrl":"https:\/\/mhinteriores.pt\/loja\/wp-content\/uploads\/2025\/04\/Mini-Estante-Norah-45x40cm-Natureza-MH-Interiores.webp","width":840,"height":840,"caption":"Mini Estante Norah 45x40cm Natureza - MH Interiores"},{"@type":"BreadcrumbList","@id":"https:\/\/mhinteriores.pt\/loja\/produto\/mini-estante-norah-45x40cm-natureza-mh-interiores\/#breadcrumb","itemListElement":[{"@type":"ListItem","position":1,"name":"In\u00edcio","item":"https:\/\/mhinteriores.pt\/loja\/"},{"@type":"ListItem","position":2,"name":"Loja","item":"https:\/\/mhinteriores.pt\/loja\/loja\/"},{"@type":"ListItem","position":3,"name":"Mini Estante Norah 45x40cm Natureza &#8211; MH Interiores"}]},{"@type":"WebSite","@id":"https:\/\/mhinteriores.pt\/loja\/#website","url":"https:\/\/mhinteriores.pt\/loja\/","name":"Loja de Decora\u00e7\u00e3o - MH Interiores","description":"MH Interiores","publisher":{"@id":"https:\/\/mhinteriores.pt\/loja\/#organization"},"potentialAction":[{"@type":"SearchAction","target":{"@type":"EntryPoint","urlTemplate":"https:\/\/mhinteriores.pt\/loja\/?s={search_term_string}"},"query-input":{"@type":"PropertyValueSpecification","valueRequired":true,"valueName":"search_term_string"}}],"inLanguage":"pt-PT"},{"@type":"Organization","@id":"https:\/\/mhinteriores.pt\/loja\/#organization","name":"Loja de Decora\u00e7\u00e3o - MH Interiores","url":"https:\/\/mhinteriores.pt\/loja\/","logo":{"@type":"ImageObject","inLanguage":"pt-PT","@id":"https:\/\/mhinteriores.pt\/loja\/#\/schema\/logo\/image\/","url":"https:\/\/mhinteriores.pt\/loja\/wp-content\/uploads\/2024\/12\/cropped-MH-Interiores.png","contentUrl":"https:\/\/mhinteriores.pt\/loja\/wp-content\/uploads\/2024\/12\/cropped-MH-Interiores.png","width":512,"height":512,"caption":"Loja de Decora\u00e7\u00e3o - MH Interiores"},"image":{"@id":"https:\/\/mhinteriores.pt\/loja\/#\/schema\/logo\/image\/"}}]}},"_links":{"self":[{"href":"https:\/\/mhinteriores.pt\/loja\/wp-json\/wp\/v2\/product\/2969","targetHints":{"allow":["GET"]}}],"collection":[{"href":"https:\/\/mhinteriores.pt\/loja\/wp-json\/wp\/v2\/product"}],"about":[{"href":"https:\/\/mhinteriores.pt\/loja\/wp-json\/wp\/v2\/types\/product"}],"replies":[{"embeddable":true,"href":"https:\/\/mhinteriores.pt\/loja\/wp-json\/wp\/v2\/comments?post=2969"}],"version-history":[{"count":1,"href":"https:\/\/mhinteriores.pt\/loja\/wp-json\/wp\/v2\/product\/2969\/revisions"}],"predecessor-version":[{"id":2975,"href":"https:\/\/mhinteriores.pt\/loja\/wp-json\/wp\/v2\/product\/2969\/revisions\/2975"}],"wp:featuredmedia":[{"embeddable":true,"href":"https:\/\/mhinteriores.pt\/loja\/wp-json\/wp\/v2\/media\/2972"}],"wp:attachment":[{"href":"https:\/\/mhinteriores.pt\/loja\/wp-json\/wp\/v2\/media?parent=2969"}],"wp:term":[{"taxonomy":"product_cat","embeddable":true,"href":"https:\/\/mhinteriores.pt\/loja\/wp-json\/wp\/v2\/product_cat?post=2969"},{"taxonomy":"product_tag","embeddable":true,"href":"https:\/\/mhinteriores.pt\/loja\/wp-json\/wp\/v2\/product_tag?post=2969"}],"curies":[{"name":"wp","href":"https:\/\/api.w.org\/{rel}","templated":true}]}}