{"id":4011,"date":"2025-05-15T09:44:46","date_gmt":"2025-05-15T09:44:46","guid":{"rendered":"https:\/\/mhinteriores.pt\/loja\/?post_type=product&#038;p=4011"},"modified":"2025-05-15T09:51:52","modified_gmt":"2025-05-15T09:51:52","slug":"espelho-hallia-ouro-claro-mh-interiores","status":"publish","type":"product","link":"https:\/\/mhinteriores.pt\/loja\/produto\/espelho-hallia-ouro-claro-mh-interiores\/","title":{"rendered":"Espelho Hallia Ouro Claro &#8211; MH Interiores"},"content":{"rendered":"<h4 style=\"text-align: left;\">Espelho Hallia Ouro Claro 80x80cm \u00a0&#8211; <a href=\"https:\/\/mhinteriores.pt\/loja\/\">MH Interiores<\/a><\/h4>\n<p class=\"\" data-start=\"117\" data-end=\"372\">Adicione um toque de eleg\u00e2ncia \u00e0 sua casa com este espelho redondo da s\u00e9rie Hallia. Feito \u00e0 m\u00e3o, o espelho possui uma moldura em alum\u00ednio que lhe confere um visual imponente e intemporal. A sua moldura aerodin\u00e2mica cria um aspeto cl\u00e1ssico e sofisticado.<\/p>\n<p class=\"\" data-start=\"374\" data-end=\"504\">Este espelho \u00e9 perfeito para espa\u00e7os amplos, permitindo que veja o seu reflexo com clareza e refletindo a luz por todo o ambiente.<\/p>\n","protected":false},"excerpt":{"rendered":"<p>Prazo de entrega: at\u00e9 15 dias \u00fateis<\/p>\n","protected":false},"featured_media":4006,"comment_status":"open","ping_status":"closed","template":"","meta":[],"product_cat":[221,98,132],"product_tag":[],"class_list":{"0":"post-4011","1":"product","2":"type-product","3":"status-publish","4":"has-post-thumbnail","6":"product_brand-lene-bjerre","7":"product_cat-espelhos-casa-de-banho","8":"product_cat-espelhos","9":"product_cat-espelhos-parede","11":"first","12":"instock","13":"shipping-taxable","14":"product-type-simple"},"yoast_head":"<!-- This site is optimized with the Yoast SEO Premium plugin v24.0 (Yoast SEO v27.4) - https:\/\/yoast.com\/product\/yoast-seo-premium-wordpress\/ -->\n<title>Espelho Hallia Ouro Claro - MH Interiores - Loja Decora&ccedil;&atilde;o de Interiores<\/title>\n<meta name=\"description\" content=\"Espelho Hallia Ouro Claro da MH Interiores: moldura dourada sofisticada, ideal para ampliar e iluminar ambientes com eleg\u00e2ncia e estilo contempor\u00e2neo.\" \/>\n<meta name=\"robots\" content=\"index, follow, max-snippet:-1, max-image-preview:large, max-video-preview:-1\" \/>\n<link rel=\"canonical\" href=\"https:\/\/mhinteriores.pt\/loja\/produto\/espelho-hallia-ouro-claro-mh-interiores\/\" \/>\n<meta property=\"og:locale\" content=\"pt_PT\" \/>\n<meta property=\"og:type\" content=\"article\" \/>\n<meta property=\"og:title\" content=\"Espelho Hallia Ouro Claro - MH Interiores\" \/>\n<meta property=\"og:description\" content=\"Espelho Hallia Ouro Claro da MH Interiores: moldura dourada sofisticada, ideal para ampliar e iluminar ambientes com eleg\u00e2ncia e estilo contempor\u00e2neo.\" \/>\n<meta property=\"og:url\" content=\"https:\/\/mhinteriores.pt\/loja\/produto\/espelho-hallia-ouro-claro-mh-interiores\/\" \/>\n<meta property=\"og:site_name\" content=\"Loja Decora&ccedil;&atilde;o de Interiores\" \/>\n<meta property=\"article:modified_time\" content=\"2025-05-15T09:51:52+00:00\" \/>\n<meta property=\"og:image\" content=\"https:\/\/mhinteriores.pt\/loja\/wp-content\/uploads\/2025\/05\/Espelho-Hallia-A80xL80-cm.-ouro-claro-2.webp\" \/>\n\t<meta property=\"og:image:width\" content=\"500\" \/>\n\t<meta property=\"og:image:height\" content=\"500\" \/>\n\t<meta property=\"og:image:type\" content=\"image\/webp\" \/>\n<meta name=\"twitter:card\" content=\"summary_large_image\" \/>\n<meta name=\"twitter:label1\" content=\"Tempo estimado de leitura\" \/>\n\t<meta name=\"twitter:data1\" content=\"1 minuto\" \/>\n<script type=\"application\/ld+json\" class=\"yoast-schema-graph\">{\"@context\":\"https:\\\/\\\/schema.org\",\"@graph\":[{\"@type\":\"WebPage\",\"@id\":\"https:\\\/\\\/mhinteriores.pt\\\/loja\\\/produto\\\/espelho-hallia-ouro-claro-mh-interiores\\\/\",\"url\":\"https:\\\/\\\/mhinteriores.pt\\\/loja\\\/produto\\\/espelho-hallia-ouro-claro-mh-interiores\\\/\",\"name\":\"Espelho Hallia Ouro Claro - MH Interiores - Loja Decora&ccedil;&atilde;o de Interiores\",\"isPartOf\":{\"@id\":\"https:\\\/\\\/mhinteriores.pt\\\/loja\\\/#website\"},\"primaryImageOfPage\":{\"@id\":\"https:\\\/\\\/mhinteriores.pt\\\/loja\\\/produto\\\/espelho-hallia-ouro-claro-mh-interiores\\\/#primaryimage\"},\"image\":{\"@id\":\"https:\\\/\\\/mhinteriores.pt\\\/loja\\\/produto\\\/espelho-hallia-ouro-claro-mh-interiores\\\/#primaryimage\"},\"thumbnailUrl\":\"https:\\\/\\\/mhinteriores.pt\\\/loja\\\/wp-content\\\/uploads\\\/2025\\\/05\\\/Espelho-Hallia-A80xL80-cm.-ouro-claro-2.webp\",\"datePublished\":\"2025-05-15T09:44:46+00:00\",\"dateModified\":\"2025-05-15T09:51:52+00:00\",\"description\":\"Espelho Hallia Ouro Claro da MH Interiores: moldura dourada sofisticada, ideal para ampliar e iluminar ambientes com eleg\u00e2ncia e estilo contempor\u00e2neo.\",\"breadcrumb\":{\"@id\":\"https:\\\/\\\/mhinteriores.pt\\\/loja\\\/produto\\\/espelho-hallia-ouro-claro-mh-interiores\\\/#breadcrumb\"},\"inLanguage\":\"pt-PT\",\"potentialAction\":[{\"@type\":\"ReadAction\",\"target\":[\"https:\\\/\\\/mhinteriores.pt\\\/loja\\\/produto\\\/espelho-hallia-ouro-claro-mh-interiores\\\/\"]}]},{\"@type\":\"ImageObject\",\"inLanguage\":\"pt-PT\",\"@id\":\"https:\\\/\\\/mhinteriores.pt\\\/loja\\\/produto\\\/espelho-hallia-ouro-claro-mh-interiores\\\/#primaryimage\",\"url\":\"https:\\\/\\\/mhinteriores.pt\\\/loja\\\/wp-content\\\/uploads\\\/2025\\\/05\\\/Espelho-Hallia-A80xL80-cm.-ouro-claro-2.webp\",\"contentUrl\":\"https:\\\/\\\/mhinteriores.pt\\\/loja\\\/wp-content\\\/uploads\\\/2025\\\/05\\\/Espelho-Hallia-A80xL80-cm.-ouro-claro-2.webp\",\"width\":500,\"height\":500,\"caption\":\"Espelho Hallia A80xL80 cm. ouro claro\"},{\"@type\":\"BreadcrumbList\",\"@id\":\"https:\\\/\\\/mhinteriores.pt\\\/loja\\\/produto\\\/espelho-hallia-ouro-claro-mh-interiores\\\/#breadcrumb\",\"itemListElement\":[{\"@type\":\"ListItem\",\"position\":1,\"name\":\"In\u00edcio\",\"item\":\"https:\\\/\\\/mhinteriores.pt\\\/loja\\\/\"},{\"@type\":\"ListItem\",\"position\":2,\"name\":\"Loja\",\"item\":\"https:\\\/\\\/mhinteriores.pt\\\/loja\\\/loja\\\/\"},{\"@type\":\"ListItem\",\"position\":3,\"name\":\"Espelho Hallia Ouro Claro &#8211; MH Interiores\"}]},{\"@type\":\"WebSite\",\"@id\":\"https:\\\/\\\/mhinteriores.pt\\\/loja\\\/#website\",\"url\":\"https:\\\/\\\/mhinteriores.pt\\\/loja\\\/\",\"name\":\"Loja de Decora\u00e7\u00e3o - MH Interiores\",\"description\":\"MH Interiores\",\"publisher\":{\"@id\":\"https:\\\/\\\/mhinteriores.pt\\\/loja\\\/#organization\"},\"potentialAction\":[{\"@type\":\"SearchAction\",\"target\":{\"@type\":\"EntryPoint\",\"urlTemplate\":\"https:\\\/\\\/mhinteriores.pt\\\/loja\\\/?s={search_term_string}\"},\"query-input\":{\"@type\":\"PropertyValueSpecification\",\"valueRequired\":true,\"valueName\":\"search_term_string\"}}],\"inLanguage\":\"pt-PT\"},{\"@type\":\"Organization\",\"@id\":\"https:\\\/\\\/mhinteriores.pt\\\/loja\\\/#organization\",\"name\":\"Loja de Decora\u00e7\u00e3o - MH Interiores\",\"url\":\"https:\\\/\\\/mhinteriores.pt\\\/loja\\\/\",\"logo\":{\"@type\":\"ImageObject\",\"inLanguage\":\"pt-PT\",\"@id\":\"https:\\\/\\\/mhinteriores.pt\\\/loja\\\/#\\\/schema\\\/logo\\\/image\\\/\",\"url\":\"https:\\\/\\\/mhinteriores.pt\\\/loja\\\/wp-content\\\/uploads\\\/2024\\\/12\\\/cropped-MH-Interiores.png\",\"contentUrl\":\"https:\\\/\\\/mhinteriores.pt\\\/loja\\\/wp-content\\\/uploads\\\/2024\\\/12\\\/cropped-MH-Interiores.png\",\"width\":512,\"height\":512,\"caption\":\"Loja de Decora\u00e7\u00e3o - MH Interiores\"},\"image\":{\"@id\":\"https:\\\/\\\/mhinteriores.pt\\\/loja\\\/#\\\/schema\\\/logo\\\/image\\\/\"}}]}<\/script>\n<!-- \/ Yoast SEO Premium plugin. -->","yoast_head_json":{"title":"Espelho Hallia Ouro Claro - MH Interiores - Loja Decora&ccedil;&atilde;o de Interiores","description":"Espelho Hallia Ouro Claro da MH Interiores: moldura dourada sofisticada, ideal para ampliar e iluminar ambientes com eleg\u00e2ncia e estilo contempor\u00e2neo.","robots":{"index":"index","follow":"follow","max-snippet":"max-snippet:-1","max-image-preview":"max-image-preview:large","max-video-preview":"max-video-preview:-1"},"canonical":"https:\/\/mhinteriores.pt\/loja\/produto\/espelho-hallia-ouro-claro-mh-interiores\/","og_locale":"pt_PT","og_type":"article","og_title":"Espelho Hallia Ouro Claro - MH Interiores","og_description":"Espelho Hallia Ouro Claro da MH Interiores: moldura dourada sofisticada, ideal para ampliar e iluminar ambientes com eleg\u00e2ncia e estilo contempor\u00e2neo.","og_url":"https:\/\/mhinteriores.pt\/loja\/produto\/espelho-hallia-ouro-claro-mh-interiores\/","og_site_name":"Loja Decora&ccedil;&atilde;o de Interiores","article_modified_time":"2025-05-15T09:51:52+00:00","og_image":[{"width":500,"height":500,"url":"https:\/\/mhinteriores.pt\/loja\/wp-content\/uploads\/2025\/05\/Espelho-Hallia-A80xL80-cm.-ouro-claro-2.webp","type":"image\/webp"}],"twitter_card":"summary_large_image","twitter_misc":{"Tempo estimado de leitura":"1 minuto"},"schema":{"@context":"https:\/\/schema.org","@graph":[{"@type":"WebPage","@id":"https:\/\/mhinteriores.pt\/loja\/produto\/espelho-hallia-ouro-claro-mh-interiores\/","url":"https:\/\/mhinteriores.pt\/loja\/produto\/espelho-hallia-ouro-claro-mh-interiores\/","name":"Espelho Hallia Ouro Claro - MH Interiores - Loja Decora&ccedil;&atilde;o de Interiores","isPartOf":{"@id":"https:\/\/mhinteriores.pt\/loja\/#website"},"primaryImageOfPage":{"@id":"https:\/\/mhinteriores.pt\/loja\/produto\/espelho-hallia-ouro-claro-mh-interiores\/#primaryimage"},"image":{"@id":"https:\/\/mhinteriores.pt\/loja\/produto\/espelho-hallia-ouro-claro-mh-interiores\/#primaryimage"},"thumbnailUrl":"https:\/\/mhinteriores.pt\/loja\/wp-content\/uploads\/2025\/05\/Espelho-Hallia-A80xL80-cm.-ouro-claro-2.webp","datePublished":"2025-05-15T09:44:46+00:00","dateModified":"2025-05-15T09:51:52+00:00","description":"Espelho Hallia Ouro Claro da MH Interiores: moldura dourada sofisticada, ideal para ampliar e iluminar ambientes com eleg\u00e2ncia e estilo contempor\u00e2neo.","breadcrumb":{"@id":"https:\/\/mhinteriores.pt\/loja\/produto\/espelho-hallia-ouro-claro-mh-interiores\/#breadcrumb"},"inLanguage":"pt-PT","potentialAction":[{"@type":"ReadAction","target":["https:\/\/mhinteriores.pt\/loja\/produto\/espelho-hallia-ouro-claro-mh-interiores\/"]}]},{"@type":"ImageObject","inLanguage":"pt-PT","@id":"https:\/\/mhinteriores.pt\/loja\/produto\/espelho-hallia-ouro-claro-mh-interiores\/#primaryimage","url":"https:\/\/mhinteriores.pt\/loja\/wp-content\/uploads\/2025\/05\/Espelho-Hallia-A80xL80-cm.-ouro-claro-2.webp","contentUrl":"https:\/\/mhinteriores.pt\/loja\/wp-content\/uploads\/2025\/05\/Espelho-Hallia-A80xL80-cm.-ouro-claro-2.webp","width":500,"height":500,"caption":"Espelho Hallia A80xL80 cm. ouro claro"},{"@type":"BreadcrumbList","@id":"https:\/\/mhinteriores.pt\/loja\/produto\/espelho-hallia-ouro-claro-mh-interiores\/#breadcrumb","itemListElement":[{"@type":"ListItem","position":1,"name":"In\u00edcio","item":"https:\/\/mhinteriores.pt\/loja\/"},{"@type":"ListItem","position":2,"name":"Loja","item":"https:\/\/mhinteriores.pt\/loja\/loja\/"},{"@type":"ListItem","position":3,"name":"Espelho Hallia Ouro Claro &#8211; MH Interiores"}]},{"@type":"WebSite","@id":"https:\/\/mhinteriores.pt\/loja\/#website","url":"https:\/\/mhinteriores.pt\/loja\/","name":"Loja de Decora\u00e7\u00e3o - MH Interiores","description":"MH Interiores","publisher":{"@id":"https:\/\/mhinteriores.pt\/loja\/#organization"},"potentialAction":[{"@type":"SearchAction","target":{"@type":"EntryPoint","urlTemplate":"https:\/\/mhinteriores.pt\/loja\/?s={search_term_string}"},"query-input":{"@type":"PropertyValueSpecification","valueRequired":true,"valueName":"search_term_string"}}],"inLanguage":"pt-PT"},{"@type":"Organization","@id":"https:\/\/mhinteriores.pt\/loja\/#organization","name":"Loja de Decora\u00e7\u00e3o - MH Interiores","url":"https:\/\/mhinteriores.pt\/loja\/","logo":{"@type":"ImageObject","inLanguage":"pt-PT","@id":"https:\/\/mhinteriores.pt\/loja\/#\/schema\/logo\/image\/","url":"https:\/\/mhinteriores.pt\/loja\/wp-content\/uploads\/2024\/12\/cropped-MH-Interiores.png","contentUrl":"https:\/\/mhinteriores.pt\/loja\/wp-content\/uploads\/2024\/12\/cropped-MH-Interiores.png","width":512,"height":512,"caption":"Loja de Decora\u00e7\u00e3o - MH Interiores"},"image":{"@id":"https:\/\/mhinteriores.pt\/loja\/#\/schema\/logo\/image\/"}}]}},"_links":{"self":[{"href":"https:\/\/mhinteriores.pt\/loja\/wp-json\/wp\/v2\/product\/4011","targetHints":{"allow":["GET"]}}],"collection":[{"href":"https:\/\/mhinteriores.pt\/loja\/wp-json\/wp\/v2\/product"}],"about":[{"href":"https:\/\/mhinteriores.pt\/loja\/wp-json\/wp\/v2\/types\/product"}],"replies":[{"embeddable":true,"href":"https:\/\/mhinteriores.pt\/loja\/wp-json\/wp\/v2\/comments?post=4011"}],"version-history":[{"count":1,"href":"https:\/\/mhinteriores.pt\/loja\/wp-json\/wp\/v2\/product\/4011\/revisions"}],"predecessor-version":[{"id":4012,"href":"https:\/\/mhinteriores.pt\/loja\/wp-json\/wp\/v2\/product\/4011\/revisions\/4012"}],"wp:featuredmedia":[{"embeddable":true,"href":"https:\/\/mhinteriores.pt\/loja\/wp-json\/wp\/v2\/media\/4006"}],"wp:attachment":[{"href":"https:\/\/mhinteriores.pt\/loja\/wp-json\/wp\/v2\/media?parent=4011"}],"wp:term":[{"taxonomy":"product_cat","embeddable":true,"href":"https:\/\/mhinteriores.pt\/loja\/wp-json\/wp\/v2\/product_cat?post=4011"},{"taxonomy":"product_tag","embeddable":true,"href":"https:\/\/mhinteriores.pt\/loja\/wp-json\/wp\/v2\/product_tag?post=4011"}],"curies":[{"name":"wp","href":"https:\/\/api.w.org\/{rel}","templated":true}]}}