{"id":4151,"date":"2025-05-27T08:34:42","date_gmt":"2025-05-27T08:34:42","guid":{"rendered":"https:\/\/mhinteriores.pt\/loja\/?post_type=product&#038;p=4151"},"modified":"2025-05-27T08:48:36","modified_gmt":"2025-05-27T08:48:36","slug":"poltrona-norah-natureza-100cm-mh-interiores","status":"publish","type":"product","link":"https:\/\/mhinteriores.pt\/loja\/produto\/poltrona-norah-natureza-100cm-mh-interiores\/","title":{"rendered":"Poltrona Norah Natureza 100cm &#8211; MH Interiores"},"content":{"rendered":"<h4 style=\"text-align: left;\">Poltrona Norah Natureza 100cm &#8211; <a href=\"https:\/\/mhinteriores.pt\/loja\/\">MH Interiores<\/a><\/h4>\n<h4 data-start=\"314\" data-end=\"631\"><strong data-start=\"314\" data-end=\"339\">Descri\u00e7\u00e3o do Produto:<\/strong><\/h4>\n<p data-start=\"314\" data-end=\"631\">Poltrona em vime entran\u00e7ado \u00e0 m\u00e3o, de elevada qualidade, pertencente \u00e0 nossa cole\u00e7\u00e3o <em data-start=\"427\" data-end=\"434\">Norah<\/em>. Esta linha distingue-se pela utiliza\u00e7\u00e3o de materiais naturais, como o bambu e o vime \u2013 plantas de crescimento r\u00e1pido, sustent\u00e1veis e ideais para utiliza\u00e7\u00e3o em interiores devido \u00e0 sua resist\u00eancia.<\/p>\n<p data-start=\"633\" data-end=\"931\">Cada pe\u00e7a \u00e9 cuidadosamente tecida e moldada com aten\u00e7\u00e3o ao detalhe e paix\u00e3o artesanal. Dependendo da complexidade, um produto da s\u00e9rie <em data-start=\"768\" data-end=\"775\">Norah<\/em> pode demorar entre um dia e uma semana inteira a ser conclu\u00eddo \u2013 um verdadeiro selo de qualidade que assegura um artigo duradouro e cheio de personalidade.<\/p>\n<h4 data-start=\"933\" data-end=\"1364\"><strong data-start=\"933\" data-end=\"952\">Impacto Social:<\/strong><\/h4>\n<p data-start=\"933\" data-end=\"1364\">Todos os artigos da cole\u00e7\u00e3o <em data-start=\"983\" data-end=\"990\">Norah<\/em> s\u00e3o produzidos por mulheres em Myanmar (Birm\u00e2nia), que trabalham a partir de casa. Neste pa\u00eds, existe uma forte tradi\u00e7\u00e3o cultural que atribui \u00e0 mulher o papel de cuidadora do lar e dos filhos, deixando muitas fam\u00edlias dependentes exclusivamente do rendimento do homem. O trabalho artesanal com vime oferece uma oportunidade real de rendimento adicional para estas mulheres.<\/p>\n<p data-start=\"1366\" data-end=\"1755\">Escolhemos cuidadosamente um fornecedor que garante condi\u00e7\u00f5es de trabalho justas e dignas para estas artes\u00e3s, assegurando o acesso a materiais de qualidade, forma\u00e7\u00e3o especializada e ferramentas adequadas. Este apoio permite-lhes desenvolver-se enquanto profissionais qualificadas e \u00e9 parte essencial da miss\u00e3o do nosso parceiro \u2013 levar estas oportunidades a mais regi\u00f5es rurais de Myanmar.<\/p>\n<p data-start=\"1757\" data-end=\"1955\">Ao adquirir um m\u00f3vel da cole\u00e7\u00e3o <em data-start=\"1789\" data-end=\"1796\">Norah<\/em>, est\u00e1 a contribuir diretamente para o empoderamento de mulheres trabalhadoras e para a melhoria das suas condi\u00e7\u00f5es de vida. Juntos, podemos fazer a diferen\u00e7a.<\/p>\n<p>&nbsp;<\/p>\n","protected":false},"excerpt":{"rendered":"<p>Prazo de entrega: at\u00e9 15 dias \u00fateis<\/p>\n","protected":false},"featured_media":4157,"comment_status":"open","ping_status":"closed","template":"","meta":[],"product_cat":[128],"product_tag":[],"class_list":{"0":"post-4151","1":"product","2":"type-product","3":"status-publish","4":"has-post-thumbnail","6":"product_brand-lene-bjerre","7":"product_cat-cadeiroes-exteriores","9":"first","10":"instock","11":"shipping-taxable","12":"product-type-simple"},"yoast_head":"<!-- This site is optimized with the Yoast SEO Premium plugin v24.0 (Yoast SEO v27.4) - https:\/\/yoast.com\/product\/yoast-seo-premium-wordpress\/ -->\n<title>Poltrona Norah Natureza 100cm - MH Interiores - Loja Decora&ccedil;&atilde;o de Interiores<\/title>\n<meta name=\"description\" content=\"Poltrona Norah 100cm com design elegante, acabamento natural e conforto ideal para salas e quartos. Toque r\u00fastico e sofisticado na decora\u00e7\u00e3o.\" \/>\n<meta name=\"robots\" content=\"index, follow, max-snippet:-1, max-image-preview:large, max-video-preview:-1\" \/>\n<link rel=\"canonical\" href=\"https:\/\/mhinteriores.pt\/loja\/produto\/poltrona-norah-natureza-100cm-mh-interiores\/\" \/>\n<meta property=\"og:locale\" content=\"pt_PT\" \/>\n<meta property=\"og:type\" content=\"article\" \/>\n<meta property=\"og:title\" content=\"Poltrona Norah Natureza 100cm - MH Interiores\" \/>\n<meta property=\"og:description\" content=\"Poltrona Norah 100cm com design elegante, acabamento natural e conforto ideal para salas e quartos. Toque r\u00fastico e sofisticado na decora\u00e7\u00e3o.\" \/>\n<meta property=\"og:url\" content=\"https:\/\/mhinteriores.pt\/loja\/produto\/poltrona-norah-natureza-100cm-mh-interiores\/\" \/>\n<meta property=\"og:site_name\" content=\"Loja Decora&ccedil;&atilde;o de Interiores\" \/>\n<meta property=\"article:modified_time\" content=\"2025-05-27T08:48:36+00:00\" \/>\n<meta property=\"og:image\" content=\"https:\/\/mhinteriores.pt\/loja\/wp-content\/uploads\/2025\/05\/Poltrona-Norah-H100-cm.-natureza-6.webp\" \/>\n\t<meta property=\"og:image:width\" content=\"500\" \/>\n\t<meta property=\"og:image:height\" content=\"500\" \/>\n\t<meta property=\"og:image:type\" content=\"image\/webp\" \/>\n<meta name=\"twitter:card\" content=\"summary_large_image\" \/>\n<meta name=\"twitter:label1\" content=\"Tempo estimado de leitura\" \/>\n\t<meta name=\"twitter:data1\" content=\"2 minutos\" \/>\n<script type=\"application\/ld+json\" class=\"yoast-schema-graph\">{\"@context\":\"https:\\\/\\\/schema.org\",\"@graph\":[{\"@type\":\"WebPage\",\"@id\":\"https:\\\/\\\/mhinteriores.pt\\\/loja\\\/produto\\\/poltrona-norah-natureza-100cm-mh-interiores\\\/\",\"url\":\"https:\\\/\\\/mhinteriores.pt\\\/loja\\\/produto\\\/poltrona-norah-natureza-100cm-mh-interiores\\\/\",\"name\":\"Poltrona Norah Natureza 100cm - MH Interiores - Loja Decora&ccedil;&atilde;o de Interiores\",\"isPartOf\":{\"@id\":\"https:\\\/\\\/mhinteriores.pt\\\/loja\\\/#website\"},\"primaryImageOfPage\":{\"@id\":\"https:\\\/\\\/mhinteriores.pt\\\/loja\\\/produto\\\/poltrona-norah-natureza-100cm-mh-interiores\\\/#primaryimage\"},\"image\":{\"@id\":\"https:\\\/\\\/mhinteriores.pt\\\/loja\\\/produto\\\/poltrona-norah-natureza-100cm-mh-interiores\\\/#primaryimage\"},\"thumbnailUrl\":\"https:\\\/\\\/mhinteriores.pt\\\/loja\\\/wp-content\\\/uploads\\\/2025\\\/05\\\/Poltrona-Norah-H100-cm.-natureza-6.webp\",\"datePublished\":\"2025-05-27T08:34:42+00:00\",\"dateModified\":\"2025-05-27T08:48:36+00:00\",\"description\":\"Poltrona Norah 100cm com design elegante, acabamento natural e conforto ideal para salas e quartos. Toque r\u00fastico e sofisticado na decora\u00e7\u00e3o.\",\"breadcrumb\":{\"@id\":\"https:\\\/\\\/mhinteriores.pt\\\/loja\\\/produto\\\/poltrona-norah-natureza-100cm-mh-interiores\\\/#breadcrumb\"},\"inLanguage\":\"pt-PT\",\"potentialAction\":[{\"@type\":\"ReadAction\",\"target\":[\"https:\\\/\\\/mhinteriores.pt\\\/loja\\\/produto\\\/poltrona-norah-natureza-100cm-mh-interiores\\\/\"]}]},{\"@type\":\"ImageObject\",\"inLanguage\":\"pt-PT\",\"@id\":\"https:\\\/\\\/mhinteriores.pt\\\/loja\\\/produto\\\/poltrona-norah-natureza-100cm-mh-interiores\\\/#primaryimage\",\"url\":\"https:\\\/\\\/mhinteriores.pt\\\/loja\\\/wp-content\\\/uploads\\\/2025\\\/05\\\/Poltrona-Norah-H100-cm.-natureza-6.webp\",\"contentUrl\":\"https:\\\/\\\/mhinteriores.pt\\\/loja\\\/wp-content\\\/uploads\\\/2025\\\/05\\\/Poltrona-Norah-H100-cm.-natureza-6.webp\",\"width\":500,\"height\":500},{\"@type\":\"BreadcrumbList\",\"@id\":\"https:\\\/\\\/mhinteriores.pt\\\/loja\\\/produto\\\/poltrona-norah-natureza-100cm-mh-interiores\\\/#breadcrumb\",\"itemListElement\":[{\"@type\":\"ListItem\",\"position\":1,\"name\":\"In\u00edcio\",\"item\":\"https:\\\/\\\/mhinteriores.pt\\\/loja\\\/\"},{\"@type\":\"ListItem\",\"position\":2,\"name\":\"Loja\",\"item\":\"https:\\\/\\\/mhinteriores.pt\\\/loja\\\/loja\\\/\"},{\"@type\":\"ListItem\",\"position\":3,\"name\":\"Poltrona Norah Natureza 100cm &#8211; MH Interiores\"}]},{\"@type\":\"WebSite\",\"@id\":\"https:\\\/\\\/mhinteriores.pt\\\/loja\\\/#website\",\"url\":\"https:\\\/\\\/mhinteriores.pt\\\/loja\\\/\",\"name\":\"Loja de Decora\u00e7\u00e3o - MH Interiores\",\"description\":\"MH Interiores\",\"publisher\":{\"@id\":\"https:\\\/\\\/mhinteriores.pt\\\/loja\\\/#organization\"},\"potentialAction\":[{\"@type\":\"SearchAction\",\"target\":{\"@type\":\"EntryPoint\",\"urlTemplate\":\"https:\\\/\\\/mhinteriores.pt\\\/loja\\\/?s={search_term_string}\"},\"query-input\":{\"@type\":\"PropertyValueSpecification\",\"valueRequired\":true,\"valueName\":\"search_term_string\"}}],\"inLanguage\":\"pt-PT\"},{\"@type\":\"Organization\",\"@id\":\"https:\\\/\\\/mhinteriores.pt\\\/loja\\\/#organization\",\"name\":\"Loja de Decora\u00e7\u00e3o - MH Interiores\",\"url\":\"https:\\\/\\\/mhinteriores.pt\\\/loja\\\/\",\"logo\":{\"@type\":\"ImageObject\",\"inLanguage\":\"pt-PT\",\"@id\":\"https:\\\/\\\/mhinteriores.pt\\\/loja\\\/#\\\/schema\\\/logo\\\/image\\\/\",\"url\":\"https:\\\/\\\/mhinteriores.pt\\\/loja\\\/wp-content\\\/uploads\\\/2024\\\/12\\\/cropped-MH-Interiores.png\",\"contentUrl\":\"https:\\\/\\\/mhinteriores.pt\\\/loja\\\/wp-content\\\/uploads\\\/2024\\\/12\\\/cropped-MH-Interiores.png\",\"width\":512,\"height\":512,\"caption\":\"Loja de Decora\u00e7\u00e3o - MH Interiores\"},\"image\":{\"@id\":\"https:\\\/\\\/mhinteriores.pt\\\/loja\\\/#\\\/schema\\\/logo\\\/image\\\/\"}}]}<\/script>\n<!-- \/ Yoast SEO Premium plugin. -->","yoast_head_json":{"title":"Poltrona Norah Natureza 100cm - MH Interiores - Loja Decora&ccedil;&atilde;o de Interiores","description":"Poltrona Norah 100cm com design elegante, acabamento natural e conforto ideal para salas e quartos. Toque r\u00fastico e sofisticado na decora\u00e7\u00e3o.","robots":{"index":"index","follow":"follow","max-snippet":"max-snippet:-1","max-image-preview":"max-image-preview:large","max-video-preview":"max-video-preview:-1"},"canonical":"https:\/\/mhinteriores.pt\/loja\/produto\/poltrona-norah-natureza-100cm-mh-interiores\/","og_locale":"pt_PT","og_type":"article","og_title":"Poltrona Norah Natureza 100cm - MH Interiores","og_description":"Poltrona Norah 100cm com design elegante, acabamento natural e conforto ideal para salas e quartos. Toque r\u00fastico e sofisticado na decora\u00e7\u00e3o.","og_url":"https:\/\/mhinteriores.pt\/loja\/produto\/poltrona-norah-natureza-100cm-mh-interiores\/","og_site_name":"Loja Decora&ccedil;&atilde;o de Interiores","article_modified_time":"2025-05-27T08:48:36+00:00","og_image":[{"width":500,"height":500,"url":"https:\/\/mhinteriores.pt\/loja\/wp-content\/uploads\/2025\/05\/Poltrona-Norah-H100-cm.-natureza-6.webp","type":"image\/webp"}],"twitter_card":"summary_large_image","twitter_misc":{"Tempo estimado de leitura":"2 minutos"},"schema":{"@context":"https:\/\/schema.org","@graph":[{"@type":"WebPage","@id":"https:\/\/mhinteriores.pt\/loja\/produto\/poltrona-norah-natureza-100cm-mh-interiores\/","url":"https:\/\/mhinteriores.pt\/loja\/produto\/poltrona-norah-natureza-100cm-mh-interiores\/","name":"Poltrona Norah Natureza 100cm - MH Interiores - Loja Decora&ccedil;&atilde;o de Interiores","isPartOf":{"@id":"https:\/\/mhinteriores.pt\/loja\/#website"},"primaryImageOfPage":{"@id":"https:\/\/mhinteriores.pt\/loja\/produto\/poltrona-norah-natureza-100cm-mh-interiores\/#primaryimage"},"image":{"@id":"https:\/\/mhinteriores.pt\/loja\/produto\/poltrona-norah-natureza-100cm-mh-interiores\/#primaryimage"},"thumbnailUrl":"https:\/\/mhinteriores.pt\/loja\/wp-content\/uploads\/2025\/05\/Poltrona-Norah-H100-cm.-natureza-6.webp","datePublished":"2025-05-27T08:34:42+00:00","dateModified":"2025-05-27T08:48:36+00:00","description":"Poltrona Norah 100cm com design elegante, acabamento natural e conforto ideal para salas e quartos. Toque r\u00fastico e sofisticado na decora\u00e7\u00e3o.","breadcrumb":{"@id":"https:\/\/mhinteriores.pt\/loja\/produto\/poltrona-norah-natureza-100cm-mh-interiores\/#breadcrumb"},"inLanguage":"pt-PT","potentialAction":[{"@type":"ReadAction","target":["https:\/\/mhinteriores.pt\/loja\/produto\/poltrona-norah-natureza-100cm-mh-interiores\/"]}]},{"@type":"ImageObject","inLanguage":"pt-PT","@id":"https:\/\/mhinteriores.pt\/loja\/produto\/poltrona-norah-natureza-100cm-mh-interiores\/#primaryimage","url":"https:\/\/mhinteriores.pt\/loja\/wp-content\/uploads\/2025\/05\/Poltrona-Norah-H100-cm.-natureza-6.webp","contentUrl":"https:\/\/mhinteriores.pt\/loja\/wp-content\/uploads\/2025\/05\/Poltrona-Norah-H100-cm.-natureza-6.webp","width":500,"height":500},{"@type":"BreadcrumbList","@id":"https:\/\/mhinteriores.pt\/loja\/produto\/poltrona-norah-natureza-100cm-mh-interiores\/#breadcrumb","itemListElement":[{"@type":"ListItem","position":1,"name":"In\u00edcio","item":"https:\/\/mhinteriores.pt\/loja\/"},{"@type":"ListItem","position":2,"name":"Loja","item":"https:\/\/mhinteriores.pt\/loja\/loja\/"},{"@type":"ListItem","position":3,"name":"Poltrona Norah Natureza 100cm &#8211; MH Interiores"}]},{"@type":"WebSite","@id":"https:\/\/mhinteriores.pt\/loja\/#website","url":"https:\/\/mhinteriores.pt\/loja\/","name":"Loja de Decora\u00e7\u00e3o - MH Interiores","description":"MH Interiores","publisher":{"@id":"https:\/\/mhinteriores.pt\/loja\/#organization"},"potentialAction":[{"@type":"SearchAction","target":{"@type":"EntryPoint","urlTemplate":"https:\/\/mhinteriores.pt\/loja\/?s={search_term_string}"},"query-input":{"@type":"PropertyValueSpecification","valueRequired":true,"valueName":"search_term_string"}}],"inLanguage":"pt-PT"},{"@type":"Organization","@id":"https:\/\/mhinteriores.pt\/loja\/#organization","name":"Loja de Decora\u00e7\u00e3o - MH Interiores","url":"https:\/\/mhinteriores.pt\/loja\/","logo":{"@type":"ImageObject","inLanguage":"pt-PT","@id":"https:\/\/mhinteriores.pt\/loja\/#\/schema\/logo\/image\/","url":"https:\/\/mhinteriores.pt\/loja\/wp-content\/uploads\/2024\/12\/cropped-MH-Interiores.png","contentUrl":"https:\/\/mhinteriores.pt\/loja\/wp-content\/uploads\/2024\/12\/cropped-MH-Interiores.png","width":512,"height":512,"caption":"Loja de Decora\u00e7\u00e3o - MH Interiores"},"image":{"@id":"https:\/\/mhinteriores.pt\/loja\/#\/schema\/logo\/image\/"}}]}},"_links":{"self":[{"href":"https:\/\/mhinteriores.pt\/loja\/wp-json\/wp\/v2\/product\/4151","targetHints":{"allow":["GET"]}}],"collection":[{"href":"https:\/\/mhinteriores.pt\/loja\/wp-json\/wp\/v2\/product"}],"about":[{"href":"https:\/\/mhinteriores.pt\/loja\/wp-json\/wp\/v2\/types\/product"}],"replies":[{"embeddable":true,"href":"https:\/\/mhinteriores.pt\/loja\/wp-json\/wp\/v2\/comments?post=4151"}],"version-history":[{"count":1,"href":"https:\/\/mhinteriores.pt\/loja\/wp-json\/wp\/v2\/product\/4151\/revisions"}],"predecessor-version":[{"id":4161,"href":"https:\/\/mhinteriores.pt\/loja\/wp-json\/wp\/v2\/product\/4151\/revisions\/4161"}],"wp:featuredmedia":[{"embeddable":true,"href":"https:\/\/mhinteriores.pt\/loja\/wp-json\/wp\/v2\/media\/4157"}],"wp:attachment":[{"href":"https:\/\/mhinteriores.pt\/loja\/wp-json\/wp\/v2\/media?parent=4151"}],"wp:term":[{"taxonomy":"product_cat","embeddable":true,"href":"https:\/\/mhinteriores.pt\/loja\/wp-json\/wp\/v2\/product_cat?post=4151"},{"taxonomy":"product_tag","embeddable":true,"href":"https:\/\/mhinteriores.pt\/loja\/wp-json\/wp\/v2\/product_tag?post=4151"}],"curies":[{"name":"wp","href":"https:\/\/api.w.org\/{rel}","templated":true}]}}