{"id":4162,"date":"2025-05-27T08:49:36","date_gmt":"2025-05-27T08:49:36","guid":{"rendered":"https:\/\/mhinteriores.pt\/loja\/?post_type=product&#038;p=4162"},"modified":"2025-05-27T08:57:58","modified_gmt":"2025-05-27T08:57:58","slug":"mesa-norah-natureza-mh-interiores","status":"publish","type":"product","link":"https:\/\/mhinteriores.pt\/loja\/produto\/mesa-norah-natureza-mh-interiores\/","title":{"rendered":"Mesa Norah Natureza &#8211; MH Interiores"},"content":{"rendered":"<h4 style=\"text-align: left;\">Mesa Norah Natureza &#8211; <a href=\"https:\/\/mhinteriores.pt\/loja\/\">MH Interiores<\/a><\/h4>\n<p data-start=\"202\" data-end=\"501\">Mesa em vime entran\u00e7ado \u00e0 m\u00e3o, de elevada qualidade, pertencente \u00e0 nossa prestigiada cole\u00e7\u00e3o <em data-start=\"295\" data-end=\"302\">Norah<\/em>. Esta linha destaca-se pela utiliza\u00e7\u00e3o de materiais naturais como o bambu e o vime \u2014 plantas de crescimento r\u00e1pido, facilmente replant\u00e1veis e altamente resistentes, ideais para ambientes interiores.<\/p>\n<p data-start=\"503\" data-end=\"790\">Cada pe\u00e7a \u00e9 meticulosamente tecida e moldada com precis\u00e3o e paix\u00e3o artesanal. A cria\u00e7\u00e3o de um produto da s\u00e9rie <em data-start=\"614\" data-end=\"621\">Norah<\/em> pode demorar entre um dia e uma semana inteira, um verdadeiro s\u00edmbolo de qualidade que garante durabilidade e um design intemporal que ir\u00e1 apreciar durante muitos anos.<\/p>\n<p data-start=\"792\" data-end=\"1030\">Ao adquirir mobili\u00e1rio da cole\u00e7\u00e3o <em data-start=\"826\" data-end=\"833\">Norah<\/em>, est\u00e1 a apoiar mulheres trabalhadoras em Myanmar, contribuindo para a melhoria das suas condi\u00e7\u00f5es de vida. Acreditamos que, juntos, podemos fazer a diferen\u00e7a.<\/p>\n<h4 data-start=\"1032\" data-end=\"1058\"><strong data-start=\"1032\" data-end=\"1058\">Cuidados e Manuten\u00e7\u00e3o:<\/strong><\/h4>\n<p data-start=\"1060\" data-end=\"1245\">O rattan \u00e9 um material natural e, como tal, requer cuidados adequados para manter a sua beleza e longevidade.<br data-start=\"1169\" data-end=\"1172\" \/>Recomendamos os seguintes cuidados com os seus m\u00f3veis da cole\u00e7\u00e3o <em data-start=\"1237\" data-end=\"1244\">Norah<\/em>:<\/p>\n<ul data-start=\"1247\" data-end=\"1568\">\n<li data-start=\"1247\" data-end=\"1311\">\n<p data-start=\"1249\" data-end=\"1311\">Limpeza regular com um pano h\u00famido e sab\u00e3o natural org\u00e2nico.<\/p>\n<\/li>\n<li data-start=\"1312\" data-end=\"1445\">\n<p data-start=\"1314\" data-end=\"1445\">Aplica\u00e7\u00e3o, na primavera e no outono, de um \u00f3leo ou selante transparente espec\u00edfico para madeira e adequado para m\u00f3veis em rattan.<\/p>\n<\/li>\n<li data-start=\"1446\" data-end=\"1568\">\n<p data-start=\"1448\" data-end=\"1568\">Durante o inverno e os meses mais chuvosos, mantenha os m\u00f3veis em ambientes interiores para preservar a sua integridade.<\/p>\n<\/li>\n<\/ul>\n<p data-start=\"1570\" data-end=\"1668\">Com os devidos cuidados, os seus m\u00f3veis <em data-start=\"1610\" data-end=\"1617\">Norah<\/em> manter-se-\u00e3o bonitos e funcionais por muitos anos.<\/p>\n","protected":false},"excerpt":{"rendered":"<p>Prazo de entrega: at\u00e9 15 dias \u00fateis<\/p>\n","protected":false},"featured_media":4165,"comment_status":"open","ping_status":"closed","template":"","meta":[],"product_cat":[126],"product_tag":[],"class_list":{"0":"post-4162","1":"product","2":"type-product","3":"status-publish","4":"has-post-thumbnail","6":"product_brand-lene-bjerre","7":"product_cat-mesas-centro-apoio-exterior","9":"first","10":"instock","11":"shipping-taxable","12":"product-type-simple"},"yoast_head":"<!-- This site is optimized with the Yoast SEO Premium plugin v24.0 (Yoast SEO v27.4) - https:\/\/yoast.com\/product\/yoast-seo-premium-wordpress\/ -->\n<title>Mesa Norah Natureza - MH Interiores - Loja Decora&ccedil;&atilde;o de Interiores<\/title>\n<meta name=\"description\" content=\"Mesa Norah 51,5x72cm em acabamento natureza. Compacta, elegante e vers\u00e1til para decorar com charme e funcionalidade qualquer ambiente.\" \/>\n<meta name=\"robots\" content=\"index, follow, max-snippet:-1, max-image-preview:large, max-video-preview:-1\" \/>\n<link rel=\"canonical\" href=\"https:\/\/mhinteriores.pt\/loja\/produto\/mesa-norah-natureza-mh-interiores\/\" \/>\n<meta property=\"og:locale\" content=\"pt_PT\" \/>\n<meta property=\"og:type\" content=\"article\" \/>\n<meta property=\"og:title\" content=\"Mesa Norah Natureza - MH Interiores\" \/>\n<meta property=\"og:description\" content=\"Mesa Norah 51,5x72cm em acabamento natureza. Compacta, elegante e vers\u00e1til para decorar com charme e funcionalidade qualquer ambiente.\" \/>\n<meta property=\"og:url\" content=\"https:\/\/mhinteriores.pt\/loja\/produto\/mesa-norah-natureza-mh-interiores\/\" \/>\n<meta property=\"og:site_name\" content=\"Loja Decora&ccedil;&atilde;o de Interiores\" \/>\n<meta property=\"article:modified_time\" content=\"2025-05-27T08:57:58+00:00\" \/>\n<meta property=\"og:image\" content=\"https:\/\/mhinteriores.pt\/loja\/wp-content\/uploads\/2025\/05\/Mesa-Norah-515x72-cm.-natureza-4.webp\" \/>\n\t<meta property=\"og:image:width\" content=\"500\" \/>\n\t<meta property=\"og:image:height\" content=\"500\" \/>\n\t<meta property=\"og:image:type\" content=\"image\/webp\" \/>\n<meta name=\"twitter:card\" content=\"summary_large_image\" \/>\n<meta name=\"twitter:label1\" content=\"Tempo estimado de leitura\" \/>\n\t<meta name=\"twitter:data1\" content=\"2 minutos\" \/>\n<script type=\"application\/ld+json\" class=\"yoast-schema-graph\">{\"@context\":\"https:\\\/\\\/schema.org\",\"@graph\":[{\"@type\":\"WebPage\",\"@id\":\"https:\\\/\\\/mhinteriores.pt\\\/loja\\\/produto\\\/mesa-norah-natureza-mh-interiores\\\/\",\"url\":\"https:\\\/\\\/mhinteriores.pt\\\/loja\\\/produto\\\/mesa-norah-natureza-mh-interiores\\\/\",\"name\":\"Mesa Norah Natureza - MH Interiores - Loja Decora&ccedil;&atilde;o de Interiores\",\"isPartOf\":{\"@id\":\"https:\\\/\\\/mhinteriores.pt\\\/loja\\\/#website\"},\"primaryImageOfPage\":{\"@id\":\"https:\\\/\\\/mhinteriores.pt\\\/loja\\\/produto\\\/mesa-norah-natureza-mh-interiores\\\/#primaryimage\"},\"image\":{\"@id\":\"https:\\\/\\\/mhinteriores.pt\\\/loja\\\/produto\\\/mesa-norah-natureza-mh-interiores\\\/#primaryimage\"},\"thumbnailUrl\":\"https:\\\/\\\/mhinteriores.pt\\\/loja\\\/wp-content\\\/uploads\\\/2025\\\/05\\\/Mesa-Norah-515x72-cm.-natureza-4.webp\",\"datePublished\":\"2025-05-27T08:49:36+00:00\",\"dateModified\":\"2025-05-27T08:57:58+00:00\",\"description\":\"Mesa Norah 51,5x72cm em acabamento natureza. Compacta, elegante e vers\u00e1til para decorar com charme e funcionalidade qualquer ambiente.\",\"breadcrumb\":{\"@id\":\"https:\\\/\\\/mhinteriores.pt\\\/loja\\\/produto\\\/mesa-norah-natureza-mh-interiores\\\/#breadcrumb\"},\"inLanguage\":\"pt-PT\",\"potentialAction\":[{\"@type\":\"ReadAction\",\"target\":[\"https:\\\/\\\/mhinteriores.pt\\\/loja\\\/produto\\\/mesa-norah-natureza-mh-interiores\\\/\"]}]},{\"@type\":\"ImageObject\",\"inLanguage\":\"pt-PT\",\"@id\":\"https:\\\/\\\/mhinteriores.pt\\\/loja\\\/produto\\\/mesa-norah-natureza-mh-interiores\\\/#primaryimage\",\"url\":\"https:\\\/\\\/mhinteriores.pt\\\/loja\\\/wp-content\\\/uploads\\\/2025\\\/05\\\/Mesa-Norah-515x72-cm.-natureza-4.webp\",\"contentUrl\":\"https:\\\/\\\/mhinteriores.pt\\\/loja\\\/wp-content\\\/uploads\\\/2025\\\/05\\\/Mesa-Norah-515x72-cm.-natureza-4.webp\",\"width\":500,\"height\":500,\"caption\":\"Mesa Norah 51,5x72 cm. natureza\"},{\"@type\":\"BreadcrumbList\",\"@id\":\"https:\\\/\\\/mhinteriores.pt\\\/loja\\\/produto\\\/mesa-norah-natureza-mh-interiores\\\/#breadcrumb\",\"itemListElement\":[{\"@type\":\"ListItem\",\"position\":1,\"name\":\"In\u00edcio\",\"item\":\"https:\\\/\\\/mhinteriores.pt\\\/loja\\\/\"},{\"@type\":\"ListItem\",\"position\":2,\"name\":\"Loja\",\"item\":\"https:\\\/\\\/mhinteriores.pt\\\/loja\\\/loja\\\/\"},{\"@type\":\"ListItem\",\"position\":3,\"name\":\"Mesa Norah Natureza &#8211; MH Interiores\"}]},{\"@type\":\"WebSite\",\"@id\":\"https:\\\/\\\/mhinteriores.pt\\\/loja\\\/#website\",\"url\":\"https:\\\/\\\/mhinteriores.pt\\\/loja\\\/\",\"name\":\"Loja de Decora\u00e7\u00e3o - MH Interiores\",\"description\":\"MH Interiores\",\"publisher\":{\"@id\":\"https:\\\/\\\/mhinteriores.pt\\\/loja\\\/#organization\"},\"potentialAction\":[{\"@type\":\"SearchAction\",\"target\":{\"@type\":\"EntryPoint\",\"urlTemplate\":\"https:\\\/\\\/mhinteriores.pt\\\/loja\\\/?s={search_term_string}\"},\"query-input\":{\"@type\":\"PropertyValueSpecification\",\"valueRequired\":true,\"valueName\":\"search_term_string\"}}],\"inLanguage\":\"pt-PT\"},{\"@type\":\"Organization\",\"@id\":\"https:\\\/\\\/mhinteriores.pt\\\/loja\\\/#organization\",\"name\":\"Loja de Decora\u00e7\u00e3o - MH Interiores\",\"url\":\"https:\\\/\\\/mhinteriores.pt\\\/loja\\\/\",\"logo\":{\"@type\":\"ImageObject\",\"inLanguage\":\"pt-PT\",\"@id\":\"https:\\\/\\\/mhinteriores.pt\\\/loja\\\/#\\\/schema\\\/logo\\\/image\\\/\",\"url\":\"https:\\\/\\\/mhinteriores.pt\\\/loja\\\/wp-content\\\/uploads\\\/2024\\\/12\\\/cropped-MH-Interiores.png\",\"contentUrl\":\"https:\\\/\\\/mhinteriores.pt\\\/loja\\\/wp-content\\\/uploads\\\/2024\\\/12\\\/cropped-MH-Interiores.png\",\"width\":512,\"height\":512,\"caption\":\"Loja de Decora\u00e7\u00e3o - MH Interiores\"},\"image\":{\"@id\":\"https:\\\/\\\/mhinteriores.pt\\\/loja\\\/#\\\/schema\\\/logo\\\/image\\\/\"}}]}<\/script>\n<!-- \/ Yoast SEO Premium plugin. -->","yoast_head_json":{"title":"Mesa Norah Natureza - MH Interiores - Loja Decora&ccedil;&atilde;o de Interiores","description":"Mesa Norah 51,5x72cm em acabamento natureza. Compacta, elegante e vers\u00e1til para decorar com charme e funcionalidade qualquer ambiente.","robots":{"index":"index","follow":"follow","max-snippet":"max-snippet:-1","max-image-preview":"max-image-preview:large","max-video-preview":"max-video-preview:-1"},"canonical":"https:\/\/mhinteriores.pt\/loja\/produto\/mesa-norah-natureza-mh-interiores\/","og_locale":"pt_PT","og_type":"article","og_title":"Mesa Norah Natureza - MH Interiores","og_description":"Mesa Norah 51,5x72cm em acabamento natureza. Compacta, elegante e vers\u00e1til para decorar com charme e funcionalidade qualquer ambiente.","og_url":"https:\/\/mhinteriores.pt\/loja\/produto\/mesa-norah-natureza-mh-interiores\/","og_site_name":"Loja Decora&ccedil;&atilde;o de Interiores","article_modified_time":"2025-05-27T08:57:58+00:00","og_image":[{"width":500,"height":500,"url":"https:\/\/mhinteriores.pt\/loja\/wp-content\/uploads\/2025\/05\/Mesa-Norah-515x72-cm.-natureza-4.webp","type":"image\/webp"}],"twitter_card":"summary_large_image","twitter_misc":{"Tempo estimado de leitura":"2 minutos"},"schema":{"@context":"https:\/\/schema.org","@graph":[{"@type":"WebPage","@id":"https:\/\/mhinteriores.pt\/loja\/produto\/mesa-norah-natureza-mh-interiores\/","url":"https:\/\/mhinteriores.pt\/loja\/produto\/mesa-norah-natureza-mh-interiores\/","name":"Mesa Norah Natureza - MH Interiores - Loja Decora&ccedil;&atilde;o de Interiores","isPartOf":{"@id":"https:\/\/mhinteriores.pt\/loja\/#website"},"primaryImageOfPage":{"@id":"https:\/\/mhinteriores.pt\/loja\/produto\/mesa-norah-natureza-mh-interiores\/#primaryimage"},"image":{"@id":"https:\/\/mhinteriores.pt\/loja\/produto\/mesa-norah-natureza-mh-interiores\/#primaryimage"},"thumbnailUrl":"https:\/\/mhinteriores.pt\/loja\/wp-content\/uploads\/2025\/05\/Mesa-Norah-515x72-cm.-natureza-4.webp","datePublished":"2025-05-27T08:49:36+00:00","dateModified":"2025-05-27T08:57:58+00:00","description":"Mesa Norah 51,5x72cm em acabamento natureza. Compacta, elegante e vers\u00e1til para decorar com charme e funcionalidade qualquer ambiente.","breadcrumb":{"@id":"https:\/\/mhinteriores.pt\/loja\/produto\/mesa-norah-natureza-mh-interiores\/#breadcrumb"},"inLanguage":"pt-PT","potentialAction":[{"@type":"ReadAction","target":["https:\/\/mhinteriores.pt\/loja\/produto\/mesa-norah-natureza-mh-interiores\/"]}]},{"@type":"ImageObject","inLanguage":"pt-PT","@id":"https:\/\/mhinteriores.pt\/loja\/produto\/mesa-norah-natureza-mh-interiores\/#primaryimage","url":"https:\/\/mhinteriores.pt\/loja\/wp-content\/uploads\/2025\/05\/Mesa-Norah-515x72-cm.-natureza-4.webp","contentUrl":"https:\/\/mhinteriores.pt\/loja\/wp-content\/uploads\/2025\/05\/Mesa-Norah-515x72-cm.-natureza-4.webp","width":500,"height":500,"caption":"Mesa Norah 51,5x72 cm. natureza"},{"@type":"BreadcrumbList","@id":"https:\/\/mhinteriores.pt\/loja\/produto\/mesa-norah-natureza-mh-interiores\/#breadcrumb","itemListElement":[{"@type":"ListItem","position":1,"name":"In\u00edcio","item":"https:\/\/mhinteriores.pt\/loja\/"},{"@type":"ListItem","position":2,"name":"Loja","item":"https:\/\/mhinteriores.pt\/loja\/loja\/"},{"@type":"ListItem","position":3,"name":"Mesa Norah Natureza &#8211; MH Interiores"}]},{"@type":"WebSite","@id":"https:\/\/mhinteriores.pt\/loja\/#website","url":"https:\/\/mhinteriores.pt\/loja\/","name":"Loja de Decora\u00e7\u00e3o - MH Interiores","description":"MH Interiores","publisher":{"@id":"https:\/\/mhinteriores.pt\/loja\/#organization"},"potentialAction":[{"@type":"SearchAction","target":{"@type":"EntryPoint","urlTemplate":"https:\/\/mhinteriores.pt\/loja\/?s={search_term_string}"},"query-input":{"@type":"PropertyValueSpecification","valueRequired":true,"valueName":"search_term_string"}}],"inLanguage":"pt-PT"},{"@type":"Organization","@id":"https:\/\/mhinteriores.pt\/loja\/#organization","name":"Loja de Decora\u00e7\u00e3o - MH Interiores","url":"https:\/\/mhinteriores.pt\/loja\/","logo":{"@type":"ImageObject","inLanguage":"pt-PT","@id":"https:\/\/mhinteriores.pt\/loja\/#\/schema\/logo\/image\/","url":"https:\/\/mhinteriores.pt\/loja\/wp-content\/uploads\/2024\/12\/cropped-MH-Interiores.png","contentUrl":"https:\/\/mhinteriores.pt\/loja\/wp-content\/uploads\/2024\/12\/cropped-MH-Interiores.png","width":512,"height":512,"caption":"Loja de Decora\u00e7\u00e3o - MH Interiores"},"image":{"@id":"https:\/\/mhinteriores.pt\/loja\/#\/schema\/logo\/image\/"}}]}},"_links":{"self":[{"href":"https:\/\/mhinteriores.pt\/loja\/wp-json\/wp\/v2\/product\/4162","targetHints":{"allow":["GET"]}}],"collection":[{"href":"https:\/\/mhinteriores.pt\/loja\/wp-json\/wp\/v2\/product"}],"about":[{"href":"https:\/\/mhinteriores.pt\/loja\/wp-json\/wp\/v2\/types\/product"}],"replies":[{"embeddable":true,"href":"https:\/\/mhinteriores.pt\/loja\/wp-json\/wp\/v2\/comments?post=4162"}],"version-history":[{"count":1,"href":"https:\/\/mhinteriores.pt\/loja\/wp-json\/wp\/v2\/product\/4162\/revisions"}],"predecessor-version":[{"id":4168,"href":"https:\/\/mhinteriores.pt\/loja\/wp-json\/wp\/v2\/product\/4162\/revisions\/4168"}],"wp:featuredmedia":[{"embeddable":true,"href":"https:\/\/mhinteriores.pt\/loja\/wp-json\/wp\/v2\/media\/4165"}],"wp:attachment":[{"href":"https:\/\/mhinteriores.pt\/loja\/wp-json\/wp\/v2\/media?parent=4162"}],"wp:term":[{"taxonomy":"product_cat","embeddable":true,"href":"https:\/\/mhinteriores.pt\/loja\/wp-json\/wp\/v2\/product_cat?post=4162"},{"taxonomy":"product_tag","embeddable":true,"href":"https:\/\/mhinteriores.pt\/loja\/wp-json\/wp\/v2\/product_tag?post=4162"}],"curies":[{"name":"wp","href":"https:\/\/api.w.org\/{rel}","templated":true}]}}