{"id":4799,"date":"2025-09-29T10:27:38","date_gmt":"2025-09-29T10:27:38","guid":{"rendered":"https:\/\/mhinteriores.pt\/loja\/?post_type=product&#038;p=4799"},"modified":"2025-09-29T13:32:13","modified_gmt":"2025-09-29T13:32:13","slug":"lareira-eletrica-ignite-bold-50","status":"publish","type":"product","link":"https:\/\/mhinteriores.pt\/loja\/produto\/lareira-eletrica-ignite-bold-50\/","title":{"rendered":"Lareira El\u00e9trica Ignite Bold 50 &#8211; MH Interiores"},"content":{"rendered":"<h2 style=\"text-align: left;\">Lareira El\u00e9trica Ignite Bold 50 &#8211; <a href=\"https:\/\/mhinteriores.pt\/loja\/\">MH Interiores<\/a><\/h2>\n<p data-start=\"347\" data-end=\"637\">A Lareira El\u00e9trica Ignite Bold 50 combina design moderno, personaliza\u00e7\u00e3o avan\u00e7ada e o exclusivo efeito de chama patenteado Optiflame\u00ae da Dimplex. Este modelo cria chamas realistas e acolhedoras, sem necessidade de manuten\u00e7\u00e3o, proporcionando conforto e ambiente durante todo o ano.<\/p>\n<p data-start=\"639\" data-end=\"926\">Al\u00e9m disso, est\u00e1 dispon\u00edvel em diferentes dimens\u00f5es (50\u201d, 60\u201d e 74\u201d), podendo ainda ser ligada a outras unidades para formar lareiras mais longas. Gra\u00e7as \u00e0 sua versatilidade, adapta-se facilmente a projetos residenciais e comerciais, oferecendo sempre uma solu\u00e7\u00e3o elegante e funcional.<\/p>\n<h2 data-start=\"1165\" data-end=\"1198\"><\/h2>\n<h3 data-start=\"1165\" data-end=\"1198\">Principais Caracter\u00edsticas<\/h3>\n<ul>\n<li data-start=\"985\" data-end=\"1013\">\n<p data-start=\"987\" data-end=\"1013\">Material: A\u00e7o resistente<\/p>\n<\/li>\n<li data-start=\"1014\" data-end=\"1028\">\n<p data-start=\"1016\" data-end=\"1028\">Cor: Preto<\/p>\n<\/li>\n<li data-start=\"1029\" data-end=\"1060\">\n<p data-start=\"1031\" data-end=\"1060\">Tipo de instala\u00e7\u00e3o: Embutir<\/p>\n<\/li>\n<li data-start=\"1061\" data-end=\"1076\">\n<p data-start=\"1063\" data-end=\"1076\">Peso: 44 kg<\/p>\n<\/li>\n<li data-start=\"1077\" data-end=\"1126\">\n<p data-start=\"1079\" data-end=\"1126\">Dimens\u00f5es (A x L x P): 60,7 x 124,6 x 28,9 cm<\/p>\n<\/li>\n<li data-start=\"1127\" data-end=\"1149\">\n<p data-start=\"1129\" data-end=\"1149\">Pot\u00eancia: 1 \/ 2 kW<\/p>\n<\/li>\n<li data-start=\"1150\" data-end=\"1190\">\n<p data-start=\"1152\" data-end=\"1190\">Fun\u00e7\u00e3o de aquecimento com ventila\u00e7\u00e3o<\/p>\n<\/li>\n<li data-start=\"1191\" data-end=\"1209\">\n<p data-start=\"1193\" data-end=\"1209\">Tecnologia LED<\/p>\n<\/li>\n<li data-start=\"1210\" data-end=\"1256\">\n<p data-start=\"1212\" data-end=\"1256\">App Flame Connect (controlo por Bluetooth)<\/p>\n<\/li>\n<li data-start=\"1257\" data-end=\"1307\">\n<p data-start=\"1259\" data-end=\"1307\">Inclui kit de troncos e seixos de vidro polido<\/p>\n<\/li>\n<li data-start=\"1308\" data-end=\"1362\">\n<p data-start=\"1310\" data-end=\"1362\">Op\u00e7\u00e3o de kit adicional com troncos estilo carvalho<\/p>\n<\/li>\n<\/ul>\n<p>&nbsp;<\/p>\n<h3 data-start=\"1547\" data-end=\"1586\">Vantagens da Lareira El\u00e9trica Ignite Bold 50<\/h3>\n<ul>\n<li data-start=\"1421\" data-end=\"1542\">\n<p data-start=\"1423\" data-end=\"1542\"><strong data-start=\"1423\" data-end=\"1444\">Efeito Optiflame\u00ae<\/strong> \u2013 chamas realistas com seis temas de cores e ajuste de brilho, velocidade e base incandescente.<\/p>\n<\/li>\n<li data-start=\"1543\" data-end=\"1657\">\n<p data-start=\"1545\" data-end=\"1657\"><strong data-start=\"1545\" data-end=\"1565\">Vis\u00e3o panor\u00e2mica<\/strong> \u2013 vidro frontal serigrafado mais alto para uma experi\u00eancia envolvente de qualquer \u00e2ngulo.<\/p>\n<\/li>\n<li data-start=\"1658\" data-end=\"1759\">\n<p data-start=\"1660\" data-end=\"1759\"><strong data-start=\"1660\" data-end=\"1683\">Instala\u00e7\u00e3o flex\u00edvel<\/strong> \u2013 possibilidade de utiliza\u00e7\u00e3o em 1, 2 ou 3 faces, adaptando-se ao espa\u00e7o.<\/p>\n<\/li>\n<li data-start=\"1760\" data-end=\"1875\">\n<p data-start=\"1762\" data-end=\"1875\"><strong data-start=\"1762\" data-end=\"1787\">Efici\u00eancia energ\u00e9tica<\/strong> \u2013 resist\u00eancia Comfort$aver\u00ae com tecnologia patenteada que reduz o consumo em at\u00e9 11%.<\/p>\n<\/li>\n<li data-start=\"1876\" data-end=\"1985\">\n<p data-start=\"1878\" data-end=\"1985\"><strong data-start=\"1878\" data-end=\"1907\">Totalmente personaliz\u00e1vel<\/strong> \u2013 escolha cores, intensidade e estilo das chamas de acordo com o seu gosto.<\/p>\n<\/li>\n<li data-start=\"1986\" data-end=\"2086\">\n<p data-start=\"1988\" data-end=\"2086\"><strong data-start=\"1988\" data-end=\"2004\">Som ambiente<\/strong> \u2013 op\u00e7\u00e3o de kit de troncos ou gelo acr\u00edlico para diferentes estilos decorativos.<\/p>\n<\/li>\n<li data-start=\"2087\" data-end=\"2156\">\n<p data-start=\"2089\" data-end=\"2156\"><strong data-start=\"2089\" data-end=\"2112\">Programa\u00e7\u00e3o semanal<\/strong> \u2013 controlo completo atrav\u00e9s da app m\u00f3vel.<\/p>\n<\/li>\n<li data-start=\"2157\" data-end=\"2261\">\n<p data-start=\"2159\" data-end=\"2261\"><strong data-start=\"2159\" data-end=\"2185\">Auto-diagn\u00f3stico Smart<\/strong> \u2013 sistema inteligente que otimiza o desempenho e alerta para manuten\u00e7\u00f5es.<\/p>\n<\/li>\n<\/ul>\n<p>&nbsp;<\/p>\n<h3 data-start=\"2191\" data-end=\"2243\">Modularidade e Personaliza\u00e7\u00e3o<\/h3>\n<p data-start=\"2306\" data-end=\"2420\">A Ignite Bold 50 pode ser usada individualmente ou integrada em lareiras maiores atrav\u00e9s do sistema modular.<\/p>\n<ul data-start=\"2422\" data-end=\"2743\">\n<li data-start=\"2422\" data-end=\"2504\">\n<p data-start=\"2424\" data-end=\"2504\">Em primeiro lugar, permite criar a lareira exatamente no comprimento desejado.<\/p>\n<\/li>\n<li data-start=\"2505\" data-end=\"2627\">\n<p data-start=\"2507\" data-end=\"2627\">Al\u00e9m disso, adapta-se facilmente a qualquer estilo de decora\u00e7\u00e3o, desde ambientes minimalistas a projetos sofisticados.<\/p>\n<\/li>\n<li data-start=\"2628\" data-end=\"2743\">\n<p data-start=\"2630\" data-end=\"2743\">Finalmente, pode ser instalada sob a TV, ao n\u00edvel do ch\u00e3o ou embutida em estruturas de gesso, MDF ou alvenaria.<\/p>\n<\/li>\n<\/ul>\n<p>&nbsp;<\/p>\n<h3 data-start=\"2777\" data-end=\"2838\">Tecnologia Optimyst\u00ae \u2013 Fogo a Partir de \u00c1gua<\/h3>\n<p data-start=\"2810\" data-end=\"2950\">O exclusivo sistema Optiflame\u00ae projeta chamas suaves sobre uma base incandescente, refletidas em espelhos que criam movimento natural.<\/p>\n<ul data-start=\"2952\" data-end=\"3125\">\n<li data-start=\"2952\" data-end=\"3009\">\n<p data-start=\"2954\" data-end=\"3009\">Ajuste f\u00e1cil da cor da chama e da base incandescente.<\/p>\n<\/li>\n<li data-start=\"3010\" data-end=\"3068\">\n<p data-start=\"3012\" data-end=\"3068\">Decora\u00e7\u00e3o personaliz\u00e1vel com troncos ou gelo acr\u00edlico.<\/p>\n<\/li>\n<li data-start=\"3069\" data-end=\"3125\">\n<p data-start=\"3071\" data-end=\"3125\">Visual contempor\u00e2neo que transforma qualquer espa\u00e7o.<\/p>\n<\/li>\n<\/ul>\n<p>&nbsp;<\/p>\n","protected":false},"excerpt":{"rendered":"<p>Lareira El\u00e9trica Ignite Bold 50 &#8211; MH Interiores A Lareira El\u00e9trica Ignite Bold 50 combina design moderno, personaliza\u00e7\u00e3o avan\u00e7ada e o exclusivo efeito de chama patenteado Optiflame\u00ae da Dimplex. Este<\/p>\n","protected":false},"featured_media":4806,"comment_status":"open","ping_status":"closed","template":"","meta":[],"product_cat":[229],"product_tag":[],"class_list":{"0":"post-4799","1":"product","2":"type-product","3":"status-publish","4":"has-post-thumbnail","6":"product_brand-dimplex","7":"product_cat-lareiras-eletricas","9":"first","10":"instock","11":"shipping-taxable","12":"product-type-simple"},"yoast_head":"<!-- This site is optimized with the Yoast SEO Premium plugin v24.0 (Yoast SEO v27.4) - https:\/\/yoast.com\/product\/yoast-seo-premium-wordpress\/ -->\n<title>Lareira El\u00e9trica Ignite Bold 50 - MH Interiores - Loja Decora&ccedil;&atilde;o de Interiores<\/title>\n<meta name=\"description\" content=\"Lareira el\u00e9trica Ignite Bold 50. Personaliz\u00e1vel, eficiente e com chama realista. Ideal para casas modernas e projetos comerciais.\" \/>\n<meta name=\"robots\" content=\"index, follow, max-snippet:-1, max-image-preview:large, max-video-preview:-1\" \/>\n<link rel=\"canonical\" href=\"https:\/\/mhinteriores.pt\/loja\/produto\/lareira-eletrica-ignite-bold-50\/\" \/>\n<meta property=\"og:locale\" content=\"pt_PT\" \/>\n<meta property=\"og:type\" content=\"article\" \/>\n<meta property=\"og:title\" content=\"Lareira El\u00e9trica Ignite Bold 50 - MH Interiores\" \/>\n<meta property=\"og:description\" content=\"Lareira el\u00e9trica Ignite Bold 50. Personaliz\u00e1vel, eficiente e com chama realista. Ideal para casas modernas e projetos comerciais.\" \/>\n<meta property=\"og:url\" content=\"https:\/\/mhinteriores.pt\/loja\/produto\/lareira-eletrica-ignite-bold-50\/\" \/>\n<meta property=\"og:site_name\" content=\"Loja Decora&ccedil;&atilde;o de Interiores\" \/>\n<meta property=\"article:modified_time\" content=\"2025-09-29T13:32:13+00:00\" \/>\n<meta property=\"og:image\" content=\"https:\/\/mhinteriores.pt\/loja\/wp-content\/uploads\/2025\/09\/Lareira-Electrica-Ignite-Bold-50-3.webp\" \/>\n\t<meta property=\"og:image:width\" content=\"500\" \/>\n\t<meta property=\"og:image:height\" content=\"500\" \/>\n\t<meta property=\"og:image:type\" content=\"image\/webp\" \/>\n<meta name=\"twitter:card\" content=\"summary_large_image\" \/>\n<meta name=\"twitter:label1\" content=\"Tempo estimado de leitura\" \/>\n\t<meta name=\"twitter:data1\" content=\"3 minutos\" \/>\n<script type=\"application\/ld+json\" class=\"yoast-schema-graph\">{\"@context\":\"https:\\\/\\\/schema.org\",\"@graph\":[{\"@type\":\"WebPage\",\"@id\":\"https:\\\/\\\/mhinteriores.pt\\\/loja\\\/produto\\\/lareira-eletrica-ignite-bold-50\\\/\",\"url\":\"https:\\\/\\\/mhinteriores.pt\\\/loja\\\/produto\\\/lareira-eletrica-ignite-bold-50\\\/\",\"name\":\"Lareira El\u00e9trica Ignite Bold 50 - MH Interiores - Loja Decora&ccedil;&atilde;o de Interiores\",\"isPartOf\":{\"@id\":\"https:\\\/\\\/mhinteriores.pt\\\/loja\\\/#website\"},\"primaryImageOfPage\":{\"@id\":\"https:\\\/\\\/mhinteriores.pt\\\/loja\\\/produto\\\/lareira-eletrica-ignite-bold-50\\\/#primaryimage\"},\"image\":{\"@id\":\"https:\\\/\\\/mhinteriores.pt\\\/loja\\\/produto\\\/lareira-eletrica-ignite-bold-50\\\/#primaryimage\"},\"thumbnailUrl\":\"https:\\\/\\\/mhinteriores.pt\\\/loja\\\/wp-content\\\/uploads\\\/2025\\\/09\\\/Lareira-Electrica-Ignite-Bold-50-3.webp\",\"datePublished\":\"2025-09-29T10:27:38+00:00\",\"dateModified\":\"2025-09-29T13:32:13+00:00\",\"description\":\"Lareira el\u00e9trica Ignite Bold 50. Personaliz\u00e1vel, eficiente e com chama realista. Ideal para casas modernas e projetos comerciais.\",\"breadcrumb\":{\"@id\":\"https:\\\/\\\/mhinteriores.pt\\\/loja\\\/produto\\\/lareira-eletrica-ignite-bold-50\\\/#breadcrumb\"},\"inLanguage\":\"pt-PT\",\"potentialAction\":[{\"@type\":\"ReadAction\",\"target\":[\"https:\\\/\\\/mhinteriores.pt\\\/loja\\\/produto\\\/lareira-eletrica-ignite-bold-50\\\/\"]}]},{\"@type\":\"ImageObject\",\"inLanguage\":\"pt-PT\",\"@id\":\"https:\\\/\\\/mhinteriores.pt\\\/loja\\\/produto\\\/lareira-eletrica-ignite-bold-50\\\/#primaryimage\",\"url\":\"https:\\\/\\\/mhinteriores.pt\\\/loja\\\/wp-content\\\/uploads\\\/2025\\\/09\\\/Lareira-Electrica-Ignite-Bold-50-3.webp\",\"contentUrl\":\"https:\\\/\\\/mhinteriores.pt\\\/loja\\\/wp-content\\\/uploads\\\/2025\\\/09\\\/Lareira-Electrica-Ignite-Bold-50-3.webp\",\"width\":500,\"height\":500,\"caption\":\"Lareira El\u00e9ctrica Ignite Bold\"},{\"@type\":\"BreadcrumbList\",\"@id\":\"https:\\\/\\\/mhinteriores.pt\\\/loja\\\/produto\\\/lareira-eletrica-ignite-bold-50\\\/#breadcrumb\",\"itemListElement\":[{\"@type\":\"ListItem\",\"position\":1,\"name\":\"In\u00edcio\",\"item\":\"https:\\\/\\\/mhinteriores.pt\\\/loja\\\/\"},{\"@type\":\"ListItem\",\"position\":2,\"name\":\"Loja\",\"item\":\"https:\\\/\\\/mhinteriores.pt\\\/loja\\\/loja\\\/\"},{\"@type\":\"ListItem\",\"position\":3,\"name\":\"Lareira El\u00e9trica Ignite Bold 50 &#8211; MH Interiores\"}]},{\"@type\":\"WebSite\",\"@id\":\"https:\\\/\\\/mhinteriores.pt\\\/loja\\\/#website\",\"url\":\"https:\\\/\\\/mhinteriores.pt\\\/loja\\\/\",\"name\":\"Loja de Decora\u00e7\u00e3o - MH Interiores\",\"description\":\"MH Interiores\",\"publisher\":{\"@id\":\"https:\\\/\\\/mhinteriores.pt\\\/loja\\\/#organization\"},\"potentialAction\":[{\"@type\":\"SearchAction\",\"target\":{\"@type\":\"EntryPoint\",\"urlTemplate\":\"https:\\\/\\\/mhinteriores.pt\\\/loja\\\/?s={search_term_string}\"},\"query-input\":{\"@type\":\"PropertyValueSpecification\",\"valueRequired\":true,\"valueName\":\"search_term_string\"}}],\"inLanguage\":\"pt-PT\"},{\"@type\":\"Organization\",\"@id\":\"https:\\\/\\\/mhinteriores.pt\\\/loja\\\/#organization\",\"name\":\"Loja de Decora\u00e7\u00e3o - MH Interiores\",\"url\":\"https:\\\/\\\/mhinteriores.pt\\\/loja\\\/\",\"logo\":{\"@type\":\"ImageObject\",\"inLanguage\":\"pt-PT\",\"@id\":\"https:\\\/\\\/mhinteriores.pt\\\/loja\\\/#\\\/schema\\\/logo\\\/image\\\/\",\"url\":\"https:\\\/\\\/mhinteriores.pt\\\/loja\\\/wp-content\\\/uploads\\\/2024\\\/12\\\/cropped-MH-Interiores.png\",\"contentUrl\":\"https:\\\/\\\/mhinteriores.pt\\\/loja\\\/wp-content\\\/uploads\\\/2024\\\/12\\\/cropped-MH-Interiores.png\",\"width\":512,\"height\":512,\"caption\":\"Loja de Decora\u00e7\u00e3o - MH Interiores\"},\"image\":{\"@id\":\"https:\\\/\\\/mhinteriores.pt\\\/loja\\\/#\\\/schema\\\/logo\\\/image\\\/\"}}]}<\/script>\n<!-- \/ Yoast SEO Premium plugin. -->","yoast_head_json":{"title":"Lareira El\u00e9trica Ignite Bold 50 - MH Interiores - Loja Decora&ccedil;&atilde;o de Interiores","description":"Lareira el\u00e9trica Ignite Bold 50. Personaliz\u00e1vel, eficiente e com chama realista. Ideal para casas modernas e projetos comerciais.","robots":{"index":"index","follow":"follow","max-snippet":"max-snippet:-1","max-image-preview":"max-image-preview:large","max-video-preview":"max-video-preview:-1"},"canonical":"https:\/\/mhinteriores.pt\/loja\/produto\/lareira-eletrica-ignite-bold-50\/","og_locale":"pt_PT","og_type":"article","og_title":"Lareira El\u00e9trica Ignite Bold 50 - MH Interiores","og_description":"Lareira el\u00e9trica Ignite Bold 50. Personaliz\u00e1vel, eficiente e com chama realista. Ideal para casas modernas e projetos comerciais.","og_url":"https:\/\/mhinteriores.pt\/loja\/produto\/lareira-eletrica-ignite-bold-50\/","og_site_name":"Loja Decora&ccedil;&atilde;o de Interiores","article_modified_time":"2025-09-29T13:32:13+00:00","og_image":[{"width":500,"height":500,"url":"https:\/\/mhinteriores.pt\/loja\/wp-content\/uploads\/2025\/09\/Lareira-Electrica-Ignite-Bold-50-3.webp","type":"image\/webp"}],"twitter_card":"summary_large_image","twitter_misc":{"Tempo estimado de leitura":"3 minutos"},"schema":{"@context":"https:\/\/schema.org","@graph":[{"@type":"WebPage","@id":"https:\/\/mhinteriores.pt\/loja\/produto\/lareira-eletrica-ignite-bold-50\/","url":"https:\/\/mhinteriores.pt\/loja\/produto\/lareira-eletrica-ignite-bold-50\/","name":"Lareira El\u00e9trica Ignite Bold 50 - MH Interiores - Loja Decora&ccedil;&atilde;o de Interiores","isPartOf":{"@id":"https:\/\/mhinteriores.pt\/loja\/#website"},"primaryImageOfPage":{"@id":"https:\/\/mhinteriores.pt\/loja\/produto\/lareira-eletrica-ignite-bold-50\/#primaryimage"},"image":{"@id":"https:\/\/mhinteriores.pt\/loja\/produto\/lareira-eletrica-ignite-bold-50\/#primaryimage"},"thumbnailUrl":"https:\/\/mhinteriores.pt\/loja\/wp-content\/uploads\/2025\/09\/Lareira-Electrica-Ignite-Bold-50-3.webp","datePublished":"2025-09-29T10:27:38+00:00","dateModified":"2025-09-29T13:32:13+00:00","description":"Lareira el\u00e9trica Ignite Bold 50. Personaliz\u00e1vel, eficiente e com chama realista. Ideal para casas modernas e projetos comerciais.","breadcrumb":{"@id":"https:\/\/mhinteriores.pt\/loja\/produto\/lareira-eletrica-ignite-bold-50\/#breadcrumb"},"inLanguage":"pt-PT","potentialAction":[{"@type":"ReadAction","target":["https:\/\/mhinteriores.pt\/loja\/produto\/lareira-eletrica-ignite-bold-50\/"]}]},{"@type":"ImageObject","inLanguage":"pt-PT","@id":"https:\/\/mhinteriores.pt\/loja\/produto\/lareira-eletrica-ignite-bold-50\/#primaryimage","url":"https:\/\/mhinteriores.pt\/loja\/wp-content\/uploads\/2025\/09\/Lareira-Electrica-Ignite-Bold-50-3.webp","contentUrl":"https:\/\/mhinteriores.pt\/loja\/wp-content\/uploads\/2025\/09\/Lareira-Electrica-Ignite-Bold-50-3.webp","width":500,"height":500,"caption":"Lareira El\u00e9ctrica Ignite Bold"},{"@type":"BreadcrumbList","@id":"https:\/\/mhinteriores.pt\/loja\/produto\/lareira-eletrica-ignite-bold-50\/#breadcrumb","itemListElement":[{"@type":"ListItem","position":1,"name":"In\u00edcio","item":"https:\/\/mhinteriores.pt\/loja\/"},{"@type":"ListItem","position":2,"name":"Loja","item":"https:\/\/mhinteriores.pt\/loja\/loja\/"},{"@type":"ListItem","position":3,"name":"Lareira El\u00e9trica Ignite Bold 50 &#8211; MH Interiores"}]},{"@type":"WebSite","@id":"https:\/\/mhinteriores.pt\/loja\/#website","url":"https:\/\/mhinteriores.pt\/loja\/","name":"Loja de Decora\u00e7\u00e3o - MH Interiores","description":"MH Interiores","publisher":{"@id":"https:\/\/mhinteriores.pt\/loja\/#organization"},"potentialAction":[{"@type":"SearchAction","target":{"@type":"EntryPoint","urlTemplate":"https:\/\/mhinteriores.pt\/loja\/?s={search_term_string}"},"query-input":{"@type":"PropertyValueSpecification","valueRequired":true,"valueName":"search_term_string"}}],"inLanguage":"pt-PT"},{"@type":"Organization","@id":"https:\/\/mhinteriores.pt\/loja\/#organization","name":"Loja de Decora\u00e7\u00e3o - MH Interiores","url":"https:\/\/mhinteriores.pt\/loja\/","logo":{"@type":"ImageObject","inLanguage":"pt-PT","@id":"https:\/\/mhinteriores.pt\/loja\/#\/schema\/logo\/image\/","url":"https:\/\/mhinteriores.pt\/loja\/wp-content\/uploads\/2024\/12\/cropped-MH-Interiores.png","contentUrl":"https:\/\/mhinteriores.pt\/loja\/wp-content\/uploads\/2024\/12\/cropped-MH-Interiores.png","width":512,"height":512,"caption":"Loja de Decora\u00e7\u00e3o - MH Interiores"},"image":{"@id":"https:\/\/mhinteriores.pt\/loja\/#\/schema\/logo\/image\/"}}]}},"_links":{"self":[{"href":"https:\/\/mhinteriores.pt\/loja\/wp-json\/wp\/v2\/product\/4799","targetHints":{"allow":["GET"]}}],"collection":[{"href":"https:\/\/mhinteriores.pt\/loja\/wp-json\/wp\/v2\/product"}],"about":[{"href":"https:\/\/mhinteriores.pt\/loja\/wp-json\/wp\/v2\/types\/product"}],"replies":[{"embeddable":true,"href":"https:\/\/mhinteriores.pt\/loja\/wp-json\/wp\/v2\/comments?post=4799"}],"version-history":[{"count":4,"href":"https:\/\/mhinteriores.pt\/loja\/wp-json\/wp\/v2\/product\/4799\/revisions"}],"predecessor-version":[{"id":4873,"href":"https:\/\/mhinteriores.pt\/loja\/wp-json\/wp\/v2\/product\/4799\/revisions\/4873"}],"wp:featuredmedia":[{"embeddable":true,"href":"https:\/\/mhinteriores.pt\/loja\/wp-json\/wp\/v2\/media\/4806"}],"wp:attachment":[{"href":"https:\/\/mhinteriores.pt\/loja\/wp-json\/wp\/v2\/media?parent=4799"}],"wp:term":[{"taxonomy":"product_cat","embeddable":true,"href":"https:\/\/mhinteriores.pt\/loja\/wp-json\/wp\/v2\/product_cat?post=4799"},{"taxonomy":"product_tag","embeddable":true,"href":"https:\/\/mhinteriores.pt\/loja\/wp-json\/wp\/v2\/product_tag?post=4799"}],"curies":[{"name":"wp","href":"https:\/\/api.w.org\/{rel}","templated":true}]}}