{"id":5264,"date":"2025-10-01T09:47:49","date_gmt":"2025-10-01T09:47:49","guid":{"rendered":"https:\/\/mhinteriores.pt\/loja\/?post_type=product&#038;p=5264"},"modified":"2025-10-01T09:52:21","modified_gmt":"2025-10-01T09:52:21","slug":"recuperador-a-gas-matrix-450-650-iii","status":"publish","type":"product","link":"https:\/\/mhinteriores.pt\/loja\/produto\/recuperador-a-gas-matrix-450-650-iii\/","title":{"rendered":"Recuperador a G\u00e1s Matrix 450-650 III &#8211; MH Interiores"},"content":{"rendered":"<h2 style=\"text-align: left;\">Recuperador a G\u00e1s Matrix 450-650 III &#8211; <a href=\"https:\/\/mhinteriores.pt\/loja\/\">MH Interiores<\/a><\/h2>\n<p>O Recuperador a G\u00e1s Faber MatriX 450-650 III \u00e9 a escolha ideal para quem deseja recriar o charme de um fogo aberto, mas com toda a efici\u00eancia e tecnologia de um equipamento moderno. A sua vis\u00e3o trifacial permite apreciar as chamas de v\u00e1rios \u00e2ngulos, transformando-o num aut\u00eantico elemento de destaque em qualquer espa\u00e7o.<\/p>\n<p>Com a s\u00e9rie MatriX, a Faber oferece m\u00e1xima liberdade de personaliza\u00e7\u00e3o: escolha dimens\u00f5es, n\u00famero de lados, tipo de decora\u00e7\u00e3o e acabamento para criar o fogo que melhor combina com o seu estilo. Al\u00e9m disso, garante qualidade premium e alto rendimento, com classe energ\u00e9tica A e efici\u00eancia de 93%.<\/p>\n<p>&nbsp;<\/p>\n<h3 data-start=\"1165\" data-end=\"1198\">Caracter\u00edsticas T\u00e9cnicas<\/h3>\n<ul>\n<li data-start=\"848\" data-end=\"880\">\n<p data-start=\"850\" data-end=\"880\"><strong data-start=\"850\" data-end=\"871\">Pot\u00eancia T\u00e9rmica:<\/strong> 6,8 kW<\/p>\n<\/li>\n<li data-start=\"881\" data-end=\"904\">\n<p data-start=\"883\" data-end=\"904\"><strong data-start=\"883\" data-end=\"898\">Rendimento:<\/strong> 93%<\/p>\n<\/li>\n<li data-start=\"905\" data-end=\"933\">\n<p data-start=\"907\" data-end=\"933\"><strong data-start=\"907\" data-end=\"929\">Classe Energ\u00e9tica:<\/strong> A<\/p>\n<\/li>\n<li data-start=\"934\" data-end=\"970\">\n<p data-start=\"936\" data-end=\"970\"><strong data-start=\"936\" data-end=\"957\">Conduta de Fumos:<\/strong> 100\/150 mm<\/p>\n<\/li>\n<li data-start=\"971\" data-end=\"1017\">\n<p data-start=\"973\" data-end=\"1017\"><strong data-start=\"973\" data-end=\"995\">Dimens\u00f5es (LxPxA):<\/strong> 690 x 502 x 1077 mm<\/p>\n<\/li>\n<li data-start=\"1018\" data-end=\"1069\">\n<p data-start=\"1020\" data-end=\"1069\"><strong data-start=\"1020\" data-end=\"1048\">Dimens\u00f5es Vidro (LxPxA):<\/strong> 522 x 308 x 650 mm<\/p>\n<\/li>\n<li data-start=\"1070\" data-end=\"1105\">\n<p data-start=\"1072\" data-end=\"1105\"><strong data-start=\"1072\" data-end=\"1095\">Tipo de Instala\u00e7\u00e3o:<\/strong> Embutir<\/p>\n<\/li>\n<li data-start=\"1106\" data-end=\"1189\">\n<p data-start=\"1108\" data-end=\"1189\"><strong data-start=\"1108\" data-end=\"1137\">Convers\u00e3o de Combust\u00edvel:<\/strong> compat\u00edvel com g\u00e1s natural, propano ou biopropano<\/p>\n<\/li>\n<li data-start=\"1190\" data-end=\"1219\">\n<p data-start=\"1192\" data-end=\"1219\"><strong data-start=\"1192\" data-end=\"1217\">Inclui comando remoto<\/strong><\/p>\n<\/li>\n<\/ul>\n<p>&nbsp;<\/p>\n<h3 data-start=\"1547\" data-end=\"1586\">Principais Vantagens<\/h3>\n<ul>\n<li data-start=\"1294\" data-end=\"1361\">\n<p data-start=\"1296\" data-end=\"1361\"><strong data-start=\"1296\" data-end=\"1326\">Vis\u00e3o trifacial panor\u00e2mica<\/strong> para uma experi\u00eancia envolvente.<\/p>\n<\/li>\n<li data-start=\"1362\" data-end=\"1490\">\n<p data-start=\"1364\" data-end=\"1490\"><strong data-start=\"1364\" data-end=\"1403\">Queimador Log Burner 2.0 patenteado<\/strong>, que proporciona um efeito de chama cheio e realista, mesmo em configura\u00e7\u00f5es baixas.<\/p>\n<\/li>\n<li data-start=\"1491\" data-end=\"1579\">\n<p data-start=\"1493\" data-end=\"1579\"><strong data-start=\"1493\" data-end=\"1517\">M\u00f3dulo de luz Symbio<\/strong> para uma cama de brasas cintilante incrivelmente aut\u00eantica.<\/p>\n<\/li>\n<li data-start=\"1580\" data-end=\"1731\">\n<p data-start=\"1582\" data-end=\"1731\"><strong data-start=\"1582\" data-end=\"1611\">Totalmente personaliz\u00e1vel<\/strong>: escolha dimens\u00f5es, n\u00famero de lados, acabamentos e decora\u00e7\u00e3o (troncos realistas, seixos Carrara ou pedras cinzentas).<\/p>\n<\/li>\n<li data-start=\"1732\" data-end=\"1816\">\n<p data-start=\"1734\" data-end=\"1816\"><strong data-start=\"1734\" data-end=\"1766\">Flexibilidade de combust\u00edvel<\/strong>: funciona a g\u00e1s natural, propano ou biopropano.<\/p>\n<\/li>\n<li data-start=\"1817\" data-end=\"1882\">\n<p data-start=\"1819\" data-end=\"1882\"><strong data-start=\"1819\" data-end=\"1841\">Design minimalista<\/strong> com vidro anti-reflexo rente \u00e0 parede.<\/p>\n<\/li>\n<li data-start=\"1883\" data-end=\"1964\">\n<p data-start=\"1885\" data-end=\"1964\"><strong data-start=\"1885\" data-end=\"1929\">Efici\u00eancia energ\u00e9tica de topo (Classe A)<\/strong> para um aquecimento sustent\u00e1vel.<\/p>\n<\/li>\n<li data-start=\"1965\" data-end=\"2039\">\n<p data-start=\"1967\" data-end=\"2039\"><strong data-start=\"1967\" data-end=\"1988\">Conforto absoluto<\/strong>: controlo total atrav\u00e9s do telecomando inclu\u00eddo.<\/p>\n<\/li>\n<\/ul>\n","protected":false},"excerpt":{"rendered":"<p>Recuperador a G\u00e1s Matrix 450-650 III &#8211; MH Interiores O Recuperador a G\u00e1s Faber MatriX 450-650 III \u00e9 a escolha ideal para quem deseja recriar o charme de um fogo<\/p>\n","protected":false},"featured_media":5266,"comment_status":"open","ping_status":"closed","template":"","meta":[],"product_cat":[234],"product_tag":[],"class_list":{"0":"post-5264","1":"product","2":"type-product","3":"status-publish","4":"has-post-thumbnail","6":"product_brand-faber","7":"product_cat-recuperador-a-gas","9":"first","10":"instock","11":"shipping-taxable","12":"product-type-simple"},"yoast_head":"<!-- This site is optimized with the Yoast SEO Premium plugin v24.0 (Yoast SEO v27.4) - https:\/\/yoast.com\/product\/yoast-seo-premium-wordpress\/ -->\n<title>Recuperador a G\u00e1s Matrix 450-650 III - MH Interiores - Loja Decora&ccedil;&atilde;o de Interiores<\/title>\n<meta name=\"description\" content=\"Recuperador a G\u00e1s Faber MatriX 450-650 III. Trifacial, 6,8 kW, vidro anti-reflexo, Log Burner 2.0 e 93% de rendimento. Design premium e personaliz\u00e1vel.\" \/>\n<meta name=\"robots\" content=\"index, follow, max-snippet:-1, max-image-preview:large, max-video-preview:-1\" \/>\n<link rel=\"canonical\" href=\"https:\/\/mhinteriores.pt\/loja\/produto\/recuperador-a-gas-matrix-450-650-iii\/\" \/>\n<meta property=\"og:locale\" content=\"pt_PT\" \/>\n<meta property=\"og:type\" content=\"article\" \/>\n<meta property=\"og:title\" content=\"Recuperador a G\u00e1s Matrix 450-650 III - MH Interiores\" \/>\n<meta property=\"og:description\" content=\"Recuperador a G\u00e1s Faber MatriX 450-650 III. Trifacial, 6,8 kW, vidro anti-reflexo, Log Burner 2.0 e 93% de rendimento. Design premium e personaliz\u00e1vel.\" \/>\n<meta property=\"og:url\" content=\"https:\/\/mhinteriores.pt\/loja\/produto\/recuperador-a-gas-matrix-450-650-iii\/\" \/>\n<meta property=\"og:site_name\" content=\"Loja Decora&ccedil;&atilde;o de Interiores\" \/>\n<meta property=\"article:modified_time\" content=\"2025-10-01T09:52:21+00:00\" \/>\n<meta property=\"og:image\" content=\"https:\/\/mhinteriores.pt\/loja\/wp-content\/uploads\/2025\/10\/Recuperador-a-Gas-Matrix-450-650-III-1.webp\" \/>\n\t<meta property=\"og:image:width\" content=\"500\" \/>\n\t<meta property=\"og:image:height\" content=\"500\" \/>\n\t<meta property=\"og:image:type\" content=\"image\/webp\" \/>\n<meta name=\"twitter:card\" content=\"summary_large_image\" \/>\n<meta name=\"twitter:label1\" content=\"Tempo estimado de leitura\" \/>\n\t<meta name=\"twitter:data1\" content=\"2 minutos\" \/>\n<script type=\"application\/ld+json\" class=\"yoast-schema-graph\">{\"@context\":\"https:\\\/\\\/schema.org\",\"@graph\":[{\"@type\":\"WebPage\",\"@id\":\"https:\\\/\\\/mhinteriores.pt\\\/loja\\\/produto\\\/recuperador-a-gas-matrix-450-650-iii\\\/\",\"url\":\"https:\\\/\\\/mhinteriores.pt\\\/loja\\\/produto\\\/recuperador-a-gas-matrix-450-650-iii\\\/\",\"name\":\"Recuperador a G\u00e1s Matrix 450-650 III - MH Interiores - Loja Decora&ccedil;&atilde;o de Interiores\",\"isPartOf\":{\"@id\":\"https:\\\/\\\/mhinteriores.pt\\\/loja\\\/#website\"},\"primaryImageOfPage\":{\"@id\":\"https:\\\/\\\/mhinteriores.pt\\\/loja\\\/produto\\\/recuperador-a-gas-matrix-450-650-iii\\\/#primaryimage\"},\"image\":{\"@id\":\"https:\\\/\\\/mhinteriores.pt\\\/loja\\\/produto\\\/recuperador-a-gas-matrix-450-650-iii\\\/#primaryimage\"},\"thumbnailUrl\":\"https:\\\/\\\/mhinteriores.pt\\\/loja\\\/wp-content\\\/uploads\\\/2025\\\/10\\\/Recuperador-a-Gas-Matrix-450-650-III-1.webp\",\"datePublished\":\"2025-10-01T09:47:49+00:00\",\"dateModified\":\"2025-10-01T09:52:21+00:00\",\"description\":\"Recuperador a G\u00e1s Faber MatriX 450-650 III. Trifacial, 6,8 kW, vidro anti-reflexo, Log Burner 2.0 e 93% de rendimento. Design premium e personaliz\u00e1vel.\",\"breadcrumb\":{\"@id\":\"https:\\\/\\\/mhinteriores.pt\\\/loja\\\/produto\\\/recuperador-a-gas-matrix-450-650-iii\\\/#breadcrumb\"},\"inLanguage\":\"pt-PT\",\"potentialAction\":[{\"@type\":\"ReadAction\",\"target\":[\"https:\\\/\\\/mhinteriores.pt\\\/loja\\\/produto\\\/recuperador-a-gas-matrix-450-650-iii\\\/\"]}]},{\"@type\":\"ImageObject\",\"inLanguage\":\"pt-PT\",\"@id\":\"https:\\\/\\\/mhinteriores.pt\\\/loja\\\/produto\\\/recuperador-a-gas-matrix-450-650-iii\\\/#primaryimage\",\"url\":\"https:\\\/\\\/mhinteriores.pt\\\/loja\\\/wp-content\\\/uploads\\\/2025\\\/10\\\/Recuperador-a-Gas-Matrix-450-650-III-1.webp\",\"contentUrl\":\"https:\\\/\\\/mhinteriores.pt\\\/loja\\\/wp-content\\\/uploads\\\/2025\\\/10\\\/Recuperador-a-Gas-Matrix-450-650-III-1.webp\",\"width\":500,\"height\":500,\"caption\":\"Recuperador a G\u00e1s Matrix 450-650 III\"},{\"@type\":\"BreadcrumbList\",\"@id\":\"https:\\\/\\\/mhinteriores.pt\\\/loja\\\/produto\\\/recuperador-a-gas-matrix-450-650-iii\\\/#breadcrumb\",\"itemListElement\":[{\"@type\":\"ListItem\",\"position\":1,\"name\":\"In\u00edcio\",\"item\":\"https:\\\/\\\/mhinteriores.pt\\\/loja\\\/\"},{\"@type\":\"ListItem\",\"position\":2,\"name\":\"Loja\",\"item\":\"https:\\\/\\\/mhinteriores.pt\\\/loja\\\/loja\\\/\"},{\"@type\":\"ListItem\",\"position\":3,\"name\":\"Recuperador a G\u00e1s Matrix 450-650 III &#8211; MH Interiores\"}]},{\"@type\":\"WebSite\",\"@id\":\"https:\\\/\\\/mhinteriores.pt\\\/loja\\\/#website\",\"url\":\"https:\\\/\\\/mhinteriores.pt\\\/loja\\\/\",\"name\":\"Loja de Decora\u00e7\u00e3o - MH Interiores\",\"description\":\"MH Interiores\",\"publisher\":{\"@id\":\"https:\\\/\\\/mhinteriores.pt\\\/loja\\\/#organization\"},\"potentialAction\":[{\"@type\":\"SearchAction\",\"target\":{\"@type\":\"EntryPoint\",\"urlTemplate\":\"https:\\\/\\\/mhinteriores.pt\\\/loja\\\/?s={search_term_string}\"},\"query-input\":{\"@type\":\"PropertyValueSpecification\",\"valueRequired\":true,\"valueName\":\"search_term_string\"}}],\"inLanguage\":\"pt-PT\"},{\"@type\":\"Organization\",\"@id\":\"https:\\\/\\\/mhinteriores.pt\\\/loja\\\/#organization\",\"name\":\"Loja de Decora\u00e7\u00e3o - MH Interiores\",\"url\":\"https:\\\/\\\/mhinteriores.pt\\\/loja\\\/\",\"logo\":{\"@type\":\"ImageObject\",\"inLanguage\":\"pt-PT\",\"@id\":\"https:\\\/\\\/mhinteriores.pt\\\/loja\\\/#\\\/schema\\\/logo\\\/image\\\/\",\"url\":\"https:\\\/\\\/mhinteriores.pt\\\/loja\\\/wp-content\\\/uploads\\\/2024\\\/12\\\/cropped-MH-Interiores.png\",\"contentUrl\":\"https:\\\/\\\/mhinteriores.pt\\\/loja\\\/wp-content\\\/uploads\\\/2024\\\/12\\\/cropped-MH-Interiores.png\",\"width\":512,\"height\":512,\"caption\":\"Loja de Decora\u00e7\u00e3o - MH Interiores\"},\"image\":{\"@id\":\"https:\\\/\\\/mhinteriores.pt\\\/loja\\\/#\\\/schema\\\/logo\\\/image\\\/\"}}]}<\/script>\n<!-- \/ Yoast SEO Premium plugin. -->","yoast_head_json":{"title":"Recuperador a G\u00e1s Matrix 450-650 III - MH Interiores - Loja Decora&ccedil;&atilde;o de Interiores","description":"Recuperador a G\u00e1s Faber MatriX 450-650 III. Trifacial, 6,8 kW, vidro anti-reflexo, Log Burner 2.0 e 93% de rendimento. Design premium e personaliz\u00e1vel.","robots":{"index":"index","follow":"follow","max-snippet":"max-snippet:-1","max-image-preview":"max-image-preview:large","max-video-preview":"max-video-preview:-1"},"canonical":"https:\/\/mhinteriores.pt\/loja\/produto\/recuperador-a-gas-matrix-450-650-iii\/","og_locale":"pt_PT","og_type":"article","og_title":"Recuperador a G\u00e1s Matrix 450-650 III - MH Interiores","og_description":"Recuperador a G\u00e1s Faber MatriX 450-650 III. Trifacial, 6,8 kW, vidro anti-reflexo, Log Burner 2.0 e 93% de rendimento. Design premium e personaliz\u00e1vel.","og_url":"https:\/\/mhinteriores.pt\/loja\/produto\/recuperador-a-gas-matrix-450-650-iii\/","og_site_name":"Loja Decora&ccedil;&atilde;o de Interiores","article_modified_time":"2025-10-01T09:52:21+00:00","og_image":[{"width":500,"height":500,"url":"https:\/\/mhinteriores.pt\/loja\/wp-content\/uploads\/2025\/10\/Recuperador-a-Gas-Matrix-450-650-III-1.webp","type":"image\/webp"}],"twitter_card":"summary_large_image","twitter_misc":{"Tempo estimado de leitura":"2 minutos"},"schema":{"@context":"https:\/\/schema.org","@graph":[{"@type":"WebPage","@id":"https:\/\/mhinteriores.pt\/loja\/produto\/recuperador-a-gas-matrix-450-650-iii\/","url":"https:\/\/mhinteriores.pt\/loja\/produto\/recuperador-a-gas-matrix-450-650-iii\/","name":"Recuperador a G\u00e1s Matrix 450-650 III - MH Interiores - Loja Decora&ccedil;&atilde;o de Interiores","isPartOf":{"@id":"https:\/\/mhinteriores.pt\/loja\/#website"},"primaryImageOfPage":{"@id":"https:\/\/mhinteriores.pt\/loja\/produto\/recuperador-a-gas-matrix-450-650-iii\/#primaryimage"},"image":{"@id":"https:\/\/mhinteriores.pt\/loja\/produto\/recuperador-a-gas-matrix-450-650-iii\/#primaryimage"},"thumbnailUrl":"https:\/\/mhinteriores.pt\/loja\/wp-content\/uploads\/2025\/10\/Recuperador-a-Gas-Matrix-450-650-III-1.webp","datePublished":"2025-10-01T09:47:49+00:00","dateModified":"2025-10-01T09:52:21+00:00","description":"Recuperador a G\u00e1s Faber MatriX 450-650 III. Trifacial, 6,8 kW, vidro anti-reflexo, Log Burner 2.0 e 93% de rendimento. Design premium e personaliz\u00e1vel.","breadcrumb":{"@id":"https:\/\/mhinteriores.pt\/loja\/produto\/recuperador-a-gas-matrix-450-650-iii\/#breadcrumb"},"inLanguage":"pt-PT","potentialAction":[{"@type":"ReadAction","target":["https:\/\/mhinteriores.pt\/loja\/produto\/recuperador-a-gas-matrix-450-650-iii\/"]}]},{"@type":"ImageObject","inLanguage":"pt-PT","@id":"https:\/\/mhinteriores.pt\/loja\/produto\/recuperador-a-gas-matrix-450-650-iii\/#primaryimage","url":"https:\/\/mhinteriores.pt\/loja\/wp-content\/uploads\/2025\/10\/Recuperador-a-Gas-Matrix-450-650-III-1.webp","contentUrl":"https:\/\/mhinteriores.pt\/loja\/wp-content\/uploads\/2025\/10\/Recuperador-a-Gas-Matrix-450-650-III-1.webp","width":500,"height":500,"caption":"Recuperador a G\u00e1s Matrix 450-650 III"},{"@type":"BreadcrumbList","@id":"https:\/\/mhinteriores.pt\/loja\/produto\/recuperador-a-gas-matrix-450-650-iii\/#breadcrumb","itemListElement":[{"@type":"ListItem","position":1,"name":"In\u00edcio","item":"https:\/\/mhinteriores.pt\/loja\/"},{"@type":"ListItem","position":2,"name":"Loja","item":"https:\/\/mhinteriores.pt\/loja\/loja\/"},{"@type":"ListItem","position":3,"name":"Recuperador a G\u00e1s Matrix 450-650 III &#8211; MH Interiores"}]},{"@type":"WebSite","@id":"https:\/\/mhinteriores.pt\/loja\/#website","url":"https:\/\/mhinteriores.pt\/loja\/","name":"Loja de Decora\u00e7\u00e3o - MH Interiores","description":"MH Interiores","publisher":{"@id":"https:\/\/mhinteriores.pt\/loja\/#organization"},"potentialAction":[{"@type":"SearchAction","target":{"@type":"EntryPoint","urlTemplate":"https:\/\/mhinteriores.pt\/loja\/?s={search_term_string}"},"query-input":{"@type":"PropertyValueSpecification","valueRequired":true,"valueName":"search_term_string"}}],"inLanguage":"pt-PT"},{"@type":"Organization","@id":"https:\/\/mhinteriores.pt\/loja\/#organization","name":"Loja de Decora\u00e7\u00e3o - MH Interiores","url":"https:\/\/mhinteriores.pt\/loja\/","logo":{"@type":"ImageObject","inLanguage":"pt-PT","@id":"https:\/\/mhinteriores.pt\/loja\/#\/schema\/logo\/image\/","url":"https:\/\/mhinteriores.pt\/loja\/wp-content\/uploads\/2024\/12\/cropped-MH-Interiores.png","contentUrl":"https:\/\/mhinteriores.pt\/loja\/wp-content\/uploads\/2024\/12\/cropped-MH-Interiores.png","width":512,"height":512,"caption":"Loja de Decora\u00e7\u00e3o - MH Interiores"},"image":{"@id":"https:\/\/mhinteriores.pt\/loja\/#\/schema\/logo\/image\/"}}]}},"_links":{"self":[{"href":"https:\/\/mhinteriores.pt\/loja\/wp-json\/wp\/v2\/product\/5264","targetHints":{"allow":["GET"]}}],"collection":[{"href":"https:\/\/mhinteriores.pt\/loja\/wp-json\/wp\/v2\/product"}],"about":[{"href":"https:\/\/mhinteriores.pt\/loja\/wp-json\/wp\/v2\/types\/product"}],"replies":[{"embeddable":true,"href":"https:\/\/mhinteriores.pt\/loja\/wp-json\/wp\/v2\/comments?post=5264"}],"version-history":[{"count":1,"href":"https:\/\/mhinteriores.pt\/loja\/wp-json\/wp\/v2\/product\/5264\/revisions"}],"predecessor-version":[{"id":5267,"href":"https:\/\/mhinteriores.pt\/loja\/wp-json\/wp\/v2\/product\/5264\/revisions\/5267"}],"wp:featuredmedia":[{"embeddable":true,"href":"https:\/\/mhinteriores.pt\/loja\/wp-json\/wp\/v2\/media\/5266"}],"wp:attachment":[{"href":"https:\/\/mhinteriores.pt\/loja\/wp-json\/wp\/v2\/media?parent=5264"}],"wp:term":[{"taxonomy":"product_cat","embeddable":true,"href":"https:\/\/mhinteriores.pt\/loja\/wp-json\/wp\/v2\/product_cat?post=5264"},{"taxonomy":"product_tag","embeddable":true,"href":"https:\/\/mhinteriores.pt\/loja\/wp-json\/wp\/v2\/product_tag?post=5264"}],"curies":[{"name":"wp","href":"https:\/\/api.w.org\/{rel}","templated":true}]}}