{"id":5272,"date":"2025-10-01T10:01:56","date_gmt":"2025-10-01T10:01:56","guid":{"rendered":"https:\/\/mhinteriores.pt\/loja\/?post_type=product&#038;p=5272"},"modified":"2025-10-01T10:04:38","modified_gmt":"2025-10-01T10:04:38","slug":"recuperador-a-gas-matrix-800-650-iii","status":"publish","type":"product","link":"https:\/\/mhinteriores.pt\/loja\/produto\/recuperador-a-gas-matrix-800-650-iii\/","title":{"rendered":"Recuperador a G\u00e1s Matrix 800-650 III &#8211; MH Interiores"},"content":{"rendered":"<h2 style=\"text-align: left;\">Recuperador a G\u00e1s Matrix 800-650 III &#8211; <a href=\"https:\/\/mhinteriores.pt\/loja\/\">MH Interiores<\/a><\/h2>\n<p>O Recuperador a G\u00e1s Faber MatriX 800-650 III destaca-se pelo seu design trifacial, permitindo apreciar a beleza das chamas a partir de tr\u00eas \u00e2ngulos diferentes. Com um estilo moderno e personaliz\u00e1vel, este modelo \u00e9 o verdadeiro ponto focal para qualquer sala, combinando eleg\u00e2ncia, calor e efici\u00eancia energ\u00e9tica.<\/p>\n<p>A linha MatriX da Faber oferece a liberdade de criar o fogo dos seus sonhos. Pode come\u00e7ar com a vers\u00e3o base e adicionar elementos como m\u00f3dulo de luz Symbio, controlo inteligente ITC via app gratuita, vidro anti-reflexo e muito mais. Al\u00e9m disso, a tecnologia patenteada Log Burner 2.0 proporciona chamas cheias e realistas, mesmo em configura\u00e7\u00f5es de baixa intensidade.<\/p>\n<p>&nbsp;<\/p>\n<h3 data-start=\"1165\" data-end=\"1198\">Caracter\u00edsticas T\u00e9cnicas<\/h3>\n<ul>\n<li data-start=\"943\" data-end=\"976\">\n<p data-start=\"945\" data-end=\"976\"><strong data-start=\"945\" data-end=\"966\">Pot\u00eancia T\u00e9rmica:<\/strong> 10,0 kW<\/p>\n<\/li>\n<li data-start=\"977\" data-end=\"1003\">\n<p data-start=\"979\" data-end=\"1003\"><strong data-start=\"979\" data-end=\"994\">Rendimento:<\/strong> 88,4 %<\/p>\n<\/li>\n<li data-start=\"1004\" data-end=\"1032\">\n<p data-start=\"1006\" data-end=\"1032\"><strong data-start=\"1006\" data-end=\"1028\">Classe Energ\u00e9tica:<\/strong> B<\/p>\n<\/li>\n<li data-start=\"1033\" data-end=\"1069\">\n<p data-start=\"1035\" data-end=\"1069\"><strong data-start=\"1035\" data-end=\"1056\">Conduta de Fumos:<\/strong> 130\/200 mm<\/p>\n<\/li>\n<li data-start=\"1070\" data-end=\"1117\">\n<p data-start=\"1072\" data-end=\"1117\"><strong data-start=\"1072\" data-end=\"1094\">Dimens\u00f5es (LxPxA):<\/strong> 1040 x 574 x 1173 mm<\/p>\n<\/li>\n<li data-start=\"1118\" data-end=\"1169\">\n<p data-start=\"1120\" data-end=\"1169\"><strong data-start=\"1120\" data-end=\"1148\">Dimens\u00f5es Vidro (LxPxA):<\/strong> 872 x 383 x 650 mm<\/p>\n<\/li>\n<li data-start=\"1170\" data-end=\"1205\">\n<p data-start=\"1172\" data-end=\"1205\"><strong data-start=\"1172\" data-end=\"1195\">Tipo de Instala\u00e7\u00e3o:<\/strong> Embutir<\/p>\n<\/li>\n<li data-start=\"1206\" data-end=\"1240\">\n<p data-start=\"1208\" data-end=\"1240\"><strong data-start=\"1208\" data-end=\"1218\">Vis\u00e3o:<\/strong> Trifacial (3 faces)<\/p>\n<\/li>\n<li data-start=\"1241\" data-end=\"1270\">\n<p data-start=\"1243\" data-end=\"1270\"><strong data-start=\"1243\" data-end=\"1268\">Inclui comando remoto<\/strong><\/p>\n<\/li>\n<\/ul>\n<p>&nbsp;<\/p>\n<h3 data-start=\"1547\" data-end=\"1586\">Principais Vantagens<\/h3>\n<ul>\n<li data-start=\"1345\" data-end=\"1428\">\n<p data-start=\"1347\" data-end=\"1428\"><strong data-start=\"1347\" data-end=\"1377\">Vis\u00e3o trifacial panor\u00e2mica<\/strong>, com chamas vis\u00edveis em tr\u00eas \u00e2ngulos diferentes.<\/p>\n<\/li>\n<li data-start=\"1429\" data-end=\"1532\">\n<p data-start=\"1431\" data-end=\"1532\"><strong data-start=\"1431\" data-end=\"1460\">Log Burner 2.0 patenteado<\/strong>: cria chamas aut\u00eanticas, cheias e realistas, mesmo em pot\u00eancia baixa.<\/p>\n<\/li>\n<li data-start=\"1533\" data-end=\"1623\">\n<p data-start=\"1535\" data-end=\"1623\"><strong data-start=\"1535\" data-end=\"1559\">M\u00f3dulo de luz Symbio<\/strong>: simula uma cama de brasas cintilante, aumentando o realismo.<\/p>\n<\/li>\n<li data-start=\"1624\" data-end=\"1720\">\n<p data-start=\"1626\" data-end=\"1720\"><strong data-start=\"1626\" data-end=\"1653\">Personaliza\u00e7\u00e3o completa<\/strong>: escolha paredes traseiras, acabamentos, decora\u00e7\u00e3o e muito mais.<\/p>\n<\/li>\n<li data-start=\"1721\" data-end=\"1785\">\n<p data-start=\"1723\" data-end=\"1785\"><strong data-start=\"1723\" data-end=\"1745\">Vidro anti-reflexo<\/strong>: maior nitidez e profundidade visual.<\/p>\n<\/li>\n<li data-start=\"1786\" data-end=\"1859\">\n<p data-start=\"1788\" data-end=\"1859\"><strong data-start=\"1788\" data-end=\"1821\">Controlo ITC via app gratuita<\/strong>, para gerir o fogo pelo smartphone.<\/p>\n<\/li>\n<li data-start=\"1860\" data-end=\"1950\">\n<p data-start=\"1862\" data-end=\"1950\"><strong data-start=\"1862\" data-end=\"1894\">Design moderno e minimalista<\/strong>, integrando-se facilmente em interiores sofisticados.<\/p>\n<\/li>\n<li data-start=\"1951\" data-end=\"2027\">\n<p data-start=\"1953\" data-end=\"2027\"><strong data-start=\"1953\" data-end=\"1982\">Instala\u00e7\u00e3o rente \u00e0 parede<\/strong>, garantindo uma est\u00e9tica limpa e elegante.<\/p>\n<\/li>\n<\/ul>\n","protected":false},"excerpt":{"rendered":"<p>Recuperador a G\u00e1s Matrix 800-650 III &#8211; MH Interiores O Recuperador a G\u00e1s Faber MatriX 800-650 III destaca-se pelo seu design trifacial, permitindo apreciar a beleza das chamas a partir<\/p>\n","protected":false},"featured_media":5273,"comment_status":"open","ping_status":"closed","template":"","meta":[],"product_cat":[234],"product_tag":[],"class_list":{"0":"post-5272","1":"product","2":"type-product","3":"status-publish","4":"has-post-thumbnail","6":"product_brand-faber","7":"product_cat-recuperador-a-gas","9":"first","10":"instock","11":"shipping-taxable","12":"product-type-simple"},"yoast_head":"<!-- This site is optimized with the Yoast SEO Premium plugin v24.0 (Yoast SEO v27.4) - https:\/\/yoast.com\/product\/yoast-seo-premium-wordpress\/ -->\n<title>Recuperador a G\u00e1s Matrix 800-650 III - MH Interiores - Loja Decora&ccedil;&atilde;o de Interiores<\/title>\n<meta name=\"description\" content=\"Recuperador a G\u00e1s Faber MatriX 800-650 III. Trifacial, 10 kW, Log Burner 2.0, vidro anti-reflexo e Symbio. Moderno, eficiente e personaliz\u00e1vel\" \/>\n<meta name=\"robots\" content=\"index, follow, max-snippet:-1, max-image-preview:large, max-video-preview:-1\" \/>\n<link rel=\"canonical\" href=\"https:\/\/mhinteriores.pt\/loja\/produto\/recuperador-a-gas-matrix-800-650-iii\/\" \/>\n<meta property=\"og:locale\" content=\"pt_PT\" \/>\n<meta property=\"og:type\" content=\"article\" \/>\n<meta property=\"og:title\" content=\"Recuperador a G\u00e1s Matrix 800-650 III - MH Interiores\" \/>\n<meta property=\"og:description\" content=\"Recuperador a G\u00e1s Faber MatriX 800-650 III. Trifacial, 10 kW, Log Burner 2.0, vidro anti-reflexo e Symbio. Moderno, eficiente e personaliz\u00e1vel\" \/>\n<meta property=\"og:url\" content=\"https:\/\/mhinteriores.pt\/loja\/produto\/recuperador-a-gas-matrix-800-650-iii\/\" \/>\n<meta property=\"og:site_name\" content=\"Loja Decora&ccedil;&atilde;o de Interiores\" \/>\n<meta property=\"article:modified_time\" content=\"2025-10-01T10:04:38+00:00\" \/>\n<meta property=\"og:image\" content=\"https:\/\/mhinteriores.pt\/loja\/wp-content\/uploads\/2025\/10\/Recuperador-a-Gas-Matrix-800-650-III-MH-Interiores-2.webp\" \/>\n\t<meta property=\"og:image:width\" content=\"500\" \/>\n\t<meta property=\"og:image:height\" content=\"500\" \/>\n\t<meta property=\"og:image:type\" content=\"image\/webp\" \/>\n<meta name=\"twitter:card\" content=\"summary_large_image\" \/>\n<meta name=\"twitter:label1\" content=\"Tempo estimado de leitura\" \/>\n\t<meta name=\"twitter:data1\" content=\"2 minutos\" \/>\n<script type=\"application\/ld+json\" class=\"yoast-schema-graph\">{\"@context\":\"https:\\\/\\\/schema.org\",\"@graph\":[{\"@type\":\"WebPage\",\"@id\":\"https:\\\/\\\/mhinteriores.pt\\\/loja\\\/produto\\\/recuperador-a-gas-matrix-800-650-iii\\\/\",\"url\":\"https:\\\/\\\/mhinteriores.pt\\\/loja\\\/produto\\\/recuperador-a-gas-matrix-800-650-iii\\\/\",\"name\":\"Recuperador a G\u00e1s Matrix 800-650 III - MH Interiores - Loja Decora&ccedil;&atilde;o de Interiores\",\"isPartOf\":{\"@id\":\"https:\\\/\\\/mhinteriores.pt\\\/loja\\\/#website\"},\"primaryImageOfPage\":{\"@id\":\"https:\\\/\\\/mhinteriores.pt\\\/loja\\\/produto\\\/recuperador-a-gas-matrix-800-650-iii\\\/#primaryimage\"},\"image\":{\"@id\":\"https:\\\/\\\/mhinteriores.pt\\\/loja\\\/produto\\\/recuperador-a-gas-matrix-800-650-iii\\\/#primaryimage\"},\"thumbnailUrl\":\"https:\\\/\\\/mhinteriores.pt\\\/loja\\\/wp-content\\\/uploads\\\/2025\\\/10\\\/Recuperador-a-Gas-Matrix-800-650-III-MH-Interiores-2.webp\",\"datePublished\":\"2025-10-01T10:01:56+00:00\",\"dateModified\":\"2025-10-01T10:04:38+00:00\",\"description\":\"Recuperador a G\u00e1s Faber MatriX 800-650 III. Trifacial, 10 kW, Log Burner 2.0, vidro anti-reflexo e Symbio. Moderno, eficiente e personaliz\u00e1vel\",\"breadcrumb\":{\"@id\":\"https:\\\/\\\/mhinteriores.pt\\\/loja\\\/produto\\\/recuperador-a-gas-matrix-800-650-iii\\\/#breadcrumb\"},\"inLanguage\":\"pt-PT\",\"potentialAction\":[{\"@type\":\"ReadAction\",\"target\":[\"https:\\\/\\\/mhinteriores.pt\\\/loja\\\/produto\\\/recuperador-a-gas-matrix-800-650-iii\\\/\"]}]},{\"@type\":\"ImageObject\",\"inLanguage\":\"pt-PT\",\"@id\":\"https:\\\/\\\/mhinteriores.pt\\\/loja\\\/produto\\\/recuperador-a-gas-matrix-800-650-iii\\\/#primaryimage\",\"url\":\"https:\\\/\\\/mhinteriores.pt\\\/loja\\\/wp-content\\\/uploads\\\/2025\\\/10\\\/Recuperador-a-Gas-Matrix-800-650-III-MH-Interiores-2.webp\",\"contentUrl\":\"https:\\\/\\\/mhinteriores.pt\\\/loja\\\/wp-content\\\/uploads\\\/2025\\\/10\\\/Recuperador-a-Gas-Matrix-800-650-III-MH-Interiores-2.webp\",\"width\":500,\"height\":500,\"caption\":\"Recuperador a G\u00e1s Matrix 800-650 III - MH Interiores (2)\"},{\"@type\":\"BreadcrumbList\",\"@id\":\"https:\\\/\\\/mhinteriores.pt\\\/loja\\\/produto\\\/recuperador-a-gas-matrix-800-650-iii\\\/#breadcrumb\",\"itemListElement\":[{\"@type\":\"ListItem\",\"position\":1,\"name\":\"In\u00edcio\",\"item\":\"https:\\\/\\\/mhinteriores.pt\\\/loja\\\/\"},{\"@type\":\"ListItem\",\"position\":2,\"name\":\"Loja\",\"item\":\"https:\\\/\\\/mhinteriores.pt\\\/loja\\\/loja\\\/\"},{\"@type\":\"ListItem\",\"position\":3,\"name\":\"Recuperador a G\u00e1s Matrix 800-650 III &#8211; MH Interiores\"}]},{\"@type\":\"WebSite\",\"@id\":\"https:\\\/\\\/mhinteriores.pt\\\/loja\\\/#website\",\"url\":\"https:\\\/\\\/mhinteriores.pt\\\/loja\\\/\",\"name\":\"Loja de Decora\u00e7\u00e3o - MH Interiores\",\"description\":\"MH Interiores\",\"publisher\":{\"@id\":\"https:\\\/\\\/mhinteriores.pt\\\/loja\\\/#organization\"},\"potentialAction\":[{\"@type\":\"SearchAction\",\"target\":{\"@type\":\"EntryPoint\",\"urlTemplate\":\"https:\\\/\\\/mhinteriores.pt\\\/loja\\\/?s={search_term_string}\"},\"query-input\":{\"@type\":\"PropertyValueSpecification\",\"valueRequired\":true,\"valueName\":\"search_term_string\"}}],\"inLanguage\":\"pt-PT\"},{\"@type\":\"Organization\",\"@id\":\"https:\\\/\\\/mhinteriores.pt\\\/loja\\\/#organization\",\"name\":\"Loja de Decora\u00e7\u00e3o - MH Interiores\",\"url\":\"https:\\\/\\\/mhinteriores.pt\\\/loja\\\/\",\"logo\":{\"@type\":\"ImageObject\",\"inLanguage\":\"pt-PT\",\"@id\":\"https:\\\/\\\/mhinteriores.pt\\\/loja\\\/#\\\/schema\\\/logo\\\/image\\\/\",\"url\":\"https:\\\/\\\/mhinteriores.pt\\\/loja\\\/wp-content\\\/uploads\\\/2024\\\/12\\\/cropped-MH-Interiores.png\",\"contentUrl\":\"https:\\\/\\\/mhinteriores.pt\\\/loja\\\/wp-content\\\/uploads\\\/2024\\\/12\\\/cropped-MH-Interiores.png\",\"width\":512,\"height\":512,\"caption\":\"Loja de Decora\u00e7\u00e3o - MH Interiores\"},\"image\":{\"@id\":\"https:\\\/\\\/mhinteriores.pt\\\/loja\\\/#\\\/schema\\\/logo\\\/image\\\/\"}}]}<\/script>\n<!-- \/ Yoast SEO Premium plugin. -->","yoast_head_json":{"title":"Recuperador a G\u00e1s Matrix 800-650 III - MH Interiores - Loja Decora&ccedil;&atilde;o de Interiores","description":"Recuperador a G\u00e1s Faber MatriX 800-650 III. Trifacial, 10 kW, Log Burner 2.0, vidro anti-reflexo e Symbio. Moderno, eficiente e personaliz\u00e1vel","robots":{"index":"index","follow":"follow","max-snippet":"max-snippet:-1","max-image-preview":"max-image-preview:large","max-video-preview":"max-video-preview:-1"},"canonical":"https:\/\/mhinteriores.pt\/loja\/produto\/recuperador-a-gas-matrix-800-650-iii\/","og_locale":"pt_PT","og_type":"article","og_title":"Recuperador a G\u00e1s Matrix 800-650 III - MH Interiores","og_description":"Recuperador a G\u00e1s Faber MatriX 800-650 III. Trifacial, 10 kW, Log Burner 2.0, vidro anti-reflexo e Symbio. Moderno, eficiente e personaliz\u00e1vel","og_url":"https:\/\/mhinteriores.pt\/loja\/produto\/recuperador-a-gas-matrix-800-650-iii\/","og_site_name":"Loja Decora&ccedil;&atilde;o de Interiores","article_modified_time":"2025-10-01T10:04:38+00:00","og_image":[{"width":500,"height":500,"url":"https:\/\/mhinteriores.pt\/loja\/wp-content\/uploads\/2025\/10\/Recuperador-a-Gas-Matrix-800-650-III-MH-Interiores-2.webp","type":"image\/webp"}],"twitter_card":"summary_large_image","twitter_misc":{"Tempo estimado de leitura":"2 minutos"},"schema":{"@context":"https:\/\/schema.org","@graph":[{"@type":"WebPage","@id":"https:\/\/mhinteriores.pt\/loja\/produto\/recuperador-a-gas-matrix-800-650-iii\/","url":"https:\/\/mhinteriores.pt\/loja\/produto\/recuperador-a-gas-matrix-800-650-iii\/","name":"Recuperador a G\u00e1s Matrix 800-650 III - MH Interiores - Loja Decora&ccedil;&atilde;o de Interiores","isPartOf":{"@id":"https:\/\/mhinteriores.pt\/loja\/#website"},"primaryImageOfPage":{"@id":"https:\/\/mhinteriores.pt\/loja\/produto\/recuperador-a-gas-matrix-800-650-iii\/#primaryimage"},"image":{"@id":"https:\/\/mhinteriores.pt\/loja\/produto\/recuperador-a-gas-matrix-800-650-iii\/#primaryimage"},"thumbnailUrl":"https:\/\/mhinteriores.pt\/loja\/wp-content\/uploads\/2025\/10\/Recuperador-a-Gas-Matrix-800-650-III-MH-Interiores-2.webp","datePublished":"2025-10-01T10:01:56+00:00","dateModified":"2025-10-01T10:04:38+00:00","description":"Recuperador a G\u00e1s Faber MatriX 800-650 III. Trifacial, 10 kW, Log Burner 2.0, vidro anti-reflexo e Symbio. Moderno, eficiente e personaliz\u00e1vel","breadcrumb":{"@id":"https:\/\/mhinteriores.pt\/loja\/produto\/recuperador-a-gas-matrix-800-650-iii\/#breadcrumb"},"inLanguage":"pt-PT","potentialAction":[{"@type":"ReadAction","target":["https:\/\/mhinteriores.pt\/loja\/produto\/recuperador-a-gas-matrix-800-650-iii\/"]}]},{"@type":"ImageObject","inLanguage":"pt-PT","@id":"https:\/\/mhinteriores.pt\/loja\/produto\/recuperador-a-gas-matrix-800-650-iii\/#primaryimage","url":"https:\/\/mhinteriores.pt\/loja\/wp-content\/uploads\/2025\/10\/Recuperador-a-Gas-Matrix-800-650-III-MH-Interiores-2.webp","contentUrl":"https:\/\/mhinteriores.pt\/loja\/wp-content\/uploads\/2025\/10\/Recuperador-a-Gas-Matrix-800-650-III-MH-Interiores-2.webp","width":500,"height":500,"caption":"Recuperador a G\u00e1s Matrix 800-650 III - MH Interiores (2)"},{"@type":"BreadcrumbList","@id":"https:\/\/mhinteriores.pt\/loja\/produto\/recuperador-a-gas-matrix-800-650-iii\/#breadcrumb","itemListElement":[{"@type":"ListItem","position":1,"name":"In\u00edcio","item":"https:\/\/mhinteriores.pt\/loja\/"},{"@type":"ListItem","position":2,"name":"Loja","item":"https:\/\/mhinteriores.pt\/loja\/loja\/"},{"@type":"ListItem","position":3,"name":"Recuperador a G\u00e1s Matrix 800-650 III &#8211; MH Interiores"}]},{"@type":"WebSite","@id":"https:\/\/mhinteriores.pt\/loja\/#website","url":"https:\/\/mhinteriores.pt\/loja\/","name":"Loja de Decora\u00e7\u00e3o - MH Interiores","description":"MH Interiores","publisher":{"@id":"https:\/\/mhinteriores.pt\/loja\/#organization"},"potentialAction":[{"@type":"SearchAction","target":{"@type":"EntryPoint","urlTemplate":"https:\/\/mhinteriores.pt\/loja\/?s={search_term_string}"},"query-input":{"@type":"PropertyValueSpecification","valueRequired":true,"valueName":"search_term_string"}}],"inLanguage":"pt-PT"},{"@type":"Organization","@id":"https:\/\/mhinteriores.pt\/loja\/#organization","name":"Loja de Decora\u00e7\u00e3o - MH Interiores","url":"https:\/\/mhinteriores.pt\/loja\/","logo":{"@type":"ImageObject","inLanguage":"pt-PT","@id":"https:\/\/mhinteriores.pt\/loja\/#\/schema\/logo\/image\/","url":"https:\/\/mhinteriores.pt\/loja\/wp-content\/uploads\/2024\/12\/cropped-MH-Interiores.png","contentUrl":"https:\/\/mhinteriores.pt\/loja\/wp-content\/uploads\/2024\/12\/cropped-MH-Interiores.png","width":512,"height":512,"caption":"Loja de Decora\u00e7\u00e3o - MH Interiores"},"image":{"@id":"https:\/\/mhinteriores.pt\/loja\/#\/schema\/logo\/image\/"}}]}},"_links":{"self":[{"href":"https:\/\/mhinteriores.pt\/loja\/wp-json\/wp\/v2\/product\/5272","targetHints":{"allow":["GET"]}}],"collection":[{"href":"https:\/\/mhinteriores.pt\/loja\/wp-json\/wp\/v2\/product"}],"about":[{"href":"https:\/\/mhinteriores.pt\/loja\/wp-json\/wp\/v2\/types\/product"}],"replies":[{"embeddable":true,"href":"https:\/\/mhinteriores.pt\/loja\/wp-json\/wp\/v2\/comments?post=5272"}],"version-history":[{"count":1,"href":"https:\/\/mhinteriores.pt\/loja\/wp-json\/wp\/v2\/product\/5272\/revisions"}],"predecessor-version":[{"id":5275,"href":"https:\/\/mhinteriores.pt\/loja\/wp-json\/wp\/v2\/product\/5272\/revisions\/5275"}],"wp:featuredmedia":[{"embeddable":true,"href":"https:\/\/mhinteriores.pt\/loja\/wp-json\/wp\/v2\/media\/5273"}],"wp:attachment":[{"href":"https:\/\/mhinteriores.pt\/loja\/wp-json\/wp\/v2\/media?parent=5272"}],"wp:term":[{"taxonomy":"product_cat","embeddable":true,"href":"https:\/\/mhinteriores.pt\/loja\/wp-json\/wp\/v2\/product_cat?post=5272"},{"taxonomy":"product_tag","embeddable":true,"href":"https:\/\/mhinteriores.pt\/loja\/wp-json\/wp\/v2\/product_tag?post=5272"}],"curies":[{"name":"wp","href":"https:\/\/api.w.org\/{rel}","templated":true}]}}