{"id":5325,"date":"2025-10-01T12:41:37","date_gmt":"2025-10-01T12:41:37","guid":{"rendered":"https:\/\/mhinteriores.pt\/loja\/?post_type=product&#038;p=5325"},"modified":"2025-10-01T12:44:05","modified_gmt":"2025-10-01T12:44:05","slug":"lareira-a-bioetanol-60-100","status":"publish","type":"product","link":"https:\/\/mhinteriores.pt\/loja\/produto\/lareira-a-bioetanol-60-100\/","title":{"rendered":"Lareira a Bioetanol 60\/100 &#8211; MH Interiores"},"content":{"rendered":"<h2 style=\"text-align: left;\">Lareira a Bioetanol\u00a0 60\/100 &#8211; \u00a0<a href=\"https:\/\/mhinteriores.pt\/loja\/\">MH Interiores<\/a><\/h2>\n<p>A Lareira a Bioetanol 60-100 da Bio-O combina design sofisticado, acendimento autom\u00e1tico e at\u00e9 20h de autonomia. Uma solu\u00e7\u00e3o pr\u00e1tica, moderna e segura, ideal para criar ambientes aconchegantes sem necessidade de chamin\u00e9.<\/p>\n<h3 data-start=\"1165\" data-end=\"1198\">Caracter\u00edsticas T\u00e9cnicas<\/h3>\n<ul>\n<li data-start=\"481\" data-end=\"515\">\n<p data-start=\"483\" data-end=\"515\"><strong data-start=\"483\" data-end=\"509\">Pot\u00eancia t\u00e9rmica (Kw):<\/strong> 3,5<\/p>\n<\/li>\n<li data-start=\"516\" data-end=\"543\">\n<p data-start=\"518\" data-end=\"543\"><strong data-start=\"518\" data-end=\"537\">Consumo (ml\/h):<\/strong> 570<\/p>\n<\/li>\n<li data-start=\"544\" data-end=\"597\">\n<p data-start=\"546\" data-end=\"597\"><strong data-start=\"546\" data-end=\"576\">Dimens\u00f5es sem aro (LxPxA):<\/strong> 992 x 305 x 440 mm<\/p>\n<\/li>\n<li data-start=\"598\" data-end=\"625\">\n<p data-start=\"600\" data-end=\"625\"><strong data-start=\"600\" data-end=\"617\">Peso sem aro:<\/strong> 24 kg<\/p>\n<\/li>\n<li data-start=\"626\" data-end=\"680\">\n<p data-start=\"628\" data-end=\"680\"><strong data-start=\"628\" data-end=\"658\">Dimens\u00f5es com aro (LxPxA):<\/strong> 1072 x 305 x 480 mm<\/p>\n<\/li>\n<li data-start=\"681\" data-end=\"726\">\n<p data-start=\"683\" data-end=\"726\"><strong data-start=\"683\" data-end=\"710\">Abertura com aro (LxP):<\/strong> 1052 x 470 mm<\/p>\n<\/li>\n<\/ul>\n<h3 data-start=\"1547\" data-end=\"1586\"><\/h3>\n<h3 data-start=\"1547\" data-end=\"1586\">Principais Vantagens<\/h3>\n<ul>\n<li data-start=\"800\" data-end=\"878\">\n<p data-start=\"802\" data-end=\"878\"><strong data-start=\"802\" data-end=\"829\">Acendimento autom\u00e1tico:<\/strong> basta pressionar um bot\u00e3o para acender o fogo.<\/p>\n<\/li>\n<li data-start=\"879\" data-end=\"955\">\n<p data-start=\"881\" data-end=\"955\"><strong data-start=\"881\" data-end=\"906\">Autonomia prolongada:<\/strong> at\u00e9 20 horas de utiliza\u00e7\u00e3o com dep\u00f3sito cheio.<\/p>\n<\/li>\n<li data-start=\"956\" data-end=\"1074\">\n<p data-start=\"958\" data-end=\"1074\"><strong data-start=\"958\" data-end=\"977\">Design moderno:<\/strong> queimador em linha ultra-fino sobre base de pedra, com visual semelhante a equipamentos a g\u00e1s.<\/p>\n<\/li>\n<li data-start=\"1075\" data-end=\"1213\">\n<p data-start=\"1077\" data-end=\"1213\"><strong data-start=\"1077\" data-end=\"1101\">Seguran\u00e7a refor\u00e7ada:<\/strong> dep\u00f3sito do biocombust\u00edvel isolado, com monitoriza\u00e7\u00e3o feita por microcomputador que desliga em caso de falha.<\/p>\n<\/li>\n<li data-start=\"1214\" data-end=\"1275\">\n<p data-start=\"1216\" data-end=\"1275\"><strong data-start=\"1216\" data-end=\"1236\">Certifica\u00e7\u00e3o CE:<\/strong> cumpre as normas europeias em vigor.<\/p>\n<\/li>\n<li data-start=\"1276\" data-end=\"1385\">\n<p data-start=\"1278\" data-end=\"1385\"><strong data-start=\"1278\" data-end=\"1301\">Instala\u00e7\u00e3o simples:<\/strong> basta ligar \u00e0 tomada, conectar o tubo fornecido ao dep\u00f3sito e est\u00e1 pronto a usar.<\/p>\n<\/li>\n<li data-start=\"1386\" data-end=\"1494\">\n<p data-start=\"1388\" data-end=\"1494\"><strong data-start=\"1388\" data-end=\"1408\">Uso respons\u00e1vel:<\/strong> exige ventila\u00e7\u00e3o adequada, sendo recomendada instala\u00e7\u00e3o de grelha de entrada de ar.<\/p>\n<\/li>\n<li data-start=\"1495\" data-end=\"1591\">\n<p data-start=\"1497\" data-end=\"1591\"><strong data-start=\"1497\" data-end=\"1521\">Elemento decorativo:<\/strong> mesmo desligada, a lareira mant\u00e9m um aspeto elegante e sofisticado.<\/p>\n<\/li>\n<\/ul>\n","protected":false},"excerpt":{"rendered":"<p>Lareira a Bioetanol\u00a0 60\/100 &#8211; \u00a0MH Interiores A Lareira a Bioetanol 60-100 da Bio-O combina design sofisticado, acendimento autom\u00e1tico e at\u00e9 20h de autonomia. Uma solu\u00e7\u00e3o pr\u00e1tica, moderna e segura,<\/p>\n","protected":false},"featured_media":5326,"comment_status":"open","ping_status":"closed","template":"","meta":[],"product_cat":[235],"product_tag":[],"class_list":{"0":"post-5325","1":"product","2":"type-product","3":"status-publish","4":"has-post-thumbnail","6":"product_brand-bio-o","7":"product_cat-lareira-a-bioetanol","9":"first","10":"instock","11":"shipping-taxable","12":"product-type-simple"},"yoast_head":"<!-- This site is optimized with the Yoast SEO Premium plugin v24.0 (Yoast SEO v27.4) - https:\/\/yoast.com\/product\/yoast-seo-premium-wordpress\/ -->\n<title>Lareira a Bioetanol 60\/100 - MH Interiores - Loja Decora&ccedil;&atilde;o de Interiores<\/title>\n<meta name=\"description\" content=\"Lareira a Bioetanol 60-100 da Bio-O, moderna e segura, com acendimento autom\u00e1tico, autonomia at\u00e9 20h e design elegante sem necessidade de chamin\u00e9.\" \/>\n<meta name=\"robots\" content=\"index, follow, max-snippet:-1, max-image-preview:large, max-video-preview:-1\" \/>\n<link rel=\"canonical\" href=\"https:\/\/mhinteriores.pt\/loja\/produto\/lareira-a-bioetanol-60-100\/\" \/>\n<meta property=\"og:locale\" content=\"pt_PT\" \/>\n<meta property=\"og:type\" content=\"article\" \/>\n<meta property=\"og:title\" content=\"Lareira a Bioetanol 60\/100 - MH Interiores\" \/>\n<meta property=\"og:description\" content=\"Lareira a Bioetanol 60-100 da Bio-O, moderna e segura, com acendimento autom\u00e1tico, autonomia at\u00e9 20h e design elegante sem necessidade de chamin\u00e9.\" \/>\n<meta property=\"og:url\" content=\"https:\/\/mhinteriores.pt\/loja\/produto\/lareira-a-bioetanol-60-100\/\" \/>\n<meta property=\"og:site_name\" content=\"Loja Decora&ccedil;&atilde;o de Interiores\" \/>\n<meta property=\"article:modified_time\" content=\"2025-10-01T12:44:05+00:00\" \/>\n<meta property=\"og:image\" content=\"https:\/\/mhinteriores.pt\/loja\/wp-content\/uploads\/2025\/10\/Lareira-Bioetanol-60-100.webp\" \/>\n\t<meta property=\"og:image:width\" content=\"800\" \/>\n\t<meta property=\"og:image:height\" content=\"800\" \/>\n\t<meta property=\"og:image:type\" content=\"image\/webp\" \/>\n<meta name=\"twitter:card\" content=\"summary_large_image\" \/>\n<meta name=\"twitter:label1\" content=\"Tempo estimado de leitura\" \/>\n\t<meta name=\"twitter:data1\" content=\"2 minutos\" \/>\n<script type=\"application\/ld+json\" class=\"yoast-schema-graph\">{\"@context\":\"https:\\\/\\\/schema.org\",\"@graph\":[{\"@type\":\"WebPage\",\"@id\":\"https:\\\/\\\/mhinteriores.pt\\\/loja\\\/produto\\\/lareira-a-bioetanol-60-100\\\/\",\"url\":\"https:\\\/\\\/mhinteriores.pt\\\/loja\\\/produto\\\/lareira-a-bioetanol-60-100\\\/\",\"name\":\"Lareira a Bioetanol 60\\\/100 - MH Interiores - Loja Decora&ccedil;&atilde;o de Interiores\",\"isPartOf\":{\"@id\":\"https:\\\/\\\/mhinteriores.pt\\\/loja\\\/#website\"},\"primaryImageOfPage\":{\"@id\":\"https:\\\/\\\/mhinteriores.pt\\\/loja\\\/produto\\\/lareira-a-bioetanol-60-100\\\/#primaryimage\"},\"image\":{\"@id\":\"https:\\\/\\\/mhinteriores.pt\\\/loja\\\/produto\\\/lareira-a-bioetanol-60-100\\\/#primaryimage\"},\"thumbnailUrl\":\"https:\\\/\\\/mhinteriores.pt\\\/loja\\\/wp-content\\\/uploads\\\/2025\\\/10\\\/Lareira-Bioetanol-60-100.webp\",\"datePublished\":\"2025-10-01T12:41:37+00:00\",\"dateModified\":\"2025-10-01T12:44:05+00:00\",\"description\":\"Lareira a Bioetanol 60-100 da Bio-O, moderna e segura, com acendimento autom\u00e1tico, autonomia at\u00e9 20h e design elegante sem necessidade de chamin\u00e9.\",\"breadcrumb\":{\"@id\":\"https:\\\/\\\/mhinteriores.pt\\\/loja\\\/produto\\\/lareira-a-bioetanol-60-100\\\/#breadcrumb\"},\"inLanguage\":\"pt-PT\",\"potentialAction\":[{\"@type\":\"ReadAction\",\"target\":[\"https:\\\/\\\/mhinteriores.pt\\\/loja\\\/produto\\\/lareira-a-bioetanol-60-100\\\/\"]}]},{\"@type\":\"ImageObject\",\"inLanguage\":\"pt-PT\",\"@id\":\"https:\\\/\\\/mhinteriores.pt\\\/loja\\\/produto\\\/lareira-a-bioetanol-60-100\\\/#primaryimage\",\"url\":\"https:\\\/\\\/mhinteriores.pt\\\/loja\\\/wp-content\\\/uploads\\\/2025\\\/10\\\/Lareira-Bioetanol-60-100.webp\",\"contentUrl\":\"https:\\\/\\\/mhinteriores.pt\\\/loja\\\/wp-content\\\/uploads\\\/2025\\\/10\\\/Lareira-Bioetanol-60-100.webp\",\"width\":800,\"height\":800,\"caption\":\"Lareira Bioetanol 60-100\"},{\"@type\":\"BreadcrumbList\",\"@id\":\"https:\\\/\\\/mhinteriores.pt\\\/loja\\\/produto\\\/lareira-a-bioetanol-60-100\\\/#breadcrumb\",\"itemListElement\":[{\"@type\":\"ListItem\",\"position\":1,\"name\":\"In\u00edcio\",\"item\":\"https:\\\/\\\/mhinteriores.pt\\\/loja\\\/\"},{\"@type\":\"ListItem\",\"position\":2,\"name\":\"Loja\",\"item\":\"https:\\\/\\\/mhinteriores.pt\\\/loja\\\/loja\\\/\"},{\"@type\":\"ListItem\",\"position\":3,\"name\":\"Lareira a Bioetanol 60\\\/100 &#8211; MH Interiores\"}]},{\"@type\":\"WebSite\",\"@id\":\"https:\\\/\\\/mhinteriores.pt\\\/loja\\\/#website\",\"url\":\"https:\\\/\\\/mhinteriores.pt\\\/loja\\\/\",\"name\":\"Loja de Decora\u00e7\u00e3o - MH Interiores\",\"description\":\"MH Interiores\",\"publisher\":{\"@id\":\"https:\\\/\\\/mhinteriores.pt\\\/loja\\\/#organization\"},\"potentialAction\":[{\"@type\":\"SearchAction\",\"target\":{\"@type\":\"EntryPoint\",\"urlTemplate\":\"https:\\\/\\\/mhinteriores.pt\\\/loja\\\/?s={search_term_string}\"},\"query-input\":{\"@type\":\"PropertyValueSpecification\",\"valueRequired\":true,\"valueName\":\"search_term_string\"}}],\"inLanguage\":\"pt-PT\"},{\"@type\":\"Organization\",\"@id\":\"https:\\\/\\\/mhinteriores.pt\\\/loja\\\/#organization\",\"name\":\"Loja de Decora\u00e7\u00e3o - MH Interiores\",\"url\":\"https:\\\/\\\/mhinteriores.pt\\\/loja\\\/\",\"logo\":{\"@type\":\"ImageObject\",\"inLanguage\":\"pt-PT\",\"@id\":\"https:\\\/\\\/mhinteriores.pt\\\/loja\\\/#\\\/schema\\\/logo\\\/image\\\/\",\"url\":\"https:\\\/\\\/mhinteriores.pt\\\/loja\\\/wp-content\\\/uploads\\\/2024\\\/12\\\/cropped-MH-Interiores.png\",\"contentUrl\":\"https:\\\/\\\/mhinteriores.pt\\\/loja\\\/wp-content\\\/uploads\\\/2024\\\/12\\\/cropped-MH-Interiores.png\",\"width\":512,\"height\":512,\"caption\":\"Loja de Decora\u00e7\u00e3o - MH Interiores\"},\"image\":{\"@id\":\"https:\\\/\\\/mhinteriores.pt\\\/loja\\\/#\\\/schema\\\/logo\\\/image\\\/\"}}]}<\/script>\n<!-- \/ Yoast SEO Premium plugin. -->","yoast_head_json":{"title":"Lareira a Bioetanol 60\/100 - MH Interiores - Loja Decora&ccedil;&atilde;o de Interiores","description":"Lareira a Bioetanol 60-100 da Bio-O, moderna e segura, com acendimento autom\u00e1tico, autonomia at\u00e9 20h e design elegante sem necessidade de chamin\u00e9.","robots":{"index":"index","follow":"follow","max-snippet":"max-snippet:-1","max-image-preview":"max-image-preview:large","max-video-preview":"max-video-preview:-1"},"canonical":"https:\/\/mhinteriores.pt\/loja\/produto\/lareira-a-bioetanol-60-100\/","og_locale":"pt_PT","og_type":"article","og_title":"Lareira a Bioetanol 60\/100 - MH Interiores","og_description":"Lareira a Bioetanol 60-100 da Bio-O, moderna e segura, com acendimento autom\u00e1tico, autonomia at\u00e9 20h e design elegante sem necessidade de chamin\u00e9.","og_url":"https:\/\/mhinteriores.pt\/loja\/produto\/lareira-a-bioetanol-60-100\/","og_site_name":"Loja Decora&ccedil;&atilde;o de Interiores","article_modified_time":"2025-10-01T12:44:05+00:00","og_image":[{"width":800,"height":800,"url":"https:\/\/mhinteriores.pt\/loja\/wp-content\/uploads\/2025\/10\/Lareira-Bioetanol-60-100.webp","type":"image\/webp"}],"twitter_card":"summary_large_image","twitter_misc":{"Tempo estimado de leitura":"2 minutos"},"schema":{"@context":"https:\/\/schema.org","@graph":[{"@type":"WebPage","@id":"https:\/\/mhinteriores.pt\/loja\/produto\/lareira-a-bioetanol-60-100\/","url":"https:\/\/mhinteriores.pt\/loja\/produto\/lareira-a-bioetanol-60-100\/","name":"Lareira a Bioetanol 60\/100 - MH Interiores - Loja Decora&ccedil;&atilde;o de Interiores","isPartOf":{"@id":"https:\/\/mhinteriores.pt\/loja\/#website"},"primaryImageOfPage":{"@id":"https:\/\/mhinteriores.pt\/loja\/produto\/lareira-a-bioetanol-60-100\/#primaryimage"},"image":{"@id":"https:\/\/mhinteriores.pt\/loja\/produto\/lareira-a-bioetanol-60-100\/#primaryimage"},"thumbnailUrl":"https:\/\/mhinteriores.pt\/loja\/wp-content\/uploads\/2025\/10\/Lareira-Bioetanol-60-100.webp","datePublished":"2025-10-01T12:41:37+00:00","dateModified":"2025-10-01T12:44:05+00:00","description":"Lareira a Bioetanol 60-100 da Bio-O, moderna e segura, com acendimento autom\u00e1tico, autonomia at\u00e9 20h e design elegante sem necessidade de chamin\u00e9.","breadcrumb":{"@id":"https:\/\/mhinteriores.pt\/loja\/produto\/lareira-a-bioetanol-60-100\/#breadcrumb"},"inLanguage":"pt-PT","potentialAction":[{"@type":"ReadAction","target":["https:\/\/mhinteriores.pt\/loja\/produto\/lareira-a-bioetanol-60-100\/"]}]},{"@type":"ImageObject","inLanguage":"pt-PT","@id":"https:\/\/mhinteriores.pt\/loja\/produto\/lareira-a-bioetanol-60-100\/#primaryimage","url":"https:\/\/mhinteriores.pt\/loja\/wp-content\/uploads\/2025\/10\/Lareira-Bioetanol-60-100.webp","contentUrl":"https:\/\/mhinteriores.pt\/loja\/wp-content\/uploads\/2025\/10\/Lareira-Bioetanol-60-100.webp","width":800,"height":800,"caption":"Lareira Bioetanol 60-100"},{"@type":"BreadcrumbList","@id":"https:\/\/mhinteriores.pt\/loja\/produto\/lareira-a-bioetanol-60-100\/#breadcrumb","itemListElement":[{"@type":"ListItem","position":1,"name":"In\u00edcio","item":"https:\/\/mhinteriores.pt\/loja\/"},{"@type":"ListItem","position":2,"name":"Loja","item":"https:\/\/mhinteriores.pt\/loja\/loja\/"},{"@type":"ListItem","position":3,"name":"Lareira a Bioetanol 60\/100 &#8211; MH Interiores"}]},{"@type":"WebSite","@id":"https:\/\/mhinteriores.pt\/loja\/#website","url":"https:\/\/mhinteriores.pt\/loja\/","name":"Loja de Decora\u00e7\u00e3o - MH Interiores","description":"MH Interiores","publisher":{"@id":"https:\/\/mhinteriores.pt\/loja\/#organization"},"potentialAction":[{"@type":"SearchAction","target":{"@type":"EntryPoint","urlTemplate":"https:\/\/mhinteriores.pt\/loja\/?s={search_term_string}"},"query-input":{"@type":"PropertyValueSpecification","valueRequired":true,"valueName":"search_term_string"}}],"inLanguage":"pt-PT"},{"@type":"Organization","@id":"https:\/\/mhinteriores.pt\/loja\/#organization","name":"Loja de Decora\u00e7\u00e3o - MH Interiores","url":"https:\/\/mhinteriores.pt\/loja\/","logo":{"@type":"ImageObject","inLanguage":"pt-PT","@id":"https:\/\/mhinteriores.pt\/loja\/#\/schema\/logo\/image\/","url":"https:\/\/mhinteriores.pt\/loja\/wp-content\/uploads\/2024\/12\/cropped-MH-Interiores.png","contentUrl":"https:\/\/mhinteriores.pt\/loja\/wp-content\/uploads\/2024\/12\/cropped-MH-Interiores.png","width":512,"height":512,"caption":"Loja de Decora\u00e7\u00e3o - MH Interiores"},"image":{"@id":"https:\/\/mhinteriores.pt\/loja\/#\/schema\/logo\/image\/"}}]}},"_links":{"self":[{"href":"https:\/\/mhinteriores.pt\/loja\/wp-json\/wp\/v2\/product\/5325","targetHints":{"allow":["GET"]}}],"collection":[{"href":"https:\/\/mhinteriores.pt\/loja\/wp-json\/wp\/v2\/product"}],"about":[{"href":"https:\/\/mhinteriores.pt\/loja\/wp-json\/wp\/v2\/types\/product"}],"replies":[{"embeddable":true,"href":"https:\/\/mhinteriores.pt\/loja\/wp-json\/wp\/v2\/comments?post=5325"}],"version-history":[{"count":1,"href":"https:\/\/mhinteriores.pt\/loja\/wp-json\/wp\/v2\/product\/5325\/revisions"}],"predecessor-version":[{"id":5327,"href":"https:\/\/mhinteriores.pt\/loja\/wp-json\/wp\/v2\/product\/5325\/revisions\/5327"}],"wp:featuredmedia":[{"embeddable":true,"href":"https:\/\/mhinteriores.pt\/loja\/wp-json\/wp\/v2\/media\/5326"}],"wp:attachment":[{"href":"https:\/\/mhinteriores.pt\/loja\/wp-json\/wp\/v2\/media?parent=5325"}],"wp:term":[{"taxonomy":"product_cat","embeddable":true,"href":"https:\/\/mhinteriores.pt\/loja\/wp-json\/wp\/v2\/product_cat?post=5325"},{"taxonomy":"product_tag","embeddable":true,"href":"https:\/\/mhinteriores.pt\/loja\/wp-json\/wp\/v2\/product_tag?post=5325"}],"curies":[{"name":"wp","href":"https:\/\/api.w.org\/{rel}","templated":true}]}}