{"id":5342,"date":"2025-10-01T13:05:38","date_gmt":"2025-10-01T13:05:38","guid":{"rendered":"https:\/\/mhinteriores.pt\/loja\/?post_type=product&#038;p=5342"},"modified":"2025-10-01T13:10:43","modified_gmt":"2025-10-01T13:10:43","slug":"recuperador-a-bioetanol-bl-66-premium","status":"publish","type":"product","link":"https:\/\/mhinteriores.pt\/loja\/produto\/recuperador-a-bioetanol-bl-66-premium\/","title":{"rendered":"Recuperador a Bioetanol BL-66 Premium &#8211; MH Interiores"},"content":{"rendered":"<h2 style=\"text-align: left;\">Recuperador a Bioetanol BL-66 Premium &#8211; \u00a0<a href=\"https:\/\/mhinteriores.pt\/loja\/\">MH Interiores<\/a><\/h2>\n<p>O Recuperador a Bioetanol BL-66 Premium da marca Bio-O foi desenvolvido para quem procura uma solu\u00e7\u00e3o moderna, segura e sustent\u00e1vel, sem necessidade de chamin\u00e9. O seu design elegante e compacto permite a integra\u00e7\u00e3o em diferentes tipos de mobili\u00e1rio, tornando-se uma pe\u00e7a vers\u00e1til para interiores contempor\u00e2neos. Al\u00e9m disso, oferece uma chama real e aconchegante, criando um ambiente confort\u00e1vel e sofisticado em qualquer divis\u00e3o.<\/p>\n<h3 data-start=\"1165\" data-end=\"1198\">Caracter\u00edsticas T\u00e9cnicas<\/h3>\n<ul>\n<li data-start=\"680\" data-end=\"701\">\n<p data-start=\"682\" data-end=\"701\"><strong data-start=\"682\" data-end=\"693\">Modelo:<\/strong> BL-66<\/p>\n<\/li>\n<li data-start=\"702\" data-end=\"754\">\n<p data-start=\"704\" data-end=\"754\"><strong data-start=\"704\" data-end=\"733\">Dimens\u00f5es totais (LxPxA):<\/strong> 665 x 239 x 115 mm<\/p>\n<\/li>\n<li data-start=\"755\" data-end=\"781\">\n<p data-start=\"757\" data-end=\"781\"><strong data-start=\"757\" data-end=\"769\">Consumo:<\/strong> 0.6 lts\/h<\/p>\n<\/li>\n<li data-start=\"782\" data-end=\"807\">\n<p data-start=\"784\" data-end=\"807\"><strong data-start=\"784\" data-end=\"797\">Dep\u00f3sito:<\/strong> 4.0 lts<\/p>\n<\/li>\n<li data-start=\"808\" data-end=\"856\">\n<p data-start=\"810\" data-end=\"856\"><strong data-start=\"810\" data-end=\"842\">Abertura para a chama (LxP):<\/strong> 462 x 80 mm<\/p>\n<\/li>\n<li data-start=\"857\" data-end=\"914\">\n<p data-start=\"859\" data-end=\"914\"><strong data-start=\"859\" data-end=\"893\">Dimens\u00f5es do encastre (LxPxA):<\/strong> 640 x 215 x 110 mm<\/p>\n<\/li>\n<li data-start=\"915\" data-end=\"934\">\n<p data-start=\"917\" data-end=\"934\"><strong data-start=\"917\" data-end=\"926\">Peso:<\/strong> 14 kg<\/p>\n<\/li>\n<\/ul>\n<p>&nbsp;<\/p>\n<h3 data-start=\"1547\" data-end=\"1586\">Principais Vantagens<\/h3>\n<ul>\n<li data-start=\"1004\" data-end=\"1088\">\n<p data-start=\"1006\" data-end=\"1088\"><strong data-start=\"1006\" data-end=\"1024\">Personaliz\u00e1vel<\/strong> para diferentes tipos de mobili\u00e1rio e projetos de interiores.<\/p>\n<\/li>\n<li data-start=\"1089\" data-end=\"1154\">\n<p data-start=\"1091\" data-end=\"1154\"><strong data-start=\"1091\" data-end=\"1111\">F\u00e1cil instala\u00e7\u00e3o<\/strong>, sem necessidade de condutas ou chamin\u00e9.<\/p>\n<\/li>\n<li data-start=\"1155\" data-end=\"1233\">\n<p data-start=\"1157\" data-end=\"1233\"><strong data-start=\"1157\" data-end=\"1188\">Chama realista e acolhedora<\/strong>, proporcionando uma experi\u00eancia aut\u00eantica.<\/p>\n<\/li>\n<li data-start=\"1234\" data-end=\"1317\">\n<p data-start=\"1236\" data-end=\"1317\"><strong data-start=\"1236\" data-end=\"1265\">Design compacto e moderno<\/strong>, ideal para ambientes residenciais ou comerciais.<\/p>\n<\/li>\n<li data-start=\"1318\" data-end=\"1417\">\n<p data-start=\"1320\" data-end=\"1417\"><strong data-start=\"1320\" data-end=\"1344\">Autonomia prolongada<\/strong> gra\u00e7as ao dep\u00f3sito de 4 litros, permitindo v\u00e1rias horas de utiliza\u00e7\u00e3o.<\/p>\n<\/li>\n<li data-start=\"1418\" data-end=\"1480\">\n<p data-start=\"1420\" data-end=\"1480\"><strong data-start=\"1420\" data-end=\"1442\">Equipamento seguro<\/strong>, respeitando as normas CE em vigor.<\/p>\n<\/li>\n<\/ul>\n<p>&nbsp;<\/p>\n<h3 data-start=\"1349\" data-end=\"1384\">RECOMENDA\u00c7\u00d5ES DE SEGURAN\u00c7A<\/h3>\n<ul>\n<li data-start=\"1516\" data-end=\"1562\">\n<p data-start=\"1518\" data-end=\"1562\">Instalar apenas em espa\u00e7os bem ventilados.<\/p>\n<\/li>\n<li data-start=\"1563\" data-end=\"1667\">\n<p data-start=\"1565\" data-end=\"1667\">\u00c9 essencial garantir uma grelha de entrada de ar quente suficiente para o correto funcionamento.<\/p>\n<\/li>\n<li data-start=\"1668\" data-end=\"1777\">\n<p data-start=\"1670\" data-end=\"1777\">N\u00e3o instalar em locais totalmente fechados, uma vez que o bioetanol consome oxig\u00e9nio durante a combust\u00e3o.<\/p>\n<\/li>\n<\/ul>\n","protected":false},"excerpt":{"rendered":"<p>Recuperador a Bioetanol BL-66 Premium &#8211; \u00a0MH Interiores O Recuperador a Bioetanol BL-66 Premium da marca Bio-O foi desenvolvido para quem procura uma solu\u00e7\u00e3o moderna, segura e sustent\u00e1vel, sem necessidade<\/p>\n","protected":false},"featured_media":5344,"comment_status":"open","ping_status":"closed","template":"","meta":[],"product_cat":[237],"product_tag":[],"class_list":{"0":"post-5342","1":"product","2":"type-product","3":"status-publish","4":"has-post-thumbnail","6":"product_brand-bio-o","7":"product_cat-recuperador-a-bioetanol","9":"first","10":"instock","11":"shipping-taxable","12":"product-type-simple"},"yoast_head":"<!-- This site is optimized with the Yoast SEO Premium plugin v24.0 (Yoast SEO v27.4) - https:\/\/yoast.com\/product\/yoast-seo-premium-wordpress\/ -->\n<title>Recuperador a Bioetanol BL-66 Premium - MH Interiores - Loja Decora&ccedil;&atilde;o de Interiores<\/title>\n<meta name=\"description\" content=\"Recuperador a Bioetanol BL-66 Premium da Bio-O, compacto e elegante, ideal para mobili\u00e1rio moderno. Chama real, segura e sem necessidade de chamin\u00e9.\" \/>\n<meta name=\"robots\" content=\"index, follow, max-snippet:-1, max-image-preview:large, max-video-preview:-1\" \/>\n<link rel=\"canonical\" href=\"https:\/\/mhinteriores.pt\/loja\/produto\/recuperador-a-bioetanol-bl-66-premium\/\" \/>\n<meta property=\"og:locale\" content=\"pt_PT\" \/>\n<meta property=\"og:type\" content=\"article\" \/>\n<meta property=\"og:title\" content=\"Recuperador a Bioetanol BL-66 Premium - MH Interiores\" \/>\n<meta property=\"og:description\" content=\"Recuperador a Bioetanol BL-66 Premium da Bio-O, compacto e elegante, ideal para mobili\u00e1rio moderno. Chama real, segura e sem necessidade de chamin\u00e9.\" \/>\n<meta property=\"og:url\" content=\"https:\/\/mhinteriores.pt\/loja\/produto\/recuperador-a-bioetanol-bl-66-premium\/\" \/>\n<meta property=\"og:site_name\" content=\"Loja Decora&ccedil;&atilde;o de Interiores\" \/>\n<meta property=\"article:modified_time\" content=\"2025-10-01T13:10:43+00:00\" \/>\n<meta property=\"og:image\" content=\"https:\/\/mhinteriores.pt\/loja\/wp-content\/uploads\/2025\/10\/Recuperador-a-Bioetanol-BL-60-Premium-1.webp\" \/>\n\t<meta property=\"og:image:width\" content=\"500\" \/>\n\t<meta property=\"og:image:height\" content=\"500\" \/>\n\t<meta property=\"og:image:type\" content=\"image\/webp\" \/>\n<meta name=\"twitter:card\" content=\"summary_large_image\" \/>\n<meta name=\"twitter:label1\" content=\"Tempo estimado de leitura\" \/>\n\t<meta name=\"twitter:data1\" content=\"2 minutos\" \/>\n<script type=\"application\/ld+json\" class=\"yoast-schema-graph\">{\"@context\":\"https:\\\/\\\/schema.org\",\"@graph\":[{\"@type\":\"WebPage\",\"@id\":\"https:\\\/\\\/mhinteriores.pt\\\/loja\\\/produto\\\/recuperador-a-bioetanol-bl-66-premium\\\/\",\"url\":\"https:\\\/\\\/mhinteriores.pt\\\/loja\\\/produto\\\/recuperador-a-bioetanol-bl-66-premium\\\/\",\"name\":\"Recuperador a Bioetanol BL-66 Premium - MH Interiores - Loja Decora&ccedil;&atilde;o de Interiores\",\"isPartOf\":{\"@id\":\"https:\\\/\\\/mhinteriores.pt\\\/loja\\\/#website\"},\"primaryImageOfPage\":{\"@id\":\"https:\\\/\\\/mhinteriores.pt\\\/loja\\\/produto\\\/recuperador-a-bioetanol-bl-66-premium\\\/#primaryimage\"},\"image\":{\"@id\":\"https:\\\/\\\/mhinteriores.pt\\\/loja\\\/produto\\\/recuperador-a-bioetanol-bl-66-premium\\\/#primaryimage\"},\"thumbnailUrl\":\"https:\\\/\\\/mhinteriores.pt\\\/loja\\\/wp-content\\\/uploads\\\/2025\\\/10\\\/Recuperador-a-Bioetanol-BL-60-Premium-1.webp\",\"datePublished\":\"2025-10-01T13:05:38+00:00\",\"dateModified\":\"2025-10-01T13:10:43+00:00\",\"description\":\"Recuperador a Bioetanol BL-66 Premium da Bio-O, compacto e elegante, ideal para mobili\u00e1rio moderno. Chama real, segura e sem necessidade de chamin\u00e9.\",\"breadcrumb\":{\"@id\":\"https:\\\/\\\/mhinteriores.pt\\\/loja\\\/produto\\\/recuperador-a-bioetanol-bl-66-premium\\\/#breadcrumb\"},\"inLanguage\":\"pt-PT\",\"potentialAction\":[{\"@type\":\"ReadAction\",\"target\":[\"https:\\\/\\\/mhinteriores.pt\\\/loja\\\/produto\\\/recuperador-a-bioetanol-bl-66-premium\\\/\"]}]},{\"@type\":\"ImageObject\",\"inLanguage\":\"pt-PT\",\"@id\":\"https:\\\/\\\/mhinteriores.pt\\\/loja\\\/produto\\\/recuperador-a-bioetanol-bl-66-premium\\\/#primaryimage\",\"url\":\"https:\\\/\\\/mhinteriores.pt\\\/loja\\\/wp-content\\\/uploads\\\/2025\\\/10\\\/Recuperador-a-Bioetanol-BL-60-Premium-1.webp\",\"contentUrl\":\"https:\\\/\\\/mhinteriores.pt\\\/loja\\\/wp-content\\\/uploads\\\/2025\\\/10\\\/Recuperador-a-Bioetanol-BL-60-Premium-1.webp\",\"width\":500,\"height\":500,\"caption\":\"Recuperador a Bioetanol BL-60 Premium (1)\"},{\"@type\":\"BreadcrumbList\",\"@id\":\"https:\\\/\\\/mhinteriores.pt\\\/loja\\\/produto\\\/recuperador-a-bioetanol-bl-66-premium\\\/#breadcrumb\",\"itemListElement\":[{\"@type\":\"ListItem\",\"position\":1,\"name\":\"In\u00edcio\",\"item\":\"https:\\\/\\\/mhinteriores.pt\\\/loja\\\/\"},{\"@type\":\"ListItem\",\"position\":2,\"name\":\"Loja\",\"item\":\"https:\\\/\\\/mhinteriores.pt\\\/loja\\\/loja\\\/\"},{\"@type\":\"ListItem\",\"position\":3,\"name\":\"Recuperador a Bioetanol BL-66 Premium &#8211; MH Interiores\"}]},{\"@type\":\"WebSite\",\"@id\":\"https:\\\/\\\/mhinteriores.pt\\\/loja\\\/#website\",\"url\":\"https:\\\/\\\/mhinteriores.pt\\\/loja\\\/\",\"name\":\"Loja de Decora\u00e7\u00e3o - MH Interiores\",\"description\":\"MH Interiores\",\"publisher\":{\"@id\":\"https:\\\/\\\/mhinteriores.pt\\\/loja\\\/#organization\"},\"potentialAction\":[{\"@type\":\"SearchAction\",\"target\":{\"@type\":\"EntryPoint\",\"urlTemplate\":\"https:\\\/\\\/mhinteriores.pt\\\/loja\\\/?s={search_term_string}\"},\"query-input\":{\"@type\":\"PropertyValueSpecification\",\"valueRequired\":true,\"valueName\":\"search_term_string\"}}],\"inLanguage\":\"pt-PT\"},{\"@type\":\"Organization\",\"@id\":\"https:\\\/\\\/mhinteriores.pt\\\/loja\\\/#organization\",\"name\":\"Loja de Decora\u00e7\u00e3o - MH Interiores\",\"url\":\"https:\\\/\\\/mhinteriores.pt\\\/loja\\\/\",\"logo\":{\"@type\":\"ImageObject\",\"inLanguage\":\"pt-PT\",\"@id\":\"https:\\\/\\\/mhinteriores.pt\\\/loja\\\/#\\\/schema\\\/logo\\\/image\\\/\",\"url\":\"https:\\\/\\\/mhinteriores.pt\\\/loja\\\/wp-content\\\/uploads\\\/2024\\\/12\\\/cropped-MH-Interiores.png\",\"contentUrl\":\"https:\\\/\\\/mhinteriores.pt\\\/loja\\\/wp-content\\\/uploads\\\/2024\\\/12\\\/cropped-MH-Interiores.png\",\"width\":512,\"height\":512,\"caption\":\"Loja de Decora\u00e7\u00e3o - MH Interiores\"},\"image\":{\"@id\":\"https:\\\/\\\/mhinteriores.pt\\\/loja\\\/#\\\/schema\\\/logo\\\/image\\\/\"}}]}<\/script>\n<!-- \/ Yoast SEO Premium plugin. -->","yoast_head_json":{"title":"Recuperador a Bioetanol BL-66 Premium - MH Interiores - Loja Decora&ccedil;&atilde;o de Interiores","description":"Recuperador a Bioetanol BL-66 Premium da Bio-O, compacto e elegante, ideal para mobili\u00e1rio moderno. Chama real, segura e sem necessidade de chamin\u00e9.","robots":{"index":"index","follow":"follow","max-snippet":"max-snippet:-1","max-image-preview":"max-image-preview:large","max-video-preview":"max-video-preview:-1"},"canonical":"https:\/\/mhinteriores.pt\/loja\/produto\/recuperador-a-bioetanol-bl-66-premium\/","og_locale":"pt_PT","og_type":"article","og_title":"Recuperador a Bioetanol BL-66 Premium - MH Interiores","og_description":"Recuperador a Bioetanol BL-66 Premium da Bio-O, compacto e elegante, ideal para mobili\u00e1rio moderno. Chama real, segura e sem necessidade de chamin\u00e9.","og_url":"https:\/\/mhinteriores.pt\/loja\/produto\/recuperador-a-bioetanol-bl-66-premium\/","og_site_name":"Loja Decora&ccedil;&atilde;o de Interiores","article_modified_time":"2025-10-01T13:10:43+00:00","og_image":[{"width":500,"height":500,"url":"https:\/\/mhinteriores.pt\/loja\/wp-content\/uploads\/2025\/10\/Recuperador-a-Bioetanol-BL-60-Premium-1.webp","type":"image\/webp"}],"twitter_card":"summary_large_image","twitter_misc":{"Tempo estimado de leitura":"2 minutos"},"schema":{"@context":"https:\/\/schema.org","@graph":[{"@type":"WebPage","@id":"https:\/\/mhinteriores.pt\/loja\/produto\/recuperador-a-bioetanol-bl-66-premium\/","url":"https:\/\/mhinteriores.pt\/loja\/produto\/recuperador-a-bioetanol-bl-66-premium\/","name":"Recuperador a Bioetanol BL-66 Premium - MH Interiores - Loja Decora&ccedil;&atilde;o de Interiores","isPartOf":{"@id":"https:\/\/mhinteriores.pt\/loja\/#website"},"primaryImageOfPage":{"@id":"https:\/\/mhinteriores.pt\/loja\/produto\/recuperador-a-bioetanol-bl-66-premium\/#primaryimage"},"image":{"@id":"https:\/\/mhinteriores.pt\/loja\/produto\/recuperador-a-bioetanol-bl-66-premium\/#primaryimage"},"thumbnailUrl":"https:\/\/mhinteriores.pt\/loja\/wp-content\/uploads\/2025\/10\/Recuperador-a-Bioetanol-BL-60-Premium-1.webp","datePublished":"2025-10-01T13:05:38+00:00","dateModified":"2025-10-01T13:10:43+00:00","description":"Recuperador a Bioetanol BL-66 Premium da Bio-O, compacto e elegante, ideal para mobili\u00e1rio moderno. Chama real, segura e sem necessidade de chamin\u00e9.","breadcrumb":{"@id":"https:\/\/mhinteriores.pt\/loja\/produto\/recuperador-a-bioetanol-bl-66-premium\/#breadcrumb"},"inLanguage":"pt-PT","potentialAction":[{"@type":"ReadAction","target":["https:\/\/mhinteriores.pt\/loja\/produto\/recuperador-a-bioetanol-bl-66-premium\/"]}]},{"@type":"ImageObject","inLanguage":"pt-PT","@id":"https:\/\/mhinteriores.pt\/loja\/produto\/recuperador-a-bioetanol-bl-66-premium\/#primaryimage","url":"https:\/\/mhinteriores.pt\/loja\/wp-content\/uploads\/2025\/10\/Recuperador-a-Bioetanol-BL-60-Premium-1.webp","contentUrl":"https:\/\/mhinteriores.pt\/loja\/wp-content\/uploads\/2025\/10\/Recuperador-a-Bioetanol-BL-60-Premium-1.webp","width":500,"height":500,"caption":"Recuperador a Bioetanol BL-60 Premium (1)"},{"@type":"BreadcrumbList","@id":"https:\/\/mhinteriores.pt\/loja\/produto\/recuperador-a-bioetanol-bl-66-premium\/#breadcrumb","itemListElement":[{"@type":"ListItem","position":1,"name":"In\u00edcio","item":"https:\/\/mhinteriores.pt\/loja\/"},{"@type":"ListItem","position":2,"name":"Loja","item":"https:\/\/mhinteriores.pt\/loja\/loja\/"},{"@type":"ListItem","position":3,"name":"Recuperador a Bioetanol BL-66 Premium &#8211; MH Interiores"}]},{"@type":"WebSite","@id":"https:\/\/mhinteriores.pt\/loja\/#website","url":"https:\/\/mhinteriores.pt\/loja\/","name":"Loja de Decora\u00e7\u00e3o - MH Interiores","description":"MH Interiores","publisher":{"@id":"https:\/\/mhinteriores.pt\/loja\/#organization"},"potentialAction":[{"@type":"SearchAction","target":{"@type":"EntryPoint","urlTemplate":"https:\/\/mhinteriores.pt\/loja\/?s={search_term_string}"},"query-input":{"@type":"PropertyValueSpecification","valueRequired":true,"valueName":"search_term_string"}}],"inLanguage":"pt-PT"},{"@type":"Organization","@id":"https:\/\/mhinteriores.pt\/loja\/#organization","name":"Loja de Decora\u00e7\u00e3o - MH Interiores","url":"https:\/\/mhinteriores.pt\/loja\/","logo":{"@type":"ImageObject","inLanguage":"pt-PT","@id":"https:\/\/mhinteriores.pt\/loja\/#\/schema\/logo\/image\/","url":"https:\/\/mhinteriores.pt\/loja\/wp-content\/uploads\/2024\/12\/cropped-MH-Interiores.png","contentUrl":"https:\/\/mhinteriores.pt\/loja\/wp-content\/uploads\/2024\/12\/cropped-MH-Interiores.png","width":512,"height":512,"caption":"Loja de Decora\u00e7\u00e3o - MH Interiores"},"image":{"@id":"https:\/\/mhinteriores.pt\/loja\/#\/schema\/logo\/image\/"}}]}},"_links":{"self":[{"href":"https:\/\/mhinteriores.pt\/loja\/wp-json\/wp\/v2\/product\/5342","targetHints":{"allow":["GET"]}}],"collection":[{"href":"https:\/\/mhinteriores.pt\/loja\/wp-json\/wp\/v2\/product"}],"about":[{"href":"https:\/\/mhinteriores.pt\/loja\/wp-json\/wp\/v2\/types\/product"}],"replies":[{"embeddable":true,"href":"https:\/\/mhinteriores.pt\/loja\/wp-json\/wp\/v2\/comments?post=5342"}],"version-history":[{"count":1,"href":"https:\/\/mhinteriores.pt\/loja\/wp-json\/wp\/v2\/product\/5342\/revisions"}],"predecessor-version":[{"id":5345,"href":"https:\/\/mhinteriores.pt\/loja\/wp-json\/wp\/v2\/product\/5342\/revisions\/5345"}],"wp:featuredmedia":[{"embeddable":true,"href":"https:\/\/mhinteriores.pt\/loja\/wp-json\/wp\/v2\/media\/5344"}],"wp:attachment":[{"href":"https:\/\/mhinteriores.pt\/loja\/wp-json\/wp\/v2\/media?parent=5342"}],"wp:term":[{"taxonomy":"product_cat","embeddable":true,"href":"https:\/\/mhinteriores.pt\/loja\/wp-json\/wp\/v2\/product_cat?post=5342"},{"taxonomy":"product_tag","embeddable":true,"href":"https:\/\/mhinteriores.pt\/loja\/wp-json\/wp\/v2\/product_tag?post=5342"}],"curies":[{"name":"wp","href":"https:\/\/api.w.org\/{rel}","templated":true}]}}