{"id":5350,"date":"2025-10-01T13:19:37","date_gmt":"2025-10-01T13:19:37","guid":{"rendered":"https:\/\/mhinteriores.pt\/loja\/?post_type=product&#038;p=5350"},"modified":"2025-10-01T13:36:11","modified_gmt":"2025-10-01T13:36:11","slug":"lareira-a-bioetanol-bx-120-premium","status":"publish","type":"product","link":"https:\/\/mhinteriores.pt\/loja\/produto\/lareira-a-bioetanol-bx-120-premium\/","title":{"rendered":"Lareira a Bioetanol BX 120 Premium &#8211; MH Interiores"},"content":{"rendered":"<h2 style=\"text-align: left;\">Lareira a Bioetanol BX 120 Premium &#8211; \u00a0<a href=\"https:\/\/mhinteriores.pt\/loja\/\">MH Interiores<\/a><\/h2>\n<p data-start=\"264\" data-end=\"596\">A Lareira a Bioetanol BX 120 Premium, da marca Afire, combina inova\u00e7\u00e3o e design contempor\u00e2neo para transformar qualquer espa\u00e7o num ambiente sofisticado e acolhedor. Gra\u00e7as ao seu controlo remoto, pode ajustar facilmente a intensidade da chama e desfrutar de todo o conforto sem necessidade de chamin\u00e9 ou liga\u00e7\u00e3o a g\u00e1s.<\/p>\n<p data-start=\"598\" data-end=\"794\">Trata-se de uma solu\u00e7\u00e3o ecol\u00f3gica, equipada com queimador de bioetanol inteligente, que oferece chamas reais e naturais, criando o equil\u00edbrio perfeito entre est\u00e9tica, funcionalidade e seguran\u00e7a.<\/p>\n<h3 data-start=\"1165\" data-end=\"1198\">Caracter\u00edsticas T\u00e9cnicas<\/h3>\n<ul>\n<li data-start=\"865\" data-end=\"889\">\n<p data-start=\"867\" data-end=\"889\"><strong data-start=\"867\" data-end=\"880\">Pot\u00eancia:<\/strong> 7.5 kW<\/p>\n<\/li>\n<li data-start=\"890\" data-end=\"914\">\n<p data-start=\"892\" data-end=\"914\"><strong data-start=\"892\" data-end=\"905\">Dep\u00f3sito:<\/strong> 12.0 L<\/p>\n<\/li>\n<li data-start=\"915\" data-end=\"963\">\n<p data-start=\"917\" data-end=\"963\"><strong data-start=\"917\" data-end=\"939\">Dimens\u00f5es (AxLxP):<\/strong> 1200 x 238.5 x 213 mm<\/p>\n<\/li>\n<li data-start=\"964\" data-end=\"988\">\n<p data-start=\"966\" data-end=\"988\"><strong data-start=\"966\" data-end=\"978\">Consumo:<\/strong> 1.2 L\/h<\/p>\n<\/li>\n<li data-start=\"989\" data-end=\"1008\">\n<p data-start=\"991\" data-end=\"1008\"><strong data-start=\"991\" data-end=\"1000\">Peso:<\/strong> 34 kg<\/p>\n<\/li>\n<li data-start=\"1009\" data-end=\"1057\">\n<p data-start=\"1011\" data-end=\"1057\"><strong data-start=\"1011\" data-end=\"1043\">Abertura para a chama (LxP):<\/strong> 262 x 80 mm<\/p>\n<\/li>\n<\/ul>\n<p>&nbsp;<\/p>\n<h3 data-start=\"1547\" data-end=\"1586\">Principais Vantagens<\/h3>\n<ul>\n<li data-start=\"1121\" data-end=\"1177\">\n<p data-start=\"1123\" data-end=\"1177\"><strong data-start=\"1123\" data-end=\"1151\">Controlo remoto inclu\u00eddo<\/strong>, para maior comodidade.<\/p>\n<\/li>\n<li data-start=\"1178\" data-end=\"1257\">\n<p data-start=\"1180\" data-end=\"1257\"><strong data-start=\"1180\" data-end=\"1209\">Chama visualmente natural<\/strong>, criando uma atmosfera realista e acolhedora.<\/p>\n<\/li>\n<li data-start=\"1258\" data-end=\"1343\">\n<p data-start=\"1260\" data-end=\"1343\"><strong data-start=\"1260\" data-end=\"1281\">Design excecional<\/strong>, pensado para inspirar designers, arquitetos e decoradores.<\/p>\n<\/li>\n<li data-start=\"1344\" data-end=\"1422\">\n<p data-start=\"1346\" data-end=\"1422\"><strong data-start=\"1346\" data-end=\"1373\">Personaliza\u00e7\u00e3o completa<\/strong>, adaptando-se a qualquer estilo de interiores.<\/p>\n<\/li>\n<li data-start=\"1423\" data-end=\"1500\">\n<p data-start=\"1425\" data-end=\"1500\"><strong data-start=\"1425\" data-end=\"1459\">Queimador inteligente e seguro<\/strong>, em conformidade com normas europeias.<\/p>\n<\/li>\n<li data-start=\"1501\" data-end=\"1568\">\n<p data-start=\"1503\" data-end=\"1568\"><strong data-start=\"1503\" data-end=\"1526\">Sem chamin\u00e9 nem g\u00e1s<\/strong>, f\u00e1cil de instalar em qualquer divis\u00e3o.<\/p>\n<\/li>\n<\/ul>\n<p data-start=\"1581\" data-end=\"1653\">\n","protected":false},"excerpt":{"rendered":"<p>Lareira a Bioetanol BX 120 Premium &#8211; \u00a0MH Interiores A Lareira a Bioetanol BX 120 Premium, da marca Afire, combina inova\u00e7\u00e3o e design contempor\u00e2neo para transformar qualquer espa\u00e7o num ambiente<\/p>\n","protected":false},"featured_media":5351,"comment_status":"open","ping_status":"closed","template":"","meta":[],"product_cat":[235],"product_tag":[],"class_list":{"0":"post-5350","1":"product","2":"type-product","3":"status-publish","4":"has-post-thumbnail","6":"product_cat-lareira-a-bioetanol","8":"first","9":"instock","10":"shipping-taxable","11":"product-type-simple"},"yoast_head":"<!-- This site is optimized with the Yoast SEO Premium plugin v24.0 (Yoast SEO v27.4) - https:\/\/yoast.com\/product\/yoast-seo-premium-wordpress\/ -->\n<title>Lareira a Bioetanol BX 120 Premium - MH Interiores - Loja Decora&ccedil;&atilde;o de Interiores<\/title>\n<meta name=\"description\" content=\"Lareira a Bioetanol BX 120 Premium Afire. Design moderno, chama natural e controlo remoto. Ecol\u00f3gica, segura e f\u00e1cil de instalar.\" \/>\n<meta name=\"robots\" content=\"index, follow, max-snippet:-1, max-image-preview:large, max-video-preview:-1\" \/>\n<link rel=\"canonical\" href=\"https:\/\/mhinteriores.pt\/loja\/produto\/lareira-a-bioetanol-bx-120-premium\/\" \/>\n<meta property=\"og:locale\" content=\"pt_PT\" \/>\n<meta property=\"og:type\" content=\"article\" \/>\n<meta property=\"og:title\" content=\"Lareira a Bioetanol BX 120 Premium - MH Interiores\" \/>\n<meta property=\"og:description\" content=\"Lareira a Bioetanol BX 120 Premium Afire. Design moderno, chama natural e controlo remoto. Ecol\u00f3gica, segura e f\u00e1cil de instalar.\" \/>\n<meta property=\"og:url\" content=\"https:\/\/mhinteriores.pt\/loja\/produto\/lareira-a-bioetanol-bx-120-premium\/\" \/>\n<meta property=\"og:site_name\" content=\"Loja Decora&ccedil;&atilde;o de Interiores\" \/>\n<meta property=\"article:modified_time\" content=\"2025-10-01T13:36:11+00:00\" \/>\n<meta property=\"og:image\" content=\"https:\/\/mhinteriores.pt\/loja\/wp-content\/uploads\/2025\/10\/Lareira-Bioetanol-BX-120-Premium-4.webp\" \/>\n\t<meta property=\"og:image:width\" content=\"800\" \/>\n\t<meta property=\"og:image:height\" content=\"800\" \/>\n\t<meta property=\"og:image:type\" content=\"image\/webp\" \/>\n<meta name=\"twitter:card\" content=\"summary_large_image\" \/>\n<meta name=\"twitter:label1\" content=\"Tempo estimado de leitura\" \/>\n\t<meta name=\"twitter:data1\" content=\"2 minutos\" \/>\n<script type=\"application\/ld+json\" class=\"yoast-schema-graph\">{\"@context\":\"https:\\\/\\\/schema.org\",\"@graph\":[{\"@type\":\"WebPage\",\"@id\":\"https:\\\/\\\/mhinteriores.pt\\\/loja\\\/produto\\\/lareira-a-bioetanol-bx-120-premium\\\/\",\"url\":\"https:\\\/\\\/mhinteriores.pt\\\/loja\\\/produto\\\/lareira-a-bioetanol-bx-120-premium\\\/\",\"name\":\"Lareira a Bioetanol BX 120 Premium - MH Interiores - Loja Decora&ccedil;&atilde;o de Interiores\",\"isPartOf\":{\"@id\":\"https:\\\/\\\/mhinteriores.pt\\\/loja\\\/#website\"},\"primaryImageOfPage\":{\"@id\":\"https:\\\/\\\/mhinteriores.pt\\\/loja\\\/produto\\\/lareira-a-bioetanol-bx-120-premium\\\/#primaryimage\"},\"image\":{\"@id\":\"https:\\\/\\\/mhinteriores.pt\\\/loja\\\/produto\\\/lareira-a-bioetanol-bx-120-premium\\\/#primaryimage\"},\"thumbnailUrl\":\"https:\\\/\\\/mhinteriores.pt\\\/loja\\\/wp-content\\\/uploads\\\/2025\\\/10\\\/Lareira-Bioetanol-BX-120-Premium-4.webp\",\"datePublished\":\"2025-10-01T13:19:37+00:00\",\"dateModified\":\"2025-10-01T13:36:11+00:00\",\"description\":\"Lareira a Bioetanol BX 120 Premium Afire. Design moderno, chama natural e controlo remoto. Ecol\u00f3gica, segura e f\u00e1cil de instalar.\",\"breadcrumb\":{\"@id\":\"https:\\\/\\\/mhinteriores.pt\\\/loja\\\/produto\\\/lareira-a-bioetanol-bx-120-premium\\\/#breadcrumb\"},\"inLanguage\":\"pt-PT\",\"potentialAction\":[{\"@type\":\"ReadAction\",\"target\":[\"https:\\\/\\\/mhinteriores.pt\\\/loja\\\/produto\\\/lareira-a-bioetanol-bx-120-premium\\\/\"]}]},{\"@type\":\"ImageObject\",\"inLanguage\":\"pt-PT\",\"@id\":\"https:\\\/\\\/mhinteriores.pt\\\/loja\\\/produto\\\/lareira-a-bioetanol-bx-120-premium\\\/#primaryimage\",\"url\":\"https:\\\/\\\/mhinteriores.pt\\\/loja\\\/wp-content\\\/uploads\\\/2025\\\/10\\\/Lareira-Bioetanol-BX-120-Premium-4.webp\",\"contentUrl\":\"https:\\\/\\\/mhinteriores.pt\\\/loja\\\/wp-content\\\/uploads\\\/2025\\\/10\\\/Lareira-Bioetanol-BX-120-Premium-4.webp\",\"width\":800,\"height\":800,\"caption\":\"Lareira Bioetanol BX 120 Premium (1)\"},{\"@type\":\"BreadcrumbList\",\"@id\":\"https:\\\/\\\/mhinteriores.pt\\\/loja\\\/produto\\\/lareira-a-bioetanol-bx-120-premium\\\/#breadcrumb\",\"itemListElement\":[{\"@type\":\"ListItem\",\"position\":1,\"name\":\"In\u00edcio\",\"item\":\"https:\\\/\\\/mhinteriores.pt\\\/loja\\\/\"},{\"@type\":\"ListItem\",\"position\":2,\"name\":\"Loja\",\"item\":\"https:\\\/\\\/mhinteriores.pt\\\/loja\\\/loja\\\/\"},{\"@type\":\"ListItem\",\"position\":3,\"name\":\"Lareira a Bioetanol BX 120 Premium &#8211; MH Interiores\"}]},{\"@type\":\"WebSite\",\"@id\":\"https:\\\/\\\/mhinteriores.pt\\\/loja\\\/#website\",\"url\":\"https:\\\/\\\/mhinteriores.pt\\\/loja\\\/\",\"name\":\"Loja de Decora\u00e7\u00e3o - MH Interiores\",\"description\":\"MH Interiores\",\"publisher\":{\"@id\":\"https:\\\/\\\/mhinteriores.pt\\\/loja\\\/#organization\"},\"potentialAction\":[{\"@type\":\"SearchAction\",\"target\":{\"@type\":\"EntryPoint\",\"urlTemplate\":\"https:\\\/\\\/mhinteriores.pt\\\/loja\\\/?s={search_term_string}\"},\"query-input\":{\"@type\":\"PropertyValueSpecification\",\"valueRequired\":true,\"valueName\":\"search_term_string\"}}],\"inLanguage\":\"pt-PT\"},{\"@type\":\"Organization\",\"@id\":\"https:\\\/\\\/mhinteriores.pt\\\/loja\\\/#organization\",\"name\":\"Loja de Decora\u00e7\u00e3o - MH Interiores\",\"url\":\"https:\\\/\\\/mhinteriores.pt\\\/loja\\\/\",\"logo\":{\"@type\":\"ImageObject\",\"inLanguage\":\"pt-PT\",\"@id\":\"https:\\\/\\\/mhinteriores.pt\\\/loja\\\/#\\\/schema\\\/logo\\\/image\\\/\",\"url\":\"https:\\\/\\\/mhinteriores.pt\\\/loja\\\/wp-content\\\/uploads\\\/2024\\\/12\\\/cropped-MH-Interiores.png\",\"contentUrl\":\"https:\\\/\\\/mhinteriores.pt\\\/loja\\\/wp-content\\\/uploads\\\/2024\\\/12\\\/cropped-MH-Interiores.png\",\"width\":512,\"height\":512,\"caption\":\"Loja de Decora\u00e7\u00e3o - MH Interiores\"},\"image\":{\"@id\":\"https:\\\/\\\/mhinteriores.pt\\\/loja\\\/#\\\/schema\\\/logo\\\/image\\\/\"}}]}<\/script>\n<!-- \/ Yoast SEO Premium plugin. -->","yoast_head_json":{"title":"Lareira a Bioetanol BX 120 Premium - MH Interiores - Loja Decora&ccedil;&atilde;o de Interiores","description":"Lareira a Bioetanol BX 120 Premium Afire. Design moderno, chama natural e controlo remoto. Ecol\u00f3gica, segura e f\u00e1cil de instalar.","robots":{"index":"index","follow":"follow","max-snippet":"max-snippet:-1","max-image-preview":"max-image-preview:large","max-video-preview":"max-video-preview:-1"},"canonical":"https:\/\/mhinteriores.pt\/loja\/produto\/lareira-a-bioetanol-bx-120-premium\/","og_locale":"pt_PT","og_type":"article","og_title":"Lareira a Bioetanol BX 120 Premium - MH Interiores","og_description":"Lareira a Bioetanol BX 120 Premium Afire. Design moderno, chama natural e controlo remoto. Ecol\u00f3gica, segura e f\u00e1cil de instalar.","og_url":"https:\/\/mhinteriores.pt\/loja\/produto\/lareira-a-bioetanol-bx-120-premium\/","og_site_name":"Loja Decora&ccedil;&atilde;o de Interiores","article_modified_time":"2025-10-01T13:36:11+00:00","og_image":[{"width":800,"height":800,"url":"https:\/\/mhinteriores.pt\/loja\/wp-content\/uploads\/2025\/10\/Lareira-Bioetanol-BX-120-Premium-4.webp","type":"image\/webp"}],"twitter_card":"summary_large_image","twitter_misc":{"Tempo estimado de leitura":"2 minutos"},"schema":{"@context":"https:\/\/schema.org","@graph":[{"@type":"WebPage","@id":"https:\/\/mhinteriores.pt\/loja\/produto\/lareira-a-bioetanol-bx-120-premium\/","url":"https:\/\/mhinteriores.pt\/loja\/produto\/lareira-a-bioetanol-bx-120-premium\/","name":"Lareira a Bioetanol BX 120 Premium - MH Interiores - Loja Decora&ccedil;&atilde;o de Interiores","isPartOf":{"@id":"https:\/\/mhinteriores.pt\/loja\/#website"},"primaryImageOfPage":{"@id":"https:\/\/mhinteriores.pt\/loja\/produto\/lareira-a-bioetanol-bx-120-premium\/#primaryimage"},"image":{"@id":"https:\/\/mhinteriores.pt\/loja\/produto\/lareira-a-bioetanol-bx-120-premium\/#primaryimage"},"thumbnailUrl":"https:\/\/mhinteriores.pt\/loja\/wp-content\/uploads\/2025\/10\/Lareira-Bioetanol-BX-120-Premium-4.webp","datePublished":"2025-10-01T13:19:37+00:00","dateModified":"2025-10-01T13:36:11+00:00","description":"Lareira a Bioetanol BX 120 Premium Afire. Design moderno, chama natural e controlo remoto. Ecol\u00f3gica, segura e f\u00e1cil de instalar.","breadcrumb":{"@id":"https:\/\/mhinteriores.pt\/loja\/produto\/lareira-a-bioetanol-bx-120-premium\/#breadcrumb"},"inLanguage":"pt-PT","potentialAction":[{"@type":"ReadAction","target":["https:\/\/mhinteriores.pt\/loja\/produto\/lareira-a-bioetanol-bx-120-premium\/"]}]},{"@type":"ImageObject","inLanguage":"pt-PT","@id":"https:\/\/mhinteriores.pt\/loja\/produto\/lareira-a-bioetanol-bx-120-premium\/#primaryimage","url":"https:\/\/mhinteriores.pt\/loja\/wp-content\/uploads\/2025\/10\/Lareira-Bioetanol-BX-120-Premium-4.webp","contentUrl":"https:\/\/mhinteriores.pt\/loja\/wp-content\/uploads\/2025\/10\/Lareira-Bioetanol-BX-120-Premium-4.webp","width":800,"height":800,"caption":"Lareira Bioetanol BX 120 Premium (1)"},{"@type":"BreadcrumbList","@id":"https:\/\/mhinteriores.pt\/loja\/produto\/lareira-a-bioetanol-bx-120-premium\/#breadcrumb","itemListElement":[{"@type":"ListItem","position":1,"name":"In\u00edcio","item":"https:\/\/mhinteriores.pt\/loja\/"},{"@type":"ListItem","position":2,"name":"Loja","item":"https:\/\/mhinteriores.pt\/loja\/loja\/"},{"@type":"ListItem","position":3,"name":"Lareira a Bioetanol BX 120 Premium &#8211; MH Interiores"}]},{"@type":"WebSite","@id":"https:\/\/mhinteriores.pt\/loja\/#website","url":"https:\/\/mhinteriores.pt\/loja\/","name":"Loja de Decora\u00e7\u00e3o - MH Interiores","description":"MH Interiores","publisher":{"@id":"https:\/\/mhinteriores.pt\/loja\/#organization"},"potentialAction":[{"@type":"SearchAction","target":{"@type":"EntryPoint","urlTemplate":"https:\/\/mhinteriores.pt\/loja\/?s={search_term_string}"},"query-input":{"@type":"PropertyValueSpecification","valueRequired":true,"valueName":"search_term_string"}}],"inLanguage":"pt-PT"},{"@type":"Organization","@id":"https:\/\/mhinteriores.pt\/loja\/#organization","name":"Loja de Decora\u00e7\u00e3o - MH Interiores","url":"https:\/\/mhinteriores.pt\/loja\/","logo":{"@type":"ImageObject","inLanguage":"pt-PT","@id":"https:\/\/mhinteriores.pt\/loja\/#\/schema\/logo\/image\/","url":"https:\/\/mhinteriores.pt\/loja\/wp-content\/uploads\/2024\/12\/cropped-MH-Interiores.png","contentUrl":"https:\/\/mhinteriores.pt\/loja\/wp-content\/uploads\/2024\/12\/cropped-MH-Interiores.png","width":512,"height":512,"caption":"Loja de Decora\u00e7\u00e3o - MH Interiores"},"image":{"@id":"https:\/\/mhinteriores.pt\/loja\/#\/schema\/logo\/image\/"}}]}},"_links":{"self":[{"href":"https:\/\/mhinteriores.pt\/loja\/wp-json\/wp\/v2\/product\/5350","targetHints":{"allow":["GET"]}}],"collection":[{"href":"https:\/\/mhinteriores.pt\/loja\/wp-json\/wp\/v2\/product"}],"about":[{"href":"https:\/\/mhinteriores.pt\/loja\/wp-json\/wp\/v2\/types\/product"}],"replies":[{"embeddable":true,"href":"https:\/\/mhinteriores.pt\/loja\/wp-json\/wp\/v2\/comments?post=5350"}],"version-history":[{"count":1,"href":"https:\/\/mhinteriores.pt\/loja\/wp-json\/wp\/v2\/product\/5350\/revisions"}],"predecessor-version":[{"id":5353,"href":"https:\/\/mhinteriores.pt\/loja\/wp-json\/wp\/v2\/product\/5350\/revisions\/5353"}],"wp:featuredmedia":[{"embeddable":true,"href":"https:\/\/mhinteriores.pt\/loja\/wp-json\/wp\/v2\/media\/5351"}],"wp:attachment":[{"href":"https:\/\/mhinteriores.pt\/loja\/wp-json\/wp\/v2\/media?parent=5350"}],"wp:term":[{"taxonomy":"product_cat","embeddable":true,"href":"https:\/\/mhinteriores.pt\/loja\/wp-json\/wp\/v2\/product_cat?post=5350"},{"taxonomy":"product_tag","embeddable":true,"href":"https:\/\/mhinteriores.pt\/loja\/wp-json\/wp\/v2\/product_tag?post=5350"}],"curies":[{"name":"wp","href":"https:\/\/api.w.org\/{rel}","templated":true}]}}