{"id":5366,"date":"2025-10-01T13:49:54","date_gmt":"2025-10-01T13:49:54","guid":{"rendered":"https:\/\/mhinteriores.pt\/loja\/?post_type=product&#038;p=5366"},"modified":"2025-10-01T13:57:44","modified_gmt":"2025-10-01T13:57:44","slug":"lareira-a-bioetanol-bx-180-premium","status":"publish","type":"product","link":"https:\/\/mhinteriores.pt\/loja\/produto\/lareira-a-bioetanol-bx-180-premium\/","title":{"rendered":"Lareira a Bioetanol BX 180 Premium &#8211; MH Interiores"},"content":{"rendered":"<h2 style=\"text-align: left;\">Lareira a Bioetanol BX 180 Premium &#8211; \u00a0<a href=\"https:\/\/mhinteriores.pt\/loja\/\">MH Interiores<\/a><\/h2>\n<p data-start=\"165\" data-end=\"531\">A Lareira a Bioetanol BX 180 Premium, da marca Afire, \u00e9 um modelo de excel\u00eancia desenvolvido para quem procura eleg\u00e2ncia, seguran\u00e7a e inova\u00e7\u00e3o. Com um queimador inteligente de bioetanol e controlo remoto, este equipamento conjuga funcionalidade e est\u00e9tica, proporcionando chamas naturais e realistas sem necessidade de chamin\u00e9 ou liga\u00e7\u00e3o a g\u00e1s.<\/p>\n<p data-start=\"533\" data-end=\"675\">Ideal para integrar em projetos de arquitetura e design de interiores, a BX 180 Premium cria ambientes acolhedores, modernos e sustent\u00e1veis.<\/p>\n<h3 data-start=\"1165\" data-end=\"1198\">Caracter\u00edsticas T\u00e9cnicas<\/h3>\n<ul>\n<li data-start=\"751\" data-end=\"776\">\n<p data-start=\"753\" data-end=\"776\"><strong data-start=\"753\" data-end=\"766\">Pot\u00eancia:<\/strong> 12.4 kW<\/p>\n<\/li>\n<li data-start=\"777\" data-end=\"801\">\n<p data-start=\"779\" data-end=\"801\"><strong data-start=\"779\" data-end=\"792\">Dep\u00f3sito:<\/strong> 18.5 L<\/p>\n<\/li>\n<li data-start=\"802\" data-end=\"850\">\n<p data-start=\"804\" data-end=\"850\"><strong data-start=\"804\" data-end=\"826\">Dimens\u00f5es (AxLxP):<\/strong> 1820 x 238.5 x 213 mm<\/p>\n<\/li>\n<li data-start=\"851\" data-end=\"875\">\n<p data-start=\"853\" data-end=\"875\"><strong data-start=\"853\" data-end=\"865\">Consumo:<\/strong> 2.0 L\/h<\/p>\n<\/li>\n<li data-start=\"876\" data-end=\"895\">\n<p data-start=\"878\" data-end=\"895\"><strong data-start=\"878\" data-end=\"887\">Peso:<\/strong> 42 kg<\/p>\n<\/li>\n<li data-start=\"896\" data-end=\"944\">\n<p data-start=\"898\" data-end=\"944\"><strong data-start=\"898\" data-end=\"930\">Abertura para a chama (LxP):<\/strong> 737 x 80 mm<\/p>\n<\/li>\n<\/ul>\n<p>&nbsp;<\/p>\n<h3 data-start=\"1547\" data-end=\"1586\">Principais Vantagens<\/h3>\n<ul>\n<li data-start=\"1013\" data-end=\"1080\">\n<p data-start=\"1015\" data-end=\"1080\"><strong data-start=\"1015\" data-end=\"1043\">Controlo remoto inclu\u00eddo<\/strong>, para maior comodidade e conforto.<\/p>\n<\/li>\n<li data-start=\"1081\" data-end=\"1158\">\n<p data-start=\"1083\" data-end=\"1158\"><strong data-start=\"1083\" data-end=\"1123\">Chama realista e visualmente natural<\/strong>, criando ambientes sofisticados.<\/p>\n<\/li>\n<li data-start=\"1159\" data-end=\"1240\">\n<p data-start=\"1161\" data-end=\"1240\"><strong data-start=\"1161\" data-end=\"1196\">Design premium e personaliz\u00e1vel<\/strong>, adapt\u00e1vel a qualquer projeto decorativo.<\/p>\n<\/li>\n<li data-start=\"1241\" data-end=\"1314\">\n<p data-start=\"1243\" data-end=\"1314\"><strong data-start=\"1243\" data-end=\"1280\">Queimador inteligente a bioetanol<\/strong>, ecol\u00f3gico, eficiente e seguro.<\/p>\n<\/li>\n<li data-start=\"1315\" data-end=\"1388\">\n<p data-start=\"1317\" data-end=\"1388\"><strong data-start=\"1317\" data-end=\"1347\">Sem necessidade de chamin\u00e9<\/strong>, f\u00e1cil de instalar em qualquer espa\u00e7o.<\/p>\n<\/li>\n<li data-start=\"1389\" data-end=\"1502\">\n<p data-start=\"1391\" data-end=\"1502\"><strong data-start=\"1391\" data-end=\"1421\">Produto exclusivo da Afire<\/strong>, especialmente pensado para arquitetos, designers e decoradores de interiores.<\/p>\n<\/li>\n<\/ul>\n<p data-start=\"1581\" data-end=\"1653\">\n","protected":false},"excerpt":{"rendered":"<p>Lareira a Bioetanol BX 180 Premium &#8211; \u00a0MH Interiores A Lareira a Bioetanol BX 180 Premium, da marca Afire, \u00e9 um modelo de excel\u00eancia desenvolvido para quem procura eleg\u00e2ncia, seguran\u00e7a<\/p>\n","protected":false},"featured_media":5368,"comment_status":"open","ping_status":"closed","template":"","meta":[],"product_cat":[235],"product_tag":[],"class_list":{"0":"post-5366","1":"product","2":"type-product","3":"status-publish","4":"has-post-thumbnail","6":"product_cat-lareira-a-bioetanol","8":"first","9":"instock","10":"shipping-taxable","11":"product-type-simple"},"yoast_head":"<!-- This site is optimized with the Yoast SEO Premium plugin v24.0 (Yoast SEO v27.4) - https:\/\/yoast.com\/product\/yoast-seo-premium-wordpress\/ -->\n<title>Lareira a Bioetanol BX 180 Premium - MH Interiores - Loja Decora&ccedil;&atilde;o de Interiores<\/title>\n<meta name=\"description\" content=\"Lareira a Bioetanol BX 180 Premium Afire. Chama natural, design elegante e controlo remoto. Ecol\u00f3gica, segura e de f\u00e1cil instala\u00e7\u00e3o.\" \/>\n<meta name=\"robots\" content=\"index, follow, max-snippet:-1, max-image-preview:large, max-video-preview:-1\" \/>\n<link rel=\"canonical\" href=\"https:\/\/mhinteriores.pt\/loja\/produto\/lareira-a-bioetanol-bx-180-premium\/\" \/>\n<meta property=\"og:locale\" content=\"pt_PT\" \/>\n<meta property=\"og:type\" content=\"article\" \/>\n<meta property=\"og:title\" content=\"Lareira a Bioetanol BX 180 Premium - MH Interiores\" \/>\n<meta property=\"og:description\" content=\"Lareira a Bioetanol BX 180 Premium Afire. Chama natural, design elegante e controlo remoto. Ecol\u00f3gica, segura e de f\u00e1cil instala\u00e7\u00e3o.\" \/>\n<meta property=\"og:url\" content=\"https:\/\/mhinteriores.pt\/loja\/produto\/lareira-a-bioetanol-bx-180-premium\/\" \/>\n<meta property=\"og:site_name\" content=\"Loja Decora&ccedil;&atilde;o de Interiores\" \/>\n<meta property=\"article:modified_time\" content=\"2025-10-01T13:57:44+00:00\" \/>\n<meta property=\"og:image\" content=\"https:\/\/mhinteriores.pt\/loja\/wp-content\/uploads\/2025\/10\/Lareira-a-Bioetanol-BX-180-Premium-3.webp\" \/>\n\t<meta property=\"og:image:width\" content=\"500\" \/>\n\t<meta property=\"og:image:height\" content=\"500\" \/>\n\t<meta property=\"og:image:type\" content=\"image\/webp\" \/>\n<meta name=\"twitter:card\" content=\"summary_large_image\" \/>\n<meta name=\"twitter:label1\" content=\"Tempo estimado de leitura\" \/>\n\t<meta name=\"twitter:data1\" content=\"2 minutos\" \/>\n<script type=\"application\/ld+json\" class=\"yoast-schema-graph\">{\"@context\":\"https:\\\/\\\/schema.org\",\"@graph\":[{\"@type\":\"WebPage\",\"@id\":\"https:\\\/\\\/mhinteriores.pt\\\/loja\\\/produto\\\/lareira-a-bioetanol-bx-180-premium\\\/\",\"url\":\"https:\\\/\\\/mhinteriores.pt\\\/loja\\\/produto\\\/lareira-a-bioetanol-bx-180-premium\\\/\",\"name\":\"Lareira a Bioetanol BX 180 Premium - MH Interiores - Loja Decora&ccedil;&atilde;o de Interiores\",\"isPartOf\":{\"@id\":\"https:\\\/\\\/mhinteriores.pt\\\/loja\\\/#website\"},\"primaryImageOfPage\":{\"@id\":\"https:\\\/\\\/mhinteriores.pt\\\/loja\\\/produto\\\/lareira-a-bioetanol-bx-180-premium\\\/#primaryimage\"},\"image\":{\"@id\":\"https:\\\/\\\/mhinteriores.pt\\\/loja\\\/produto\\\/lareira-a-bioetanol-bx-180-premium\\\/#primaryimage\"},\"thumbnailUrl\":\"https:\\\/\\\/mhinteriores.pt\\\/loja\\\/wp-content\\\/uploads\\\/2025\\\/10\\\/Lareira-a-Bioetanol-BX-180-Premium-3.webp\",\"datePublished\":\"2025-10-01T13:49:54+00:00\",\"dateModified\":\"2025-10-01T13:57:44+00:00\",\"description\":\"Lareira a Bioetanol BX 180 Premium Afire. Chama natural, design elegante e controlo remoto. Ecol\u00f3gica, segura e de f\u00e1cil instala\u00e7\u00e3o.\",\"breadcrumb\":{\"@id\":\"https:\\\/\\\/mhinteriores.pt\\\/loja\\\/produto\\\/lareira-a-bioetanol-bx-180-premium\\\/#breadcrumb\"},\"inLanguage\":\"pt-PT\",\"potentialAction\":[{\"@type\":\"ReadAction\",\"target\":[\"https:\\\/\\\/mhinteriores.pt\\\/loja\\\/produto\\\/lareira-a-bioetanol-bx-180-premium\\\/\"]}]},{\"@type\":\"ImageObject\",\"inLanguage\":\"pt-PT\",\"@id\":\"https:\\\/\\\/mhinteriores.pt\\\/loja\\\/produto\\\/lareira-a-bioetanol-bx-180-premium\\\/#primaryimage\",\"url\":\"https:\\\/\\\/mhinteriores.pt\\\/loja\\\/wp-content\\\/uploads\\\/2025\\\/10\\\/Lareira-a-Bioetanol-BX-180-Premium-3.webp\",\"contentUrl\":\"https:\\\/\\\/mhinteriores.pt\\\/loja\\\/wp-content\\\/uploads\\\/2025\\\/10\\\/Lareira-a-Bioetanol-BX-180-Premium-3.webp\",\"width\":500,\"height\":500,\"caption\":\"Lareira a Bioetanol BX 180 Premium\"},{\"@type\":\"BreadcrumbList\",\"@id\":\"https:\\\/\\\/mhinteriores.pt\\\/loja\\\/produto\\\/lareira-a-bioetanol-bx-180-premium\\\/#breadcrumb\",\"itemListElement\":[{\"@type\":\"ListItem\",\"position\":1,\"name\":\"In\u00edcio\",\"item\":\"https:\\\/\\\/mhinteriores.pt\\\/loja\\\/\"},{\"@type\":\"ListItem\",\"position\":2,\"name\":\"Loja\",\"item\":\"https:\\\/\\\/mhinteriores.pt\\\/loja\\\/loja\\\/\"},{\"@type\":\"ListItem\",\"position\":3,\"name\":\"Lareira a Bioetanol BX 180 Premium &#8211; MH Interiores\"}]},{\"@type\":\"WebSite\",\"@id\":\"https:\\\/\\\/mhinteriores.pt\\\/loja\\\/#website\",\"url\":\"https:\\\/\\\/mhinteriores.pt\\\/loja\\\/\",\"name\":\"Loja de Decora\u00e7\u00e3o - MH Interiores\",\"description\":\"MH Interiores\",\"publisher\":{\"@id\":\"https:\\\/\\\/mhinteriores.pt\\\/loja\\\/#organization\"},\"potentialAction\":[{\"@type\":\"SearchAction\",\"target\":{\"@type\":\"EntryPoint\",\"urlTemplate\":\"https:\\\/\\\/mhinteriores.pt\\\/loja\\\/?s={search_term_string}\"},\"query-input\":{\"@type\":\"PropertyValueSpecification\",\"valueRequired\":true,\"valueName\":\"search_term_string\"}}],\"inLanguage\":\"pt-PT\"},{\"@type\":\"Organization\",\"@id\":\"https:\\\/\\\/mhinteriores.pt\\\/loja\\\/#organization\",\"name\":\"Loja de Decora\u00e7\u00e3o - MH Interiores\",\"url\":\"https:\\\/\\\/mhinteriores.pt\\\/loja\\\/\",\"logo\":{\"@type\":\"ImageObject\",\"inLanguage\":\"pt-PT\",\"@id\":\"https:\\\/\\\/mhinteriores.pt\\\/loja\\\/#\\\/schema\\\/logo\\\/image\\\/\",\"url\":\"https:\\\/\\\/mhinteriores.pt\\\/loja\\\/wp-content\\\/uploads\\\/2024\\\/12\\\/cropped-MH-Interiores.png\",\"contentUrl\":\"https:\\\/\\\/mhinteriores.pt\\\/loja\\\/wp-content\\\/uploads\\\/2024\\\/12\\\/cropped-MH-Interiores.png\",\"width\":512,\"height\":512,\"caption\":\"Loja de Decora\u00e7\u00e3o - MH Interiores\"},\"image\":{\"@id\":\"https:\\\/\\\/mhinteriores.pt\\\/loja\\\/#\\\/schema\\\/logo\\\/image\\\/\"}}]}<\/script>\n<!-- \/ Yoast SEO Premium plugin. -->","yoast_head_json":{"title":"Lareira a Bioetanol BX 180 Premium - MH Interiores - Loja Decora&ccedil;&atilde;o de Interiores","description":"Lareira a Bioetanol BX 180 Premium Afire. Chama natural, design elegante e controlo remoto. Ecol\u00f3gica, segura e de f\u00e1cil instala\u00e7\u00e3o.","robots":{"index":"index","follow":"follow","max-snippet":"max-snippet:-1","max-image-preview":"max-image-preview:large","max-video-preview":"max-video-preview:-1"},"canonical":"https:\/\/mhinteriores.pt\/loja\/produto\/lareira-a-bioetanol-bx-180-premium\/","og_locale":"pt_PT","og_type":"article","og_title":"Lareira a Bioetanol BX 180 Premium - MH Interiores","og_description":"Lareira a Bioetanol BX 180 Premium Afire. Chama natural, design elegante e controlo remoto. Ecol\u00f3gica, segura e de f\u00e1cil instala\u00e7\u00e3o.","og_url":"https:\/\/mhinteriores.pt\/loja\/produto\/lareira-a-bioetanol-bx-180-premium\/","og_site_name":"Loja Decora&ccedil;&atilde;o de Interiores","article_modified_time":"2025-10-01T13:57:44+00:00","og_image":[{"width":500,"height":500,"url":"https:\/\/mhinteriores.pt\/loja\/wp-content\/uploads\/2025\/10\/Lareira-a-Bioetanol-BX-180-Premium-3.webp","type":"image\/webp"}],"twitter_card":"summary_large_image","twitter_misc":{"Tempo estimado de leitura":"2 minutos"},"schema":{"@context":"https:\/\/schema.org","@graph":[{"@type":"WebPage","@id":"https:\/\/mhinteriores.pt\/loja\/produto\/lareira-a-bioetanol-bx-180-premium\/","url":"https:\/\/mhinteriores.pt\/loja\/produto\/lareira-a-bioetanol-bx-180-premium\/","name":"Lareira a Bioetanol BX 180 Premium - MH Interiores - Loja Decora&ccedil;&atilde;o de Interiores","isPartOf":{"@id":"https:\/\/mhinteriores.pt\/loja\/#website"},"primaryImageOfPage":{"@id":"https:\/\/mhinteriores.pt\/loja\/produto\/lareira-a-bioetanol-bx-180-premium\/#primaryimage"},"image":{"@id":"https:\/\/mhinteriores.pt\/loja\/produto\/lareira-a-bioetanol-bx-180-premium\/#primaryimage"},"thumbnailUrl":"https:\/\/mhinteriores.pt\/loja\/wp-content\/uploads\/2025\/10\/Lareira-a-Bioetanol-BX-180-Premium-3.webp","datePublished":"2025-10-01T13:49:54+00:00","dateModified":"2025-10-01T13:57:44+00:00","description":"Lareira a Bioetanol BX 180 Premium Afire. Chama natural, design elegante e controlo remoto. Ecol\u00f3gica, segura e de f\u00e1cil instala\u00e7\u00e3o.","breadcrumb":{"@id":"https:\/\/mhinteriores.pt\/loja\/produto\/lareira-a-bioetanol-bx-180-premium\/#breadcrumb"},"inLanguage":"pt-PT","potentialAction":[{"@type":"ReadAction","target":["https:\/\/mhinteriores.pt\/loja\/produto\/lareira-a-bioetanol-bx-180-premium\/"]}]},{"@type":"ImageObject","inLanguage":"pt-PT","@id":"https:\/\/mhinteriores.pt\/loja\/produto\/lareira-a-bioetanol-bx-180-premium\/#primaryimage","url":"https:\/\/mhinteriores.pt\/loja\/wp-content\/uploads\/2025\/10\/Lareira-a-Bioetanol-BX-180-Premium-3.webp","contentUrl":"https:\/\/mhinteriores.pt\/loja\/wp-content\/uploads\/2025\/10\/Lareira-a-Bioetanol-BX-180-Premium-3.webp","width":500,"height":500,"caption":"Lareira a Bioetanol BX 180 Premium"},{"@type":"BreadcrumbList","@id":"https:\/\/mhinteriores.pt\/loja\/produto\/lareira-a-bioetanol-bx-180-premium\/#breadcrumb","itemListElement":[{"@type":"ListItem","position":1,"name":"In\u00edcio","item":"https:\/\/mhinteriores.pt\/loja\/"},{"@type":"ListItem","position":2,"name":"Loja","item":"https:\/\/mhinteriores.pt\/loja\/loja\/"},{"@type":"ListItem","position":3,"name":"Lareira a Bioetanol BX 180 Premium &#8211; MH Interiores"}]},{"@type":"WebSite","@id":"https:\/\/mhinteriores.pt\/loja\/#website","url":"https:\/\/mhinteriores.pt\/loja\/","name":"Loja de Decora\u00e7\u00e3o - MH Interiores","description":"MH Interiores","publisher":{"@id":"https:\/\/mhinteriores.pt\/loja\/#organization"},"potentialAction":[{"@type":"SearchAction","target":{"@type":"EntryPoint","urlTemplate":"https:\/\/mhinteriores.pt\/loja\/?s={search_term_string}"},"query-input":{"@type":"PropertyValueSpecification","valueRequired":true,"valueName":"search_term_string"}}],"inLanguage":"pt-PT"},{"@type":"Organization","@id":"https:\/\/mhinteriores.pt\/loja\/#organization","name":"Loja de Decora\u00e7\u00e3o - MH Interiores","url":"https:\/\/mhinteriores.pt\/loja\/","logo":{"@type":"ImageObject","inLanguage":"pt-PT","@id":"https:\/\/mhinteriores.pt\/loja\/#\/schema\/logo\/image\/","url":"https:\/\/mhinteriores.pt\/loja\/wp-content\/uploads\/2024\/12\/cropped-MH-Interiores.png","contentUrl":"https:\/\/mhinteriores.pt\/loja\/wp-content\/uploads\/2024\/12\/cropped-MH-Interiores.png","width":512,"height":512,"caption":"Loja de Decora\u00e7\u00e3o - MH Interiores"},"image":{"@id":"https:\/\/mhinteriores.pt\/loja\/#\/schema\/logo\/image\/"}}]}},"_links":{"self":[{"href":"https:\/\/mhinteriores.pt\/loja\/wp-json\/wp\/v2\/product\/5366","targetHints":{"allow":["GET"]}}],"collection":[{"href":"https:\/\/mhinteriores.pt\/loja\/wp-json\/wp\/v2\/product"}],"about":[{"href":"https:\/\/mhinteriores.pt\/loja\/wp-json\/wp\/v2\/types\/product"}],"replies":[{"embeddable":true,"href":"https:\/\/mhinteriores.pt\/loja\/wp-json\/wp\/v2\/comments?post=5366"}],"version-history":[{"count":2,"href":"https:\/\/mhinteriores.pt\/loja\/wp-json\/wp\/v2\/product\/5366\/revisions"}],"predecessor-version":[{"id":5372,"href":"https:\/\/mhinteriores.pt\/loja\/wp-json\/wp\/v2\/product\/5366\/revisions\/5372"}],"wp:featuredmedia":[{"embeddable":true,"href":"https:\/\/mhinteriores.pt\/loja\/wp-json\/wp\/v2\/media\/5368"}],"wp:attachment":[{"href":"https:\/\/mhinteriores.pt\/loja\/wp-json\/wp\/v2\/media?parent=5366"}],"wp:term":[{"taxonomy":"product_cat","embeddable":true,"href":"https:\/\/mhinteriores.pt\/loja\/wp-json\/wp\/v2\/product_cat?post=5366"},{"taxonomy":"product_tag","embeddable":true,"href":"https:\/\/mhinteriores.pt\/loja\/wp-json\/wp\/v2\/product_tag?post=5366"}],"curies":[{"name":"wp","href":"https:\/\/api.w.org\/{rel}","templated":true}]}}